{"id":678418,"date":"2024-10-13T21:30:57","date_gmt":"2024-10-13T19:30:57","guid":{"rendered":"https:\/\/streetmarkets.fr\/app\/produit\/pull-camionneur-vert-deau\/"},"modified":"2026-05-03T04:31:01","modified_gmt":"2026-05-03T02:31:01","slug":"pull-camionneur-vert-deau","status":"publish","type":"product","link":"https:\/\/streetmarkets.fr\/app\/produit\/pull-camionneur-vert-deau\/","title":{"rendered":"Pull camionneur vert d&#8217;eau"},"content":{"rendered":"<p><span>Notre pull camionneur en laine est la pi\u00e8ce la plus polyvalente de la collection. Le confort est assur\u00e9 par sa doublure faite de jersey de coton. Optez pour ce coloris unique qui ajoutera une touche d&#8217;originalit\u00e9 \u00e0 votre tenue.<\/span><\/p>\n<p><\/p>\n","protected":false},"excerpt":{"rendered":"<p>Notre pull camionneur en laine est la pi\u00e8ce la plus polyvalente de la collection. Le confort est assur\u00e9 par sa doublure faite de jersey de coton. Optez pour ce coloris unique qui ajoutera une touche d&#8217;originalit\u00e9 \u00e0 votre tenue.<\/p>\n","protected":false},"featured_media":678419,"comment_status":"open","ping_status":"closed","template":"","meta":[],"product_brand":[],"product_cat":[1756,1762],"product_tag":[1810],"acf":[],"_links":{"self":[{"href":"https:\/\/streetmarkets.fr\/app\/wp-json\/wp\/v2\/product\/678418"}],"collection":[{"href":"https:\/\/streetmarkets.fr\/app\/wp-json\/wp\/v2\/product"}],"about":[{"href":"https:\/\/streetmarkets.fr\/app\/wp-json\/wp\/v2\/types\/product"}],"replies":[{"embeddable":true,"href":"https:\/\/streetmarkets.fr\/app\/wp-json\/wp\/v2\/comments?post=678418"}],"wp:featuredmedia":[{"embeddable":true,"href":"https:\/\/streetmarkets.fr\/app\/wp-json\/wp\/v2\/media\/678419"}],"wp:attachment":[{"href":"https:\/\/streetmarkets.fr\/app\/wp-json\/wp\/v2\/media?parent=678418"}],"wp:term":[{"taxonomy":"product_brand","embeddable":true,"href":"https:\/\/streetmarkets.fr\/app\/wp-json\/wp\/v2\/product_brand?post=678418"},{"taxonomy":"product_cat","embeddable":true,"href":"https:\/\/streetmarkets.fr\/app\/wp-json\/wp\/v2\/product_cat?post=678418"},{"taxonomy":"product_tag","embeddable":true,"href":"https:\/\/streetmarkets.fr\/app\/wp-json\/wp\/v2\/product_tag?post=678418"}],"curies":[{"name":"wp","href":"https:\/\/api.w.org\/{rel}","templated":true}]}}