{"id":678371,"date":"2024-10-13T21:30:55","date_gmt":"2024-10-13T19:30:55","guid":{"rendered":"https:\/\/streetmarkets.fr\/app\/produit\/chemise-en-flanelle-ecru\/"},"modified":"2026-05-15T04:31:20","modified_gmt":"2026-05-15T02:31:20","slug":"chemise-en-flanelle-ecru","status":"publish","type":"product","link":"https:\/\/streetmarkets.fr\/app\/produit\/chemise-en-flanelle-ecru\/","title":{"rendered":"Chemise en flanelle \u00e9cru"},"content":{"rendered":"<p><span>La chemise en flanelle, un incontournable du vestiaire en p\u00e9riode d&#8217;hiver. Un col classique et des boutons en corne pour le c\u00f4t\u00e9 chic, des \u00e9l\u00e9ments de surpiqures contrast\u00e9es pour l&#8217;originalit\u00e9. Elle poss\u00e8de \u00e9galement une poche plaqu\u00e9e sur le devant pour le c\u00f4t\u00e9 pratique. Portez-la avec un pantalon en velours c\u00f4tel\u00e9, carton plein assur\u00e9 !<\/span><\/p>\n","protected":false},"excerpt":{"rendered":"<p>La chemise en flanelle, un incontournable du vestiaire en p\u00e9riode d&#8217;hiver. Un col classique et des boutons en corne pour le c\u00f4t\u00e9 chic, des \u00e9l\u00e9ments de surpiqures contrast\u00e9es pour l&#8217;originalit\u00e9. Elle poss\u00e8de \u00e9galement une poche plaqu\u00e9e sur le devant pour le c\u00f4t\u00e9 pratique. Portez-la avec un pantalon en velours c\u00f4tel\u00e9, carton plein assur\u00e9 !<\/p>\n","protected":false},"featured_media":678372,"comment_status":"open","ping_status":"closed","template":"","meta":[],"product_brand":[],"product_cat":[1756,1762],"product_tag":[1810],"acf":[],"_links":{"self":[{"href":"https:\/\/streetmarkets.fr\/app\/wp-json\/wp\/v2\/product\/678371"}],"collection":[{"href":"https:\/\/streetmarkets.fr\/app\/wp-json\/wp\/v2\/product"}],"about":[{"href":"https:\/\/streetmarkets.fr\/app\/wp-json\/wp\/v2\/types\/product"}],"replies":[{"embeddable":true,"href":"https:\/\/streetmarkets.fr\/app\/wp-json\/wp\/v2\/comments?post=678371"}],"wp:featuredmedia":[{"embeddable":true,"href":"https:\/\/streetmarkets.fr\/app\/wp-json\/wp\/v2\/media\/678372"}],"wp:attachment":[{"href":"https:\/\/streetmarkets.fr\/app\/wp-json\/wp\/v2\/media?parent=678371"}],"wp:term":[{"taxonomy":"product_brand","embeddable":true,"href":"https:\/\/streetmarkets.fr\/app\/wp-json\/wp\/v2\/product_brand?post=678371"},{"taxonomy":"product_cat","embeddable":true,"href":"https:\/\/streetmarkets.fr\/app\/wp-json\/wp\/v2\/product_cat?post=678371"},{"taxonomy":"product_tag","embeddable":true,"href":"https:\/\/streetmarkets.fr\/app\/wp-json\/wp\/v2\/product_tag?post=678371"}],"curies":[{"name":"wp","href":"https:\/\/api.w.org\/{rel}","templated":true}]}}