{"id":678332,"date":"2024-10-13T21:30:53","date_gmt":"2024-10-13T19:30:53","guid":{"rendered":"https:\/\/streetmarkets.fr\/app\/produit\/surchemise-carreaux\/"},"modified":"2026-05-03T04:31:00","modified_gmt":"2026-05-03T02:31:00","slug":"surchemise-carreaux","status":"publish","type":"product","link":"https:\/\/streetmarkets.fr\/app\/produit\/surchemise-carreaux\/","title":{"rendered":"Surchemise carreaux"},"content":{"rendered":"<p><span>D\u00e9couvrez notre surchemise, <\/span><span>la<\/span><span> pi\u00e8ce polyvalente qui capture \u00e0 merveille l&#8217;atmosph\u00e8re chaleureuse de l&#8217;hiver. Fabriqu\u00e9e \u00e0 partir de laine de m\u00e9rinos \u00e0 100% en tant que mati\u00e8re principale, elle offre une douceur exceptionnelle et une chaleur naturelle. La mati\u00e8re secondaire, \u00e9galement en laine \u00e0 100%, ajoute une subtile texture et une dimension suppl\u00e9mentaire<\/span><\/p>\n","protected":false},"excerpt":{"rendered":"<p>D\u00e9couvrez notre surchemise, la pi\u00e8ce polyvalente qui capture \u00e0 merveille l&#8217;atmosph\u00e8re chaleureuse de l&#8217;hiver. Fabriqu\u00e9e \u00e0 partir de laine de m\u00e9rinos \u00e0 100% en tant que mati\u00e8re principale, elle offre une douceur exceptionnelle et une chaleur naturelle. La mati\u00e8re secondaire, \u00e9galement en laine \u00e0 100%, ajoute une subtile texture et une dimension suppl\u00e9mentaire<\/p>\n","protected":false},"featured_media":678333,"comment_status":"open","ping_status":"closed","template":"","meta":[],"product_brand":[],"product_cat":[1756,1762],"product_tag":[1810],"acf":[],"_links":{"self":[{"href":"https:\/\/streetmarkets.fr\/app\/wp-json\/wp\/v2\/product\/678332"}],"collection":[{"href":"https:\/\/streetmarkets.fr\/app\/wp-json\/wp\/v2\/product"}],"about":[{"href":"https:\/\/streetmarkets.fr\/app\/wp-json\/wp\/v2\/types\/product"}],"replies":[{"embeddable":true,"href":"https:\/\/streetmarkets.fr\/app\/wp-json\/wp\/v2\/comments?post=678332"}],"wp:featuredmedia":[{"embeddable":true,"href":"https:\/\/streetmarkets.fr\/app\/wp-json\/wp\/v2\/media\/678333"}],"wp:attachment":[{"href":"https:\/\/streetmarkets.fr\/app\/wp-json\/wp\/v2\/media?parent=678332"}],"wp:term":[{"taxonomy":"product_brand","embeddable":true,"href":"https:\/\/streetmarkets.fr\/app\/wp-json\/wp\/v2\/product_brand?post=678332"},{"taxonomy":"product_cat","embeddable":true,"href":"https:\/\/streetmarkets.fr\/app\/wp-json\/wp\/v2\/product_cat?post=678332"},{"taxonomy":"product_tag","embeddable":true,"href":"https:\/\/streetmarkets.fr\/app\/wp-json\/wp\/v2\/product_tag?post=678332"}],"curies":[{"name":"wp","href":"https:\/\/api.w.org\/{rel}","templated":true}]}}