{"id":678323,"date":"2024-10-13T21:30:53","date_gmt":"2024-10-13T19:30:53","guid":{"rendered":"https:\/\/streetmarkets.fr\/app\/produit\/surchemise-velours-beige\/"},"modified":"2026-05-15T04:31:19","modified_gmt":"2026-05-15T02:31:19","slug":"surchemise-velours-beige","status":"publish","type":"product","link":"https:\/\/streetmarkets.fr\/app\/produit\/surchemise-velours-beige\/","title":{"rendered":"Surchemise velours beige"},"content":{"rendered":"<p><span data-mce-fragment=\"1\">La surchemise revient cette saison dans un velours c\u00f4tel\u00e9. Vous vous sentirez \u00e0 l&#8217;aise en toute circonstance gr\u00e2ce \u00e0 sa coupe droite. Sa couleur sombre et neutre vous permettra de l&#8217;accorder facilement avec les pi\u00e8ces de votre buanderie.\u00a0 Associez-la avec notre pantalon en velours c\u00f4tel\u00e9 anthracite pour un total look tendance.<\/span><\/p>\n","protected":false},"excerpt":{"rendered":"<p>La surchemise revient cette saison dans un velours c\u00f4tel\u00e9. Vous vous sentirez \u00e0 l&#8217;aise en toute circonstance gr\u00e2ce \u00e0 sa coupe droite. Sa couleur sombre et neutre vous permettra de l&#8217;accorder facilement avec les pi\u00e8ces de votre buanderie.\u00a0 Associez-la avec notre pantalon en velours c\u00f4tel\u00e9 anthracite pour un total look tendance.<\/p>\n","protected":false},"featured_media":678324,"comment_status":"open","ping_status":"closed","template":"","meta":[],"product_brand":[],"product_cat":[1756,1762],"product_tag":[1810],"acf":[],"_links":{"self":[{"href":"https:\/\/streetmarkets.fr\/app\/wp-json\/wp\/v2\/product\/678323"}],"collection":[{"href":"https:\/\/streetmarkets.fr\/app\/wp-json\/wp\/v2\/product"}],"about":[{"href":"https:\/\/streetmarkets.fr\/app\/wp-json\/wp\/v2\/types\/product"}],"replies":[{"embeddable":true,"href":"https:\/\/streetmarkets.fr\/app\/wp-json\/wp\/v2\/comments?post=678323"}],"wp:featuredmedia":[{"embeddable":true,"href":"https:\/\/streetmarkets.fr\/app\/wp-json\/wp\/v2\/media\/678324"}],"wp:attachment":[{"href":"https:\/\/streetmarkets.fr\/app\/wp-json\/wp\/v2\/media?parent=678323"}],"wp:term":[{"taxonomy":"product_brand","embeddable":true,"href":"https:\/\/streetmarkets.fr\/app\/wp-json\/wp\/v2\/product_brand?post=678323"},{"taxonomy":"product_cat","embeddable":true,"href":"https:\/\/streetmarkets.fr\/app\/wp-json\/wp\/v2\/product_cat?post=678323"},{"taxonomy":"product_tag","embeddable":true,"href":"https:\/\/streetmarkets.fr\/app\/wp-json\/wp\/v2\/product_tag?post=678323"}],"curies":[{"name":"wp","href":"https:\/\/api.w.org\/{rel}","templated":true}]}}