{"id":677039,"date":"2024-10-13T19:13:21","date_gmt":"2024-10-13T17:13:21","guid":{"rendered":"https:\/\/streetmarkets.fr\/app\/produit\/bracelet-honorine\/"},"modified":"2026-05-09T01:49:41","modified_gmt":"2026-05-08T23:49:41","slug":"bracelet-honorine","status":"publish","type":"product","link":"https:\/\/streetmarkets.fr\/app\/produit\/bracelet-honorine\/","title":{"rendered":"Bracelet &#8211; Honorine"},"content":{"rendered":"<p><span data-mce-fragment=\"1\">D\u00e9couvrez ce joli bracelet Honorine,\u00a0unique parmi nos collections avec son fermoir en T distinctif. <\/span><\/p>\n<p><span data-mce-fragment=\"1\">Sa cha\u00eene torsad\u00e9e lui conf\u00e8re un \u00e9clat brillant et original, le tout confectionn\u00e9 en plaqu\u00e9 or 3 microns. Son caract\u00e8re intemporel en fait l&#8217;accessoire parfait pour sublimer toutes vos sorties.<\/span><\/p>\n<p><strong>Ce mod\u00e8le vous pla\u00eet, mais n&#8217;est plus disponible ? Contactez-nous \u00e0 bonjour@nadyut.com pour le pr\u00e9commander ! Vous le recevrez entre 1 et 2 semaines.<\/strong><\/p>\n","protected":false},"excerpt":{"rendered":"<p>D\u00e9couvrez ce joli bracelet Honorine,\u00a0unique parmi nos collections avec son fermoir en T distinctif. Sa cha\u00eene torsad\u00e9e lui conf\u00e8re un \u00e9clat brillant et original, le tout confectionn\u00e9 en plaqu\u00e9 or 3 microns. Son caract\u00e8re intemporel en fait l&#8217;accessoire parfait pour sublimer toutes vos sorties. Ce mod\u00e8le vous pla\u00eet, mais n&#8217;est plus disponible ? Contactez-nous \u00e0 [&hellip;]<\/p>\n","protected":false},"featured_media":677040,"comment_status":"open","ping_status":"closed","template":"","meta":[],"product_brand":[],"product_cat":[1807,1756],"product_tag":[2244],"acf":[],"_links":{"self":[{"href":"https:\/\/streetmarkets.fr\/app\/wp-json\/wp\/v2\/product\/677039"}],"collection":[{"href":"https:\/\/streetmarkets.fr\/app\/wp-json\/wp\/v2\/product"}],"about":[{"href":"https:\/\/streetmarkets.fr\/app\/wp-json\/wp\/v2\/types\/product"}],"replies":[{"embeddable":true,"href":"https:\/\/streetmarkets.fr\/app\/wp-json\/wp\/v2\/comments?post=677039"}],"wp:featuredmedia":[{"embeddable":true,"href":"https:\/\/streetmarkets.fr\/app\/wp-json\/wp\/v2\/media\/677040"}],"wp:attachment":[{"href":"https:\/\/streetmarkets.fr\/app\/wp-json\/wp\/v2\/media?parent=677039"}],"wp:term":[{"taxonomy":"product_brand","embeddable":true,"href":"https:\/\/streetmarkets.fr\/app\/wp-json\/wp\/v2\/product_brand?post=677039"},{"taxonomy":"product_cat","embeddable":true,"href":"https:\/\/streetmarkets.fr\/app\/wp-json\/wp\/v2\/product_cat?post=677039"},{"taxonomy":"product_tag","embeddable":true,"href":"https:\/\/streetmarkets.fr\/app\/wp-json\/wp\/v2\/product_tag?post=677039"}],"curies":[{"name":"wp","href":"https:\/\/api.w.org\/{rel}","templated":true}]}}