{"id":676905,"date":"2024-10-13T19:13:02","date_gmt":"2024-10-13T17:13:02","guid":{"rendered":"https:\/\/streetmarkets.fr\/app\/produit\/pins-junk-food\/"},"modified":"2026-05-11T01:49:30","modified_gmt":"2026-05-10T23:49:30","slug":"pins-junk-food","status":"publish","type":"product","link":"https:\/\/streetmarkets.fr\/app\/produit\/pins-junk-food\/","title":{"rendered":"Pin&#8217;s &#8211; Junk Food"},"content":{"rendered":"<p><span style=\"font-size: 0.875rem\">Apportez une touche de fantaisie \u00e0 votre tenue avec ces pin&#8217;s Junk Food, une cr\u00e9ation pleine de charme qui \u00e9voque la joie de se faire plaisir sans complexe.<\/span><\/p>\n<div class=\"prdescription\" style=\"text-align: left\">\n<div class=\"prdescription\">\n<div class=\"prdescription\">\n<p><span>Parfait pour ajouter une note d&#8217;originalit\u00e9 \u00e0 vos accessoires avec ce pin&#8217;s unique.<\/span><\/p>\n<\/div>\n<\/div>\n<\/div>\n","protected":false},"excerpt":{"rendered":"<p>Apportez une touche de fantaisie \u00e0 votre tenue avec ces pin&#8217;s Junk Food, une cr\u00e9ation pleine de charme qui \u00e9voque la joie de se faire plaisir sans complexe. Parfait pour ajouter une note d&#8217;originalit\u00e9 \u00e0 vos accessoires avec ce pin&#8217;s unique.<\/p>\n","protected":false},"featured_media":676906,"comment_status":"open","ping_status":"closed","template":"","meta":[],"product_brand":[],"product_cat":[1756,1764],"product_tag":[2244],"acf":[],"_links":{"self":[{"href":"https:\/\/streetmarkets.fr\/app\/wp-json\/wp\/v2\/product\/676905"}],"collection":[{"href":"https:\/\/streetmarkets.fr\/app\/wp-json\/wp\/v2\/product"}],"about":[{"href":"https:\/\/streetmarkets.fr\/app\/wp-json\/wp\/v2\/types\/product"}],"replies":[{"embeddable":true,"href":"https:\/\/streetmarkets.fr\/app\/wp-json\/wp\/v2\/comments?post=676905"}],"wp:featuredmedia":[{"embeddable":true,"href":"https:\/\/streetmarkets.fr\/app\/wp-json\/wp\/v2\/media\/676906"}],"wp:attachment":[{"href":"https:\/\/streetmarkets.fr\/app\/wp-json\/wp\/v2\/media?parent=676905"}],"wp:term":[{"taxonomy":"product_brand","embeddable":true,"href":"https:\/\/streetmarkets.fr\/app\/wp-json\/wp\/v2\/product_brand?post=676905"},{"taxonomy":"product_cat","embeddable":true,"href":"https:\/\/streetmarkets.fr\/app\/wp-json\/wp\/v2\/product_cat?post=676905"},{"taxonomy":"product_tag","embeddable":true,"href":"https:\/\/streetmarkets.fr\/app\/wp-json\/wp\/v2\/product_tag?post=676905"}],"curies":[{"name":"wp","href":"https:\/\/api.w.org\/{rel}","templated":true}]}}