{"id":676800,"date":"2024-10-13T19:12:43","date_gmt":"2024-10-13T17:12:43","guid":{"rendered":"https:\/\/streetmarkets.fr\/app\/produit\/collier-selena\/"},"modified":"2026-05-11T01:49:30","modified_gmt":"2026-05-10T23:49:30","slug":"collier-selena","status":"publish","type":"product","link":"https:\/\/streetmarkets.fr\/app\/produit\/collier-selena\/","title":{"rendered":"Collier &#8211; Selena"},"content":{"rendered":"<p><span data-mce-fragment=\"1\">D\u00e9couvrez ce joli collier Selena,<span>\u00a0l&#8217;incarnation parfaite de l&#8217;\u00e9t\u00e9 !<\/span><\/span><\/p>\n<p><span data-mce-fragment=\"1\">Sa cha\u00eene torsad\u00e9e lui conf\u00e8re un \u00e9clat brillant et original, le tout confectionn\u00e9 en plaqu\u00e9 or 3 microns. Son caract\u00e8re intemporel en fait l&#8217;accessoire parfait pour sublimer toutes vos sorties.<\/span><\/p>\n<div>\n<p><strong>Ce mod\u00e8<\/strong><strong>le vous pla\u00eet, mais n&#8217;est plus disponible ? Contactez-nous \u00e0 bonjour@nadyut.com pour le pr\u00e9commander ! Vous le recevrez entre 1 et 2 semaines.<\/strong><\/p>\n<\/div>\n","protected":false},"excerpt":{"rendered":"<p>D\u00e9couvrez ce joli collier Selena,\u00a0l&#8217;incarnation parfaite de l&#8217;\u00e9t\u00e9 ! Sa cha\u00eene torsad\u00e9e lui conf\u00e8re un \u00e9clat brillant et original, le tout confectionn\u00e9 en plaqu\u00e9 or 3 microns. Son caract\u00e8re intemporel en fait l&#8217;accessoire parfait pour sublimer toutes vos sorties. Ce mod\u00e8le vous pla\u00eet, mais n&#8217;est plus disponible ? Contactez-nous \u00e0 bonjour@nadyut.com pour le pr\u00e9commander ! [&hellip;]<\/p>\n","protected":false},"featured_media":676801,"comment_status":"open","ping_status":"closed","template":"","meta":[],"product_brand":[],"product_cat":[1807,1756],"product_tag":[2244],"acf":[],"_links":{"self":[{"href":"https:\/\/streetmarkets.fr\/app\/wp-json\/wp\/v2\/product\/676800"}],"collection":[{"href":"https:\/\/streetmarkets.fr\/app\/wp-json\/wp\/v2\/product"}],"about":[{"href":"https:\/\/streetmarkets.fr\/app\/wp-json\/wp\/v2\/types\/product"}],"replies":[{"embeddable":true,"href":"https:\/\/streetmarkets.fr\/app\/wp-json\/wp\/v2\/comments?post=676800"}],"wp:featuredmedia":[{"embeddable":true,"href":"https:\/\/streetmarkets.fr\/app\/wp-json\/wp\/v2\/media\/676801"}],"wp:attachment":[{"href":"https:\/\/streetmarkets.fr\/app\/wp-json\/wp\/v2\/media?parent=676800"}],"wp:term":[{"taxonomy":"product_brand","embeddable":true,"href":"https:\/\/streetmarkets.fr\/app\/wp-json\/wp\/v2\/product_brand?post=676800"},{"taxonomy":"product_cat","embeddable":true,"href":"https:\/\/streetmarkets.fr\/app\/wp-json\/wp\/v2\/product_cat?post=676800"},{"taxonomy":"product_tag","embeddable":true,"href":"https:\/\/streetmarkets.fr\/app\/wp-json\/wp\/v2\/product_tag?post=676800"}],"curies":[{"name":"wp","href":"https:\/\/api.w.org\/{rel}","templated":true}]}}