{"id":676652,"date":"2024-10-13T19:12:23","date_gmt":"2024-10-13T17:12:23","guid":{"rendered":"https:\/\/streetmarkets.fr\/app\/produit\/boucles-doreilles-roma-cendre\/"},"modified":"2026-05-07T01:49:34","modified_gmt":"2026-05-06T23:49:34","slug":"boucles-doreilles-roma-cendre","status":"publish","type":"product","link":"https:\/\/streetmarkets.fr\/app\/produit\/boucles-doreilles-roma-cendre\/","title":{"rendered":"Boucles d&#8217;oreilles &#8211; Roma Cendr\u00e9"},"content":{"rendered":"<div class=\"flex-1 overflow-hidden\">\n<div class=\"react-scroll-to-bottom--css-qnpua-79elbk h-full\">\n<div class=\"react-scroll-to-bottom--css-qnpua-1n7m0yu\">\n<div class=\"flex flex-col pb-9 text-sm\">\n<div data-testid=\"conversation-turn-42\" class=\"w-full text-token-text-primary\">\n<div class=\"px-4 py-2 justify-center text-base md:gap-6 m-auto\">\n<div class=\"flex flex-1 text-base mx-auto gap-3 md:px-5 lg:px-1 xl:px-5 md:max-w-3xl lg:max-w-[40rem] xl:max-w-[48rem] } group final-completion\">\n<div class=\"relative flex w-full flex-col lg:w-[calc(100%-115px)] agent-turn\">\n<div class=\"flex-col gap-1 md:gap-3\">\n<div class=\"flex flex-grow flex-col max-w-full\">\n<div class=\"min-h-[20px] text-message flex flex-col items-start gap-3 whitespace-pre-wrap break-words [.text-message+&amp;]:mt-5 overflow-x-auto\" data-message-id=\"ca0a818d-3ee3-484c-95e2-a67028613a05\" data-message-author-role=\"assistant\">\n<div class=\"markdown prose w-full break-words dark:prose-invert light\">\n<p><span>D\u00e9couvrez-les cr\u00e9oles Roma Cendr\u00e9 en ac\u00e9tate, revisit\u00e9 dans une teinte automnale. Un subtil m\u00e9lange de gris et de beige, l\u00e9g\u00e8rement transparent, parfait pour compl\u00e9ter vos tenues plus sombres. <\/span><\/p>\n<p><span>Ces \u00e9l\u00e9gantes boucles joliment tress\u00e9es sont confectionn\u00e9es avec soin dans un petit atelier italien. <\/span><span>Un accessoire parfait pour ajouter une touche de sophistication \u00e0 n&#8217;importe quelle tenue.<\/span><\/p>\n<pre dir=\"ltr\" data-placeholder=\"Traduction\" class=\"tw-data-text tw-text-large XcVN5d tw-ta\"><span lang=\"fr\"><\/span><\/pre>\n<p><strong>Ce mod\u00e8<\/strong><strong>le vous pla\u00eet, mais n&#8217;est plus disponible ? Contactez-nous \u00e0 bonjour@nadyut.com pour le pr\u00e9commander ! Vous le recevrez entre 1 et 2 semaines.<\/strong><\/p>\n<\/div>\n<\/div>\n<\/div>\n<\/div>\n<\/div>\n<\/div>\n<\/div>\n<\/div>\n<\/div>\n<\/div>\n<\/div>\n<\/div>\n","protected":false},"excerpt":{"rendered":"<p>D\u00e9couvrez-les cr\u00e9oles Roma Cendr\u00e9 en ac\u00e9tate, revisit\u00e9 dans une teinte automnale. Un subtil m\u00e9lange de gris et de beige, l\u00e9g\u00e8rement transparent, parfait pour compl\u00e9ter vos tenues plus sombres. Ces \u00e9l\u00e9gantes boucles joliment tress\u00e9es sont confectionn\u00e9es avec soin dans un petit atelier italien. Un accessoire parfait pour ajouter une touche de sophistication \u00e0 n&#8217;importe quelle tenue. [&hellip;]<\/p>\n","protected":false},"featured_media":676653,"comment_status":"open","ping_status":"closed","template":"","meta":[],"product_brand":[],"product_cat":[1807,1756],"product_tag":[2244],"acf":[],"_links":{"self":[{"href":"https:\/\/streetmarkets.fr\/app\/wp-json\/wp\/v2\/product\/676652"}],"collection":[{"href":"https:\/\/streetmarkets.fr\/app\/wp-json\/wp\/v2\/product"}],"about":[{"href":"https:\/\/streetmarkets.fr\/app\/wp-json\/wp\/v2\/types\/product"}],"replies":[{"embeddable":true,"href":"https:\/\/streetmarkets.fr\/app\/wp-json\/wp\/v2\/comments?post=676652"}],"wp:featuredmedia":[{"embeddable":true,"href":"https:\/\/streetmarkets.fr\/app\/wp-json\/wp\/v2\/media\/676653"}],"wp:attachment":[{"href":"https:\/\/streetmarkets.fr\/app\/wp-json\/wp\/v2\/media?parent=676652"}],"wp:term":[{"taxonomy":"product_brand","embeddable":true,"href":"https:\/\/streetmarkets.fr\/app\/wp-json\/wp\/v2\/product_brand?post=676652"},{"taxonomy":"product_cat","embeddable":true,"href":"https:\/\/streetmarkets.fr\/app\/wp-json\/wp\/v2\/product_cat?post=676652"},{"taxonomy":"product_tag","embeddable":true,"href":"https:\/\/streetmarkets.fr\/app\/wp-json\/wp\/v2\/product_tag?post=676652"}],"curies":[{"name":"wp","href":"https:\/\/api.w.org\/{rel}","templated":true}]}}