{"id":676479,"date":"2024-10-13T19:12:03","date_gmt":"2024-10-13T17:12:03","guid":{"rendered":"https:\/\/streetmarkets.fr\/app\/produit\/boucles-doreilles-marguerite\/"},"modified":"2026-05-09T01:49:29","modified_gmt":"2026-05-08T23:49:29","slug":"boucles-doreilles-marguerite","status":"publish","type":"product","link":"https:\/\/streetmarkets.fr\/app\/produit\/boucles-doreilles-marguerite\/","title":{"rendered":"Boucles d&#8217;oreilles Marguerite"},"content":{"rendered":"<p><span>D\u00e9couvrez les boucles d&#8217;oreilles Marguerite par la marque fran\u00e7aise Waekura. Tombez sous le charme de sa forme en marguerite ajoutant une \u00e9l\u00e9gance florale, en plaqu\u00e9 or 3 microns.<\/span><\/p>\n<p><span>Un accessoire parfait pour ajouter une touche de sophistication \u00e0 n&#8217;importe quelle tenue.<\/span><\/p>\n<pre class=\"tw-data-text tw-text-large XcVN5d tw-ta\" data-placeholder=\"Traduction\" dir=\"ltr\"><span lang=\"fr\"><\/span><\/pre>\n<p><strong>Ce mod\u00e8<\/strong><strong>le vous pla\u00eet, mais n&#8217;est plus disponible ? Contactez-nous \u00e0 bonjour@nadyut.com pour le pr\u00e9commander ! Vous le recevrez entre 1 et 2 semaines.<\/strong><\/p>\n","protected":false},"excerpt":{"rendered":"<p>D\u00e9couvrez les boucles d&#8217;oreilles Marguerite par la marque fran\u00e7aise Waekura. Tombez sous le charme de sa forme en marguerite ajoutant une \u00e9l\u00e9gance florale, en plaqu\u00e9 or 3 microns. Un accessoire parfait pour ajouter une touche de sophistication \u00e0 n&#8217;importe quelle tenue. Ce mod\u00e8le vous pla\u00eet, mais n&#8217;est plus disponible ? Contactez-nous \u00e0 bonjour@nadyut.com pour le [&hellip;]<\/p>\n","protected":false},"featured_media":676480,"comment_status":"open","ping_status":"closed","template":"","meta":[],"product_brand":[],"product_cat":[1807,1756],"product_tag":[2244],"acf":[],"_links":{"self":[{"href":"https:\/\/streetmarkets.fr\/app\/wp-json\/wp\/v2\/product\/676479"}],"collection":[{"href":"https:\/\/streetmarkets.fr\/app\/wp-json\/wp\/v2\/product"}],"about":[{"href":"https:\/\/streetmarkets.fr\/app\/wp-json\/wp\/v2\/types\/product"}],"replies":[{"embeddable":true,"href":"https:\/\/streetmarkets.fr\/app\/wp-json\/wp\/v2\/comments?post=676479"}],"wp:featuredmedia":[{"embeddable":true,"href":"https:\/\/streetmarkets.fr\/app\/wp-json\/wp\/v2\/media\/676480"}],"wp:attachment":[{"href":"https:\/\/streetmarkets.fr\/app\/wp-json\/wp\/v2\/media?parent=676479"}],"wp:term":[{"taxonomy":"product_brand","embeddable":true,"href":"https:\/\/streetmarkets.fr\/app\/wp-json\/wp\/v2\/product_brand?post=676479"},{"taxonomy":"product_cat","embeddable":true,"href":"https:\/\/streetmarkets.fr\/app\/wp-json\/wp\/v2\/product_cat?post=676479"},{"taxonomy":"product_tag","embeddable":true,"href":"https:\/\/streetmarkets.fr\/app\/wp-json\/wp\/v2\/product_tag?post=676479"}],"curies":[{"name":"wp","href":"https:\/\/api.w.org\/{rel}","templated":true}]}}