{"id":676448,"date":"2024-10-13T19:12:01","date_gmt":"2024-10-13T17:12:01","guid":{"rendered":"https:\/\/streetmarkets.fr\/app\/produit\/jonc-bouddhiste-dore-tresse\/"},"modified":"2026-05-09T01:49:29","modified_gmt":"2026-05-08T23:49:29","slug":"jonc-bouddhiste-dore-tresse","status":"publish","type":"product","link":"https:\/\/streetmarkets.fr\/app\/produit\/jonc-bouddhiste-dore-tresse\/","title":{"rendered":"Jonc Bouddhiste &#8211; Dor\u00e9 Tress\u00e9"},"content":{"rendered":"<p><span data-mce-fragment=\"1\">Donnez une touche de paix et de s\u00e9r\u00e9nit\u00e9 \u00e0 votre style avec c<\/span>es bracelets bouddhistes traditionnels. <span style=\"font-family: -apple-system, BlinkMacSystemFont, 'San Francisco', 'Segoe UI', Roboto, 'Helvetica Neue', sans-serif;font-size: 0.875rem\">Impr\u00e9gn\u00e9s de b\u00e9n\u00e9dictions dans les temples par les moines, ces talismans apportent une aura de protection et de bienveillance \u00e0 celui qui les porte.<\/span><\/p>\n<p><span data-mce-fragment=\"1\">Traditionnellement offerts \u00e0 sa famille et ses amis, ces bracelets spirituels <\/span>symbolisent la chance, la r\u00e9ussite, la fortune et la protection.<\/p>\n<p>Ces bracelets sont port\u00e9s en nombre impair pour maximiser leurs effets b\u00e9n\u00e9fiques.<\/p>\n<p>Souples, l\u00e9gers et remplis de feuilles d&#8217;or, ils sont r\u00e9sistants \u00e0 l&#8217;eau, aux frottements et ne produisent aucun bruit.<\/p>\n","protected":false},"excerpt":{"rendered":"<p>Donnez une touche de paix et de s\u00e9r\u00e9nit\u00e9 \u00e0 votre style avec ces bracelets bouddhistes traditionnels. Impr\u00e9gn\u00e9s de b\u00e9n\u00e9dictions dans les temples par les moines, ces talismans apportent une aura de protection et de bienveillance \u00e0 celui qui les porte. Traditionnellement offerts \u00e0 sa famille et ses amis, ces bracelets spirituels symbolisent la chance, la [&hellip;]<\/p>\n","protected":false},"featured_media":676449,"comment_status":"open","ping_status":"closed","template":"","meta":[],"product_brand":[],"product_cat":[1807,1756],"product_tag":[2244],"acf":[],"_links":{"self":[{"href":"https:\/\/streetmarkets.fr\/app\/wp-json\/wp\/v2\/product\/676448"}],"collection":[{"href":"https:\/\/streetmarkets.fr\/app\/wp-json\/wp\/v2\/product"}],"about":[{"href":"https:\/\/streetmarkets.fr\/app\/wp-json\/wp\/v2\/types\/product"}],"replies":[{"embeddable":true,"href":"https:\/\/streetmarkets.fr\/app\/wp-json\/wp\/v2\/comments?post=676448"}],"wp:featuredmedia":[{"embeddable":true,"href":"https:\/\/streetmarkets.fr\/app\/wp-json\/wp\/v2\/media\/676449"}],"wp:attachment":[{"href":"https:\/\/streetmarkets.fr\/app\/wp-json\/wp\/v2\/media?parent=676448"}],"wp:term":[{"taxonomy":"product_brand","embeddable":true,"href":"https:\/\/streetmarkets.fr\/app\/wp-json\/wp\/v2\/product_brand?post=676448"},{"taxonomy":"product_cat","embeddable":true,"href":"https:\/\/streetmarkets.fr\/app\/wp-json\/wp\/v2\/product_cat?post=676448"},{"taxonomy":"product_tag","embeddable":true,"href":"https:\/\/streetmarkets.fr\/app\/wp-json\/wp\/v2\/product_tag?post=676448"}],"curies":[{"name":"wp","href":"https:\/\/api.w.org\/{rel}","templated":true}]}}