{"id":676391,"date":"2024-10-13T19:11:45","date_gmt":"2024-10-13T17:11:45","guid":{"rendered":"https:\/\/streetmarkets.fr\/app\/produit\/collier-lettre-k-mini\/"},"modified":"2026-05-02T01:49:33","modified_gmt":"2026-05-01T23:49:33","slug":"collier-lettre-k-mini","status":"publish","type":"product","link":"https:\/\/streetmarkets.fr\/app\/produit\/collier-lettre-k-mini\/","title":{"rendered":"Collier Lettre &#8211; K Mini"},"content":{"rendered":"<p><span style=\"font-family: -apple-system, BlinkMacSystemFont, 'San Francisco', 'Segoe UI', Roboto, 'Helvetica Neue', sans-serif;font-size: 0.875rem\">De A au Z, chaque lettre<span data-mce-fragment=\"1\">\u00a0raconte une histoire, une \u00e2me. T<\/span>rouvez alors votre initial pr\u00e9f\u00e9r\u00e9 pour\u00a0<span data-mce-fragment=\"1\">une touche de personnalit\u00e9 \u00e0 chaque tenue\u00a0<\/span>!<\/span><\/p>\n<p>Mini et\u00a0l\u00e9ger\u00a0\u00e0 porter, les mini lettres sont con\u00e7ues pour faire sensation malgr\u00e9 leur petite taille. Alliant modernit\u00e9 et r\u00e9tro, chaque lettre \u00e9tincelante\u00a0suspendue dans un encadr\u00e9\u00a0octogone, ajoutant une touche unique \u00e0 votre style.<\/p>\n<p><span>Fabriqu\u00e9es en argent sterling \u00e0 18 carats, elles se distinguent par leur artisanat d\u00e9taill\u00e9, avec des zircones de qualit\u00e9 sup\u00e9rieure encadr\u00e9es dans des dents plaqu\u00e9es de rhodium, offrant une brillance uniforme. <\/span><\/p>\n<p><span>Le concept &#8220;moins c&#8217;est plus&#8221; est \u00e0 son apog\u00e9e, faisant les colliers\u00a0PD PAOLA\u00a0un ajout pr\u00e9cieux \u00e0 toute tenue.<\/span><\/p>\n<p><strong>Votre lettre n&#8217;est pas disponible sur le site ? Contactez-nous \u00e0\u00a0bonjour@nadyut.com, nous la recevrons en moins d&#8217;une semaine !\u00a0<\/strong><\/p>\n","protected":false},"excerpt":{"rendered":"<p>De A au Z, chaque lettre\u00a0raconte une histoire, une \u00e2me. Trouvez alors votre initial pr\u00e9f\u00e9r\u00e9 pour\u00a0une touche de personnalit\u00e9 \u00e0 chaque tenue\u00a0! Mini et\u00a0l\u00e9ger\u00a0\u00e0 porter, les mini lettres sont con\u00e7ues pour faire sensation malgr\u00e9 leur petite taille. Alliant modernit\u00e9 et r\u00e9tro, chaque lettre \u00e9tincelante\u00a0suspendue dans un encadr\u00e9\u00a0octogone, ajoutant une touche unique \u00e0 votre style. Fabriqu\u00e9es [&hellip;]<\/p>\n","protected":false},"featured_media":676392,"comment_status":"open","ping_status":"closed","template":"","meta":[],"product_brand":[],"product_cat":[1807,1756],"product_tag":[2244],"acf":[],"_links":{"self":[{"href":"https:\/\/streetmarkets.fr\/app\/wp-json\/wp\/v2\/product\/676391"}],"collection":[{"href":"https:\/\/streetmarkets.fr\/app\/wp-json\/wp\/v2\/product"}],"about":[{"href":"https:\/\/streetmarkets.fr\/app\/wp-json\/wp\/v2\/types\/product"}],"replies":[{"embeddable":true,"href":"https:\/\/streetmarkets.fr\/app\/wp-json\/wp\/v2\/comments?post=676391"}],"wp:featuredmedia":[{"embeddable":true,"href":"https:\/\/streetmarkets.fr\/app\/wp-json\/wp\/v2\/media\/676392"}],"wp:attachment":[{"href":"https:\/\/streetmarkets.fr\/app\/wp-json\/wp\/v2\/media?parent=676391"}],"wp:term":[{"taxonomy":"product_brand","embeddable":true,"href":"https:\/\/streetmarkets.fr\/app\/wp-json\/wp\/v2\/product_brand?post=676391"},{"taxonomy":"product_cat","embeddable":true,"href":"https:\/\/streetmarkets.fr\/app\/wp-json\/wp\/v2\/product_cat?post=676391"},{"taxonomy":"product_tag","embeddable":true,"href":"https:\/\/streetmarkets.fr\/app\/wp-json\/wp\/v2\/product_tag?post=676391"}],"curies":[{"name":"wp","href":"https:\/\/api.w.org\/{rel}","templated":true}]}}