{"id":676189,"date":"2024-10-13T19:11:24","date_gmt":"2024-10-13T17:11:24","guid":{"rendered":"https:\/\/streetmarkets.fr\/app\/produit\/collier-lettres-t\/"},"modified":"2026-05-02T01:49:32","modified_gmt":"2026-05-01T23:49:32","slug":"collier-lettres-t","status":"publish","type":"product","link":"https:\/\/streetmarkets.fr\/app\/produit\/collier-lettres-t\/","title":{"rendered":"Collier Lettres &#8211; T"},"content":{"rendered":"<p>La force d\u2019un nom ne conna\u00eet pas de fronti\u00e8res. Un nom comporte une v\u00e9rit\u00e9, il raconte une histoire. Avec l\u2019amour propre en constant \u00e9tat d\u2019esprit, cette collection encadre la singularit\u00e9 et c\u00e9l\u00e8bre la confiance dans un nouveau sc\u00e9nario de design.<\/p>\n<p>En retrouvant l\u2019esprit des ann\u00e9es 90 et en apportant une nouvelle tournure \u00e0 leur belle nostalgie, des lettres flottantes s\u2019\u00e9l\u00e8vent en tant que symbole personnel d\u00e9finitif : une nouvelle r\u00e9alit\u00e9 na\u00eet d\u2019un bijou qui s\u2019approprie votre v\u00e9ritable essence et qui prononce votre nom \u00e0 haute voix.<\/p>\n<p><strong>Votre lettre n&#8217;est pas disponible sur le site ? Contactez-nous \u00e0 bonjour@nadyut.com, nous la recevrons en moins d&#8217;une semaine !\u00a0<\/strong><\/p>\n<p><\/p>\n","protected":false},"excerpt":{"rendered":"<p>La force d\u2019un nom ne conna\u00eet pas de fronti\u00e8res. Un nom comporte une v\u00e9rit\u00e9, il raconte une histoire. Avec l\u2019amour propre en constant \u00e9tat d\u2019esprit, cette collection encadre la singularit\u00e9 et c\u00e9l\u00e8bre la confiance dans un nouveau sc\u00e9nario de design. En retrouvant l\u2019esprit des ann\u00e9es 90 et en apportant une nouvelle tournure \u00e0 leur belle [&hellip;]<\/p>\n","protected":false},"featured_media":676190,"comment_status":"open","ping_status":"closed","template":"","meta":[],"product_brand":[],"product_cat":[1807,1756],"product_tag":[2244],"acf":[],"_links":{"self":[{"href":"https:\/\/streetmarkets.fr\/app\/wp-json\/wp\/v2\/product\/676189"}],"collection":[{"href":"https:\/\/streetmarkets.fr\/app\/wp-json\/wp\/v2\/product"}],"about":[{"href":"https:\/\/streetmarkets.fr\/app\/wp-json\/wp\/v2\/types\/product"}],"replies":[{"embeddable":true,"href":"https:\/\/streetmarkets.fr\/app\/wp-json\/wp\/v2\/comments?post=676189"}],"wp:featuredmedia":[{"embeddable":true,"href":"https:\/\/streetmarkets.fr\/app\/wp-json\/wp\/v2\/media\/676190"}],"wp:attachment":[{"href":"https:\/\/streetmarkets.fr\/app\/wp-json\/wp\/v2\/media?parent=676189"}],"wp:term":[{"taxonomy":"product_brand","embeddable":true,"href":"https:\/\/streetmarkets.fr\/app\/wp-json\/wp\/v2\/product_brand?post=676189"},{"taxonomy":"product_cat","embeddable":true,"href":"https:\/\/streetmarkets.fr\/app\/wp-json\/wp\/v2\/product_cat?post=676189"},{"taxonomy":"product_tag","embeddable":true,"href":"https:\/\/streetmarkets.fr\/app\/wp-json\/wp\/v2\/product_tag?post=676189"}],"curies":[{"name":"wp","href":"https:\/\/api.w.org\/{rel}","templated":true}]}}