{"id":675863,"date":"2024-10-13T19:10:45","date_gmt":"2024-10-13T17:10:45","guid":{"rendered":"https:\/\/streetmarkets.fr\/app\/produit\/bague-motion-duo-gold\/"},"modified":"2026-05-02T01:49:32","modified_gmt":"2026-05-01T23:49:32","slug":"bague-motion-duo-gold","status":"publish","type":"product","link":"https:\/\/streetmarkets.fr\/app\/produit\/bague-motion-duo-gold\/","title":{"rendered":"Bague &#8211; Motion Duo Gold"},"content":{"rendered":"<p>La bague Motion Duo Gold est issue de la collection Liquid Dance qui c\u00e9l\u00e8bre la nature essentielle de la vie : le changement constant. Les mod\u00e8les suivent un motif de vague \u00e9voquant la danse magique de l\u2019eau dans un oc\u00e9an qui n&#8217;est jamais immobile.\u00a0<\/p>\n","protected":false},"excerpt":{"rendered":"<p>La bague Motion Duo Gold est issue de la collection Liquid Dance qui c\u00e9l\u00e8bre la nature essentielle de la vie : le changement constant. Les mod\u00e8les suivent un motif de vague \u00e9voquant la danse magique de l\u2019eau dans un oc\u00e9an qui n&#8217;est jamais immobile.\u00a0<\/p>\n","protected":false},"featured_media":675864,"comment_status":"open","ping_status":"closed","template":"","meta":[],"product_brand":[],"product_cat":[1807,1756],"product_tag":[2244],"acf":[],"_links":{"self":[{"href":"https:\/\/streetmarkets.fr\/app\/wp-json\/wp\/v2\/product\/675863"}],"collection":[{"href":"https:\/\/streetmarkets.fr\/app\/wp-json\/wp\/v2\/product"}],"about":[{"href":"https:\/\/streetmarkets.fr\/app\/wp-json\/wp\/v2\/types\/product"}],"replies":[{"embeddable":true,"href":"https:\/\/streetmarkets.fr\/app\/wp-json\/wp\/v2\/comments?post=675863"}],"wp:featuredmedia":[{"embeddable":true,"href":"https:\/\/streetmarkets.fr\/app\/wp-json\/wp\/v2\/media\/675864"}],"wp:attachment":[{"href":"https:\/\/streetmarkets.fr\/app\/wp-json\/wp\/v2\/media?parent=675863"}],"wp:term":[{"taxonomy":"product_brand","embeddable":true,"href":"https:\/\/streetmarkets.fr\/app\/wp-json\/wp\/v2\/product_brand?post=675863"},{"taxonomy":"product_cat","embeddable":true,"href":"https:\/\/streetmarkets.fr\/app\/wp-json\/wp\/v2\/product_cat?post=675863"},{"taxonomy":"product_tag","embeddable":true,"href":"https:\/\/streetmarkets.fr\/app\/wp-json\/wp\/v2\/product_tag?post=675863"}],"curies":[{"name":"wp","href":"https:\/\/api.w.org\/{rel}","templated":true}]}}