{"id":675792,"date":"2024-10-13T19:10:42","date_gmt":"2024-10-13T17:10:42","guid":{"rendered":"https:\/\/streetmarkets.fr\/app\/produit\/pins-taureau\/"},"modified":"2026-05-09T01:49:27","modified_gmt":"2026-05-08T23:49:27","slug":"pins-taureau","status":"publish","type":"product","link":"https:\/\/streetmarkets.fr\/app\/produit\/pins-taureau\/","title":{"rendered":"Pin&#8217;s &#8211; Taureau"},"content":{"rendered":"<div class=\"prdescription\" style=\"text-align: left\" data-mce-style=\"text-align: left;\">\n<div class=\"prdescription\">\n<div class=\"prdescription\">\n<div class=\"Polaris-Popover__ContentContainer\" data-mce-fragment=\"1\">\n<div id=\":r2k4:\" class=\"Polaris-Popover__Content Polaris-Popover__Content--fluidContent\" data-mce-fragment=\"1\">\n<div class=\"Polaris-Popover__Pane Polaris-Scrollable Polaris-Scrollable--vertical Polaris-Scrollable--horizontal\" data-polaris-scrollable=\"true\" data-mce-fragment=\"1\">\n<div class=\"_PopoverContainer_1o103_1\" data-mce-fragment=\"1\">\n<div class=\"Polaris-Popover__Pane Polaris-Scrollable Polaris-Scrollable--vertical Polaris-Scrollable--horizontal\" data-polaris-scrollable=\"true\" data-mce-fragment=\"1\">\n<div class=\"_Container_1kcqz_1\" data-mce-fragment=\"1\">\n<div class=\"_Vertical_1kcqz_9\" data-mce-fragment=\"1\">\n<div class=\"_VerticalLayout_tmqkl_40\" data-mce-fragment=\"1\">\n<div class=\"_OutputSection_tmqkl_1\" data-mce-fragment=\"1\">\n<div class=\"_ContentWrapper_tmqkl_19\" data-mce-fragment=\"1\">\n<div class=\"_Content_tmqkl_19 _VerticalContent_tmqkl_45 Polaris-Scrollable Polaris-Scrollable--vertical Polaris-Scrollable--horizontal\" data-polaris-scrollable=\"true\" data-mce-fragment=\"1\">\n<div class=\"Polaris-Box\" data-mce-fragment=\"1\">\n<div class=\"Polaris-InlineStack\" data-mce-fragment=\"1\">\n<div class=\"_TextOutput_zc9gg_1\" data-mce-fragment=\"1\">\n<div class=\"_PlainText_zc9gg_26 _Vertical_zc9gg_21\" data-mce-fragment=\"1\">\n<div class=\"Polaris-Popover__ContentContainer\">\n<div class=\"Polaris-Popover__Content Polaris-Popover__Content--fluidContent\" id=\":r6e:\">\n<div data-polaris-scrollable=\"true\" class=\"Polaris-Popover__Pane Polaris-Scrollable Polaris-Scrollable--vertical Polaris-Scrollable--horizontal\">\n<div class=\"_PopoverContainer_1o103_1\">\n<div data-polaris-scrollable=\"true\" class=\"Polaris-Popover__Pane Polaris-Scrollable Polaris-Scrollable--vertical Polaris-Scrollable--horizontal\">\n<div class=\"_Container_1kcqz_1\">\n<div class=\"_Vertical_1kcqz_9\">\n<div class=\"_VerticalLayout_tmqkl_40\">\n<div class=\"_OutputSection_tmqkl_1\">\n<div class=\"_ContentWrapper_tmqkl_19\">\n<div data-polaris-scrollable=\"true\" class=\"_Content_tmqkl_19 _VerticalContent_tmqkl_45 Polaris-Scrollable Polaris-Scrollable--vertical Polaris-Scrollable--horizontal\">\n<div class=\"Polaris-Box\">\n<div class=\"Polaris-InlineStack\">\n<div class=\"_TextOutput_zc9gg_1\">\n<div class=\"_PlainText_zc9gg_26 _Vertical_zc9gg_21\">\n<div class=\"flex-1 overflow-hidden\">\n<div class=\"react-scroll-to-bottom--css-egyol-79elbk h-full\">\n<div class=\"react-scroll-to-bottom--css-egyol-1n7m0yu\">\n<div>\n<div class=\"flex flex-col text-sm pb-9\">\n<div class=\"w-full text-token-text-primary\" dir=\"auto\" data-testid=\"conversation-turn-57\">\n<div class=\"px-4 py-2 justify-center text-base md:gap-6 m-auto\">\n<div class=\"flex flex-1 text-base mx-auto gap-3 juice:gap-4 juice:md:gap-6 md:px-5 lg:px-1 xl:px-5 md:max-w-3xl lg:max-w-[40rem] xl:max-w-[48rem]\">\n<div class=\"relative flex w-full flex-col agent-turn\">\n<div class=\"flex-col gap-1 md:gap-3\">\n<div class=\"flex flex-grow flex-col max-w-full\">\n<div data-message-author-role=\"assistant\" data-message-id=\"986ad649-42e8-4611-8b24-48a76f64600b\" dir=\"auto\" class=\"min-h-[20px] text-message flex flex-col items-start gap-3 whitespace-pre-wrap break-words [.text-message+&amp;]:mt-5 overflow-x-auto\">\n<div class=\"markdown prose w-full break-words dark:prose-invert dark\">\n<p>Ajoutez une touche de fantaisie \u00e0 votre style avec ce pin&#8217;s repr\u00e9sentant le signe du Taureau.<\/p>\n<p>Con\u00e7u avec soin et agr\u00e9ment\u00e9 de d\u00e9tails d\u00e9licats, cet accessoire astrologique \u00e9voque avec \u00e9l\u00e9gance le charme caract\u00e9ristique de ce signe.<\/p>\n<\/div>\n<\/div>\n<\/div>\n<\/div>\n<\/div>\n<\/div>\n<\/div>\n<\/div>\n<\/div>\n<\/div>\n<\/div>\n<\/div>\n<\/div>\n<p class=\"Polaris-Text--root Polaris-Text--bodyMd\"><span style=\"font-size: 0.875rem\" data-mce-style=\"font-size: 0.875rem;\">Parfait pour ajouter une note d&#8217;originalit\u00e9 \u00e0 vos accessoires avec ce pin&#8217;s unique.<\/span><\/p>\n<\/div>\n<\/div>\n<\/div>\n<\/div>\n<\/div>\n<\/div>\n<\/div>\n<\/div>\n<\/div>\n<\/div>\n<\/div>\n<\/div>\n<\/div>\n<\/div>\n<\/div>\n<\/div>\n<\/div>\n<\/div>\n<\/div>\n<\/div>\n<\/div>\n<\/div>\n<\/div>\n<\/div>\n<\/div>\n<\/div>\n<\/div>\n<\/div>\n<\/div>\n<\/div>\n<\/div>\n<\/div>\n<\/div>\n","protected":false},"excerpt":{"rendered":"<p>Ajoutez une touche de fantaisie \u00e0 votre style avec ce pin&#8217;s repr\u00e9sentant le signe du Taureau. Con\u00e7u avec soin et agr\u00e9ment\u00e9 de d\u00e9tails d\u00e9licats, cet accessoire astrologique \u00e9voque avec \u00e9l\u00e9gance le charme caract\u00e9ristique de ce signe. Parfait pour ajouter une note d&#8217;originalit\u00e9 \u00e0 vos accessoires avec ce pin&#8217;s unique.<\/p>\n","protected":false},"featured_media":675793,"comment_status":"open","ping_status":"closed","template":"","meta":[],"product_brand":[],"product_cat":[1756,1764],"product_tag":[2244],"acf":[],"_links":{"self":[{"href":"https:\/\/streetmarkets.fr\/app\/wp-json\/wp\/v2\/product\/675792"}],"collection":[{"href":"https:\/\/streetmarkets.fr\/app\/wp-json\/wp\/v2\/product"}],"about":[{"href":"https:\/\/streetmarkets.fr\/app\/wp-json\/wp\/v2\/types\/product"}],"replies":[{"embeddable":true,"href":"https:\/\/streetmarkets.fr\/app\/wp-json\/wp\/v2\/comments?post=675792"}],"wp:featuredmedia":[{"embeddable":true,"href":"https:\/\/streetmarkets.fr\/app\/wp-json\/wp\/v2\/media\/675793"}],"wp:attachment":[{"href":"https:\/\/streetmarkets.fr\/app\/wp-json\/wp\/v2\/media?parent=675792"}],"wp:term":[{"taxonomy":"product_brand","embeddable":true,"href":"https:\/\/streetmarkets.fr\/app\/wp-json\/wp\/v2\/product_brand?post=675792"},{"taxonomy":"product_cat","embeddable":true,"href":"https:\/\/streetmarkets.fr\/app\/wp-json\/wp\/v2\/product_cat?post=675792"},{"taxonomy":"product_tag","embeddable":true,"href":"https:\/\/streetmarkets.fr\/app\/wp-json\/wp\/v2\/product_tag?post=675792"}],"curies":[{"name":"wp","href":"https:\/\/api.w.org\/{rel}","templated":true}]}}