{"id":672641,"date":"2024-10-13T18:47:02","date_gmt":"2024-10-13T16:47:02","guid":{"rendered":"https:\/\/streetmarkets.fr\/app\/produit\/le-beret-francais-classique\/"},"modified":"2024-10-13T18:47:02","modified_gmt":"2024-10-13T16:47:02","slug":"le-beret-francais-classique","status":"publish","type":"product","link":"https:\/\/streetmarkets.fr\/app\/produit\/le-beret-francais-classique\/","title":{"rendered":"Le Beret Fran\u00e7ais classique"},"content":{"rendered":"<p>Offrez-lui l\u2019original B\u00e9ret Fran\u00e7ais du sud de la France. 100% en laine m\u00e9rinos, c\u2019est le b\u00e9ret id\u00e9al pour s\u2019adapter \u00e0 toutes vos tenues, toute l\u2019ann\u00e9e.<\/p>\n<h3>Le b\u00e9ret Fran\u00e7ais original en laine m\u00e9rinos<\/h3>\n<p>Le b\u00e9ret en laine m\u00e9rinos est le symbole du patrimoine Fran\u00e7ais ! Sa simplicit\u00e9 permet d\u2019accompagner toutes les tenues, des plus classique, aux plus tendances ! Fabriqu\u00e9 \u00e0 Bayonne, la capitale du b\u00e9ret du sud est de la France, il est le fruit d\u2019un savoir-faire inscrit au patrimoine Fran\u00e7ais. Ainsi la marque \u00ab Le B\u00e9ret Fran\u00e7ais \u00bb a re\u00e7u le label Entreprise du Patrimoine Vivant (EPV).<\/p>\n<h3>Focus sur le B\u00e9ret Fran\u00e7ais Classique de Bayonne<\/h3>\n<p>Ce b\u00e9ret est fabriqu\u00e9 enti\u00e8rement laine m\u00e9rinos, et il est produit en France \u00e0 Bayonne. D\u2019une taille unique et d\u2019un diam\u00e8tre de 28 cm et il est l\u00e9g\u00e8rement \u00e9lastique pour convenir \u00e0 toutes les t\u00eates. Disponible dans de nombreuses couleurs, le b\u00e9ret classique va \u00e9gailler toutes vos tenues et ce, toute l\u2019ann\u00e9e !<\/p>\n","protected":false},"excerpt":{"rendered":"<p>Offrez-lui l\u2019original B\u00e9ret Fran\u00e7ais du sud de la France. 100% en laine m\u00e9rinos, c\u2019est le b\u00e9ret id\u00e9al pour s\u2019adapter \u00e0 toutes vos tenues, toute l\u2019ann\u00e9e. Le b\u00e9ret Fran\u00e7ais original en laine m\u00e9rinos Le b\u00e9ret en laine m\u00e9rinos est le symbole du patrimoine Fran\u00e7ais ! Sa simplicit\u00e9 permet d\u2019accompagner toutes les tenues, des plus classique, aux [&hellip;]<\/p>\n","protected":false},"featured_media":672642,"comment_status":"open","ping_status":"closed","template":"","meta":[],"product_brand":[],"product_cat":[1756],"product_tag":[],"acf":[],"_links":{"self":[{"href":"https:\/\/streetmarkets.fr\/app\/wp-json\/wp\/v2\/product\/672641"}],"collection":[{"href":"https:\/\/streetmarkets.fr\/app\/wp-json\/wp\/v2\/product"}],"about":[{"href":"https:\/\/streetmarkets.fr\/app\/wp-json\/wp\/v2\/types\/product"}],"replies":[{"embeddable":true,"href":"https:\/\/streetmarkets.fr\/app\/wp-json\/wp\/v2\/comments?post=672641"}],"wp:featuredmedia":[{"embeddable":true,"href":"https:\/\/streetmarkets.fr\/app\/wp-json\/wp\/v2\/media\/672642"}],"wp:attachment":[{"href":"https:\/\/streetmarkets.fr\/app\/wp-json\/wp\/v2\/media?parent=672641"}],"wp:term":[{"taxonomy":"product_brand","embeddable":true,"href":"https:\/\/streetmarkets.fr\/app\/wp-json\/wp\/v2\/product_brand?post=672641"},{"taxonomy":"product_cat","embeddable":true,"href":"https:\/\/streetmarkets.fr\/app\/wp-json\/wp\/v2\/product_cat?post=672641"},{"taxonomy":"product_tag","embeddable":true,"href":"https:\/\/streetmarkets.fr\/app\/wp-json\/wp\/v2\/product_tag?post=672641"}],"curies":[{"name":"wp","href":"https:\/\/api.w.org\/{rel}","templated":true}]}}