{"id":672578,"date":"2024-10-13T18:47:00","date_gmt":"2024-10-13T16:47:00","guid":{"rendered":"https:\/\/streetmarkets.fr\/app\/produit\/lunettes-okkia-monica-ok014\/"},"modified":"2024-10-14T01:46:01","modified_gmt":"2024-10-13T23:46:01","slug":"lunettes-okkia-monica-ok014","status":"publish","type":"product","link":"https:\/\/streetmarkets.fr\/app\/produit\/lunettes-okkia-monica-ok014\/","title":{"rendered":"LUNETTES OKKIA MONICA &#8211; OK014"},"content":{"rendered":"<p>Avec Monica, vous allez donner un c\u00f4t\u00e9 vintage votre look ! Ces lunettes de soleil rondes sont revisit\u00e9es pour les femmes qui aiment l\u2019intemporel et la mode.<\/p>\n<h3>Les Lunettes \u00ab So Round \u00bb qui vont marquer les esprits !<\/h3>\n<p>Si vous aimez la mode, et que vous recherchez les formes rondes et color\u00e9es pour votre visage, alors OKKIA a cr\u00e9\u00e9 pour vous les lunettes de soleil MONICA. Ce mod\u00e8le de lunette de soleil se caract\u00e9rise par son look \u00ab XXL Friendly \u00bb qui va vous donner un c\u00f4t\u00e9 Vintage revisit\u00e9.<\/p>\n<h3>Tout Savoir sur Monica, les lunettes Femme Rondes et Vintage<\/h3>\n<p>Disponible dans 4 finitions sur You &amp; Me Paris, Monica est la paire de lunettes aux formes rondes qui vont vous donner un c\u00f4t\u00e9 vintage et intemporel \u00e0 votre visage. Les lignes et les branches fines sont r\u00e9alis\u00e9es dans des mat\u00e9riaux extr\u00eamement doux au toucher. Un mod\u00e8le qui vous s\u00e9duira avec ses couleurs d\u00e9cal\u00e9es et enveloppantes.<br \/>\u00a0<br \/>Couleur du cadre : 4 couleurs au choix<br \/>Couleur des verres : Noir ou d\u00e9grad\u00e9 de Bleu selon mod\u00e8le<br \/>\u00a0<br \/>Cette paire de Lunette Monica est conforme aux normes europ\u00e9ennes relatives aux lunettes de Cat\u00e9gorie filtre lumi\u00e8re 3 (transmission 8%-18%) avec protection UV 400.<br \/>\u00a0<br \/>NETTOYAGE : Utilisez un chiffon humide et un produit nettoyant ordinaire neutre et s\u00e9chez avec un chiffon doux et propre. \u00c9vitez d\u2019utiliser des solvants.<\/p>\n","protected":false},"excerpt":{"rendered":"<p>Avec Monica, vous allez donner un c\u00f4t\u00e9 vintage votre look ! Ces lunettes de soleil rondes sont revisit\u00e9es pour les femmes qui aiment l\u2019intemporel et la mode. Les Lunettes \u00ab So Round \u00bb qui vont marquer les esprits ! Si vous aimez la mode, et que vous recherchez les formes rondes et color\u00e9es pour votre [&hellip;]<\/p>\n","protected":false},"featured_media":672579,"comment_status":"open","ping_status":"closed","template":"","meta":[],"product_brand":[],"product_cat":[1756],"product_tag":[],"acf":[],"_links":{"self":[{"href":"https:\/\/streetmarkets.fr\/app\/wp-json\/wp\/v2\/product\/672578"}],"collection":[{"href":"https:\/\/streetmarkets.fr\/app\/wp-json\/wp\/v2\/product"}],"about":[{"href":"https:\/\/streetmarkets.fr\/app\/wp-json\/wp\/v2\/types\/product"}],"replies":[{"embeddable":true,"href":"https:\/\/streetmarkets.fr\/app\/wp-json\/wp\/v2\/comments?post=672578"}],"wp:featuredmedia":[{"embeddable":true,"href":"https:\/\/streetmarkets.fr\/app\/wp-json\/wp\/v2\/media\/672579"}],"wp:attachment":[{"href":"https:\/\/streetmarkets.fr\/app\/wp-json\/wp\/v2\/media?parent=672578"}],"wp:term":[{"taxonomy":"product_brand","embeddable":true,"href":"https:\/\/streetmarkets.fr\/app\/wp-json\/wp\/v2\/product_brand?post=672578"},{"taxonomy":"product_cat","embeddable":true,"href":"https:\/\/streetmarkets.fr\/app\/wp-json\/wp\/v2\/product_cat?post=672578"},{"taxonomy":"product_tag","embeddable":true,"href":"https:\/\/streetmarkets.fr\/app\/wp-json\/wp\/v2\/product_tag?post=672578"}],"curies":[{"name":"wp","href":"https:\/\/api.w.org\/{rel}","templated":true}]}}