{"id":672574,"date":"2024-10-13T18:46:59","date_gmt":"2024-10-13T16:46:59","guid":{"rendered":"https:\/\/streetmarkets.fr\/app\/produit\/chaussettes-flower-power-verte-many-mornings\/"},"modified":"2024-10-14T01:46:01","modified_gmt":"2024-10-13T23:46:01","slug":"chaussettes-flower-power-verte-many-mornings","status":"publish","type":"product","link":"https:\/\/streetmarkets.fr\/app\/produit\/chaussettes-flower-power-verte-many-mornings\/","title":{"rendered":"Chaussettes Flower Power Verte Many Mornings"},"content":{"rendered":"<p>Les chaussettes Many Morning font leurs effets avec ce bouquet de fleurs \u00e0 vos pieds. Un cadeau \u00e9coresponsable fleuri sur fil vert !<\/p>\n<h3><span style=\"color:#005376\">Flower Power en vert, c\u2019est la chaussette chic !<\/span><\/h3>\n<p>Avec Many Mornings, vous allez trouver la paire de chaussettes id\u00e9ales pour votre look ! Une fois ce bouquet de fleurs enfil\u00e9, vos chaussettes vont donner un look l\u00e9ger \u00e0 votre look. Ce m\u00e9lange de couleur et de rose est un vrai d\u00e9lice et met du piment dans la vie. \u00a0On l\u2019offre facilement \u00e0 ceux qu\u2019on aime. Avis aux botanistes !<\/p>\n<p><strong>3 paires de chaussettes achet\u00e9es = Le frais de port offer<\/strong>t<\/p>\n<h3>Tout savoir sur les chaussettes Flower Power verte de Many Morning<\/h3>\n<p>Motif \u00e0 fleurs <br \/>Couleurs Vert, rose et rouge<br \/>Disponible en trois tailles ; 35-38 \/ 39-42 \/ 43-46<br \/>Norme Oeko-Tex 100<br \/>Disponible dans toutes les bonnes boutiques qui aiment les chats !<\/p>\n<p><strong>Une paire de chaussettes \u00e9coresponsable et fleuris<\/strong><\/p>\n<p>\u00c9tiquettes sans plastique<br \/>Fils fabriqu\u00e9s \u00e0 proximit\u00e9 de l&#8217;usine de production de chaussettes (environ 10 km)<br \/>Pas de production de masse (uniquement ce qui est vendu). <\/p>\n<p>Les chaussettes Flower Power sont fabriqu\u00e9es en Europe !<\/p>\n","protected":false},"excerpt":{"rendered":"<p>Les chaussettes Many Morning font leurs effets avec ce bouquet de fleurs \u00e0 vos pieds. Un cadeau \u00e9coresponsable fleuri sur fil vert ! Flower Power en vert, c\u2019est la chaussette chic ! Avec Many Mornings, vous allez trouver la paire de chaussettes id\u00e9ales pour votre look ! Une fois ce bouquet de fleurs enfil\u00e9, vos [&hellip;]<\/p>\n","protected":false},"featured_media":672575,"comment_status":"open","ping_status":"closed","template":"","meta":[],"product_brand":[],"product_cat":[1756],"product_tag":[],"acf":[],"_links":{"self":[{"href":"https:\/\/streetmarkets.fr\/app\/wp-json\/wp\/v2\/product\/672574"}],"collection":[{"href":"https:\/\/streetmarkets.fr\/app\/wp-json\/wp\/v2\/product"}],"about":[{"href":"https:\/\/streetmarkets.fr\/app\/wp-json\/wp\/v2\/types\/product"}],"replies":[{"embeddable":true,"href":"https:\/\/streetmarkets.fr\/app\/wp-json\/wp\/v2\/comments?post=672574"}],"wp:featuredmedia":[{"embeddable":true,"href":"https:\/\/streetmarkets.fr\/app\/wp-json\/wp\/v2\/media\/672575"}],"wp:attachment":[{"href":"https:\/\/streetmarkets.fr\/app\/wp-json\/wp\/v2\/media?parent=672574"}],"wp:term":[{"taxonomy":"product_brand","embeddable":true,"href":"https:\/\/streetmarkets.fr\/app\/wp-json\/wp\/v2\/product_brand?post=672574"},{"taxonomy":"product_cat","embeddable":true,"href":"https:\/\/streetmarkets.fr\/app\/wp-json\/wp\/v2\/product_cat?post=672574"},{"taxonomy":"product_tag","embeddable":true,"href":"https:\/\/streetmarkets.fr\/app\/wp-json\/wp\/v2\/product_tag?post=672574"}],"curies":[{"name":"wp","href":"https:\/\/api.w.org\/{rel}","templated":true}]}}