{"id":672570,"date":"2024-10-13T18:46:59","date_gmt":"2024-10-13T16:46:59","guid":{"rendered":"https:\/\/streetmarkets.fr\/app\/produit\/chaussette-game-over-many-mornings\/"},"modified":"2024-10-14T01:46:01","modified_gmt":"2024-10-13T23:46:01","slug":"chaussette-game-over-many-mornings","status":"publish","type":"product","link":"https:\/\/streetmarkets.fr\/app\/produit\/chaussette-game-over-many-mornings\/","title":{"rendered":"Chaussette Game Over Many Mornings"},"content":{"rendered":"<p>Many Mornings rajeunit votre style avec cette paire de chaussettes Game Over. Chic et d\u00e9contract\u00e9, elles vont aller \u00e0 toutes vos tenues, m\u00eame en costumes.<\/p>\n<h3><span style=\"color:#005376\">Avec cette paire de chaussettes, on ne joue encore !<\/span><\/h3>\n<p>Avec Many Mornings, vous allez choisir la bonne paire de chaussettes qui va donner du style \u00e0 toutes vos tenues ! Des chaussettes d\u00e9pareill\u00e9es qui vont s\u00e9duire les fans de Pac-Man et des Inviders. Vous allez adorer cette \u00e9dition aux couleurs des plus c\u00e9l\u00e8bres jeux d\u2019arcade. Une paire de chaussettes eco-friendly fabriqu\u00e9e en coton bio.<\/p>\n<p><strong>3 paires de chaussettes achet\u00e9es = Frais de port offert<\/strong><\/p>\n<h3>Tout savoir sur les chaussettes Game Over de Many Mornings<\/h3>\n<p>Motifs : Jeux d\u2019arcade, Pac-Man et Inviders<br \/>Couleurs\u00a0: Noir<br \/>Disponible en trois tailles\u00a0; 35-38 \/ 39-42 \/ 43-46<br \/>Norme Oeko-Tex 100<br \/>Disponible chez tous les parcs de jeux !<\/p>\n<p><strong>Une paire de chaussettes \u00e9coresponsable<\/strong><\/p>\n<p>\u00c9tiquette sans plastique<br \/>Fils fabriqu\u00e9s \u00e0 proximit\u00e9 de l&#8217;usine de production de chaussettes (environ 10 km)<br \/>Pas de production de masse (uniquement ce qui est vendu). <br \/>\u00a0<br \/><strong>Les chaussettes Game Over<\/strong> sont fabriqu\u00e9es en Europe !<\/p>\n","protected":false},"excerpt":{"rendered":"<p>Many Mornings rajeunit votre style avec cette paire de chaussettes Game Over. Chic et d\u00e9contract\u00e9, elles vont aller \u00e0 toutes vos tenues, m\u00eame en costumes. Avec cette paire de chaussettes, on ne joue encore ! Avec Many Mornings, vous allez choisir la bonne paire de chaussettes qui va donner du style \u00e0 toutes vos tenues [&hellip;]<\/p>\n","protected":false},"featured_media":672571,"comment_status":"open","ping_status":"closed","template":"","meta":[],"product_brand":[],"product_cat":[1756],"product_tag":[],"acf":[],"_links":{"self":[{"href":"https:\/\/streetmarkets.fr\/app\/wp-json\/wp\/v2\/product\/672570"}],"collection":[{"href":"https:\/\/streetmarkets.fr\/app\/wp-json\/wp\/v2\/product"}],"about":[{"href":"https:\/\/streetmarkets.fr\/app\/wp-json\/wp\/v2\/types\/product"}],"replies":[{"embeddable":true,"href":"https:\/\/streetmarkets.fr\/app\/wp-json\/wp\/v2\/comments?post=672570"}],"wp:featuredmedia":[{"embeddable":true,"href":"https:\/\/streetmarkets.fr\/app\/wp-json\/wp\/v2\/media\/672571"}],"wp:attachment":[{"href":"https:\/\/streetmarkets.fr\/app\/wp-json\/wp\/v2\/media?parent=672570"}],"wp:term":[{"taxonomy":"product_brand","embeddable":true,"href":"https:\/\/streetmarkets.fr\/app\/wp-json\/wp\/v2\/product_brand?post=672570"},{"taxonomy":"product_cat","embeddable":true,"href":"https:\/\/streetmarkets.fr\/app\/wp-json\/wp\/v2\/product_cat?post=672570"},{"taxonomy":"product_tag","embeddable":true,"href":"https:\/\/streetmarkets.fr\/app\/wp-json\/wp\/v2\/product_tag?post=672570"}],"curies":[{"name":"wp","href":"https:\/\/api.w.org\/{rel}","templated":true}]}}