{"id":672554,"date":"2024-10-13T18:46:59","date_gmt":"2024-10-13T16:46:59","guid":{"rendered":"https:\/\/streetmarkets.fr\/app\/produit\/chaussette-bee-many-mornings\/"},"modified":"2024-10-14T01:46:01","modified_gmt":"2024-10-13T23:46:01","slug":"chaussette-bee-many-mornings","status":"publish","type":"product","link":"https:\/\/streetmarkets.fr\/app\/produit\/chaussette-bee-many-mornings\/","title":{"rendered":"Chaussette Bee Many Mornings"},"content":{"rendered":"<p>Many Mornings innove avec cette paire de chaussettes Bee. Des petites abeilles, toutes mignonnes, qui donneront un style d\u00e9contract\u00e9 \u00e0 vos tenues.<\/p>\n<h3><span style=\"color:#005376\">Des abeilles \u00e0 vos pieds, effet waouh garantit<\/span><\/h3>\n<p>Avec Many Mornings, vous allez choisir la paire de chaussettes qui vous ressemble ! Des chaussettes d\u00e9pareill\u00e9es o\u00f9 des petites abeilles \u00e0 droite accompagn\u00e9s d\u2019une belle gu\u00eapi\u00e8re sur la patte gauche, vont donner un look sympa et d\u00e9contract\u00e9 \u00e0 vos tenues. Vous allez adorer cette \u00e9dition au design color\u00e9 et l\u00e9ger. Une paire de chaussettes eco-friendly fabriqu\u00e9e en coton bio.<\/p>\n<p><strong>3 paires de chaussettes achet\u00e9es = Le frais de port offer<\/strong>t<\/p>\n<h3>Tout savoir sur les chaussettes Bee de Many Mornings<\/h3>\n<p>Motifs : Abeilles et Gu\u00eapi\u00e8res<br \/>Couleurs\u00a0: jaune, Bleu et Noir<br \/>Disponible en trois tailles\u00a0; 35-38 \/ 39-42 \/ 43-46<br \/>Norme Oeko-Tex 100<br \/>Disponible dans toutes les bonnes ruches !<\/p>\n<p><strong>Une paire de chaussettes \u00e9coresponsable<\/strong> et gourmande<\/p>\n<p>\u00c9tiquette sans plastique<br \/>Fils fabriqu\u00e9s \u00e0 proximit\u00e9 de l&#8217;usine de production de chaussettes (environ 10 km)<br \/>Pas de production de masse (uniquement ce qui est vendu). <br \/>\u00a0<br \/>Des chaussettes fabriqu\u00e9es en Europe\u00a0!<\/p>\n","protected":false},"excerpt":{"rendered":"<p>Many Mornings innove avec cette paire de chaussettes Bee. Des petites abeilles, toutes mignonnes, qui donneront un style d\u00e9contract\u00e9 \u00e0 vos tenues. Des abeilles \u00e0 vos pieds, effet waouh garantit Avec Many Mornings, vous allez choisir la paire de chaussettes qui vous ressemble ! Des chaussettes d\u00e9pareill\u00e9es o\u00f9 des petites abeilles \u00e0 droite accompagn\u00e9s d\u2019une [&hellip;]<\/p>\n","protected":false},"featured_media":672555,"comment_status":"open","ping_status":"closed","template":"","meta":[],"product_brand":[],"product_cat":[1756],"product_tag":[],"acf":[],"_links":{"self":[{"href":"https:\/\/streetmarkets.fr\/app\/wp-json\/wp\/v2\/product\/672554"}],"collection":[{"href":"https:\/\/streetmarkets.fr\/app\/wp-json\/wp\/v2\/product"}],"about":[{"href":"https:\/\/streetmarkets.fr\/app\/wp-json\/wp\/v2\/types\/product"}],"replies":[{"embeddable":true,"href":"https:\/\/streetmarkets.fr\/app\/wp-json\/wp\/v2\/comments?post=672554"}],"wp:featuredmedia":[{"embeddable":true,"href":"https:\/\/streetmarkets.fr\/app\/wp-json\/wp\/v2\/media\/672555"}],"wp:attachment":[{"href":"https:\/\/streetmarkets.fr\/app\/wp-json\/wp\/v2\/media?parent=672554"}],"wp:term":[{"taxonomy":"product_brand","embeddable":true,"href":"https:\/\/streetmarkets.fr\/app\/wp-json\/wp\/v2\/product_brand?post=672554"},{"taxonomy":"product_cat","embeddable":true,"href":"https:\/\/streetmarkets.fr\/app\/wp-json\/wp\/v2\/product_cat?post=672554"},{"taxonomy":"product_tag","embeddable":true,"href":"https:\/\/streetmarkets.fr\/app\/wp-json\/wp\/v2\/product_tag?post=672554"}],"curies":[{"name":"wp","href":"https:\/\/api.w.org\/{rel}","templated":true}]}}