{"id":672549,"date":"2024-10-13T18:46:59","date_gmt":"2024-10-13T16:46:59","guid":{"rendered":"https:\/\/streetmarkets.fr\/app\/produit\/chaussettes-cabernet-sauvignon-many-mornings\/"},"modified":"2024-10-14T01:46:01","modified_gmt":"2024-10-13T23:46:01","slug":"chaussettes-cabernet-sauvignon-many-mornings","status":"publish","type":"product","link":"https:\/\/streetmarkets.fr\/app\/produit\/chaussettes-cabernet-sauvignon-many-mornings\/","title":{"rendered":"Chaussettes Cabernet Sauvignon &#8211; Many Mornings"},"content":{"rendered":"<p>Many Morning frappe fort avec cette paire de chaussette cabernet sauvignon. Une fabrication \u00e9coresponsable destin\u00e9e aux amateurs de grands crus<\/p>\n<h3>Des grands crus enfin \u00e0 vos pieds<\/h3>\n<p>Avec Many Mornings, vous allez choisir la bonne paire de chaussettes qui vous ressemble ! Les amateurs de vins et de grands crus vont adorer cette \u00e9dition cabernet sauvignon. L\u2019univers du vin est d\u00e9crit avec finesse et tout y est : Bouteille, f\u00fbt, verre et tire-bouchon. Une paire de chaussettes faites pour les fans d\u2019\u0153nologie. Un beau mill\u00e9sime.<\/p>\n<p><strong>3 paires de chaussettes achet\u00e9es = Le frais de port offer<\/strong>t<\/p>\n<h3>Tout savoir sur les chaussettes Cabernet Sauvignon de Many Morning<\/h3>\n<p>Motifs sur la th\u00e9matique du monde du vin<br \/>Couleurs\u00a0: Bleu, noir et bordeaux<br \/>Disponible en trois tailles\u00a0; 35-38 \/ 39-42 \/ 43-46<br \/>Norme Oeko-Tex 100<br \/>Disponible dans toutes les bonnes caves \u00e0 vins ! <br \/>\u00a0<br \/><strong>Une paire de chaussettes \u00e9coresponsable<\/strong><\/p>\n<p>\u00c9tiquette sans plastique<br \/>Fils fabriqu\u00e9s \u00e0 proximit\u00e9 de l&#8217;usine de production de chaussettes (environ 10 km)<br \/>Pas de production de masse (uniquement ce qui est vendu). <br \/>\u00a0<br \/>Des chaussettes fabriqu\u00e9es en Europe\u00a0!<\/p>\n","protected":false},"excerpt":{"rendered":"<p>Many Morning frappe fort avec cette paire de chaussette cabernet sauvignon. Une fabrication \u00e9coresponsable destin\u00e9e aux amateurs de grands crus Des grands crus enfin \u00e0 vos pieds Avec Many Mornings, vous allez choisir la bonne paire de chaussettes qui vous ressemble ! Les amateurs de vins et de grands crus vont adorer cette \u00e9dition cabernet [&hellip;]<\/p>\n","protected":false},"featured_media":672550,"comment_status":"open","ping_status":"closed","template":"","meta":[],"product_brand":[],"product_cat":[1756],"product_tag":[],"acf":[],"_links":{"self":[{"href":"https:\/\/streetmarkets.fr\/app\/wp-json\/wp\/v2\/product\/672549"}],"collection":[{"href":"https:\/\/streetmarkets.fr\/app\/wp-json\/wp\/v2\/product"}],"about":[{"href":"https:\/\/streetmarkets.fr\/app\/wp-json\/wp\/v2\/types\/product"}],"replies":[{"embeddable":true,"href":"https:\/\/streetmarkets.fr\/app\/wp-json\/wp\/v2\/comments?post=672549"}],"wp:featuredmedia":[{"embeddable":true,"href":"https:\/\/streetmarkets.fr\/app\/wp-json\/wp\/v2\/media\/672550"}],"wp:attachment":[{"href":"https:\/\/streetmarkets.fr\/app\/wp-json\/wp\/v2\/media?parent=672549"}],"wp:term":[{"taxonomy":"product_brand","embeddable":true,"href":"https:\/\/streetmarkets.fr\/app\/wp-json\/wp\/v2\/product_brand?post=672549"},{"taxonomy":"product_cat","embeddable":true,"href":"https:\/\/streetmarkets.fr\/app\/wp-json\/wp\/v2\/product_cat?post=672549"},{"taxonomy":"product_tag","embeddable":true,"href":"https:\/\/streetmarkets.fr\/app\/wp-json\/wp\/v2\/product_tag?post=672549"}],"curies":[{"name":"wp","href":"https:\/\/api.w.org\/{rel}","templated":true}]}}