{"id":672545,"date":"2024-10-13T18:46:58","date_gmt":"2024-10-13T16:46:58","guid":{"rendered":"https:\/\/streetmarkets.fr\/app\/produit\/many-mornings-chaussette-sweet-panda\/"},"modified":"2024-10-14T01:46:01","modified_gmt":"2024-10-13T23:46:01","slug":"many-mornings-chaussette-sweet-panda","status":"publish","type":"product","link":"https:\/\/streetmarkets.fr\/app\/produit\/many-mornings-chaussette-sweet-panda\/","title":{"rendered":"Many Mornings, Chaussette Sweet Panda"},"content":{"rendered":"<p>Many Mornings r\u00e9ussit des chaussettes originales et ce petit Panda est vraiment craquant. Les amateurs vont adorer son confort et son look d\u00e9contract\u00e9<\/p>\n<h3><span style=\"color:#005376\">La paire de chaussettes qui va plaire aux amateurs de bambou<\/span><\/h3>\n<p>Avec Many Mornings, vous lui offrez la paire de chaussettes qui va coller \u00e0 son look ! Amateurs de Panda, vous allez adorer cette paire d\u00e9pareill\u00e9e qui d\u2019un c\u00f4t\u00e9 repr\u00e9sente ce petit panda craquant, et de l\u2019autre son diner favori : le bambou. Les fans de \u00ab Kun fu Panda \u00bb, voire de \u00ab Pandi Panda \u00bb vont adorer\u00a0 car ces chaussettes captivent l\u2019attention dans tous les zoo,. On offre cette paire de chaussettes \u00e0 ceux qu\u2019on aime.<\/p>\n<p><strong>3 paires de chaussettes achet\u00e9es = Le frais de port offer<\/strong>t<\/p>\n<h3>Tout savoir sur les chaussettes \u00ab Sweet Panda \u00bb de Many Mornings<\/h3>\n<p>Motif \u00e0 th\u00e8me : Panda<br \/>Couleurs Noir et blanc<br \/>Disponible en trois tailles\u00a0; 35-38 \/ 39-42 \/ 43-46<br \/>Norme Oeko-Tex 100<br \/>Disponible dans toutes les bonnes animaleries !<\/p>\n<p><strong>Une paire de chaussettes \u00e9coresponsable pour se balader au zoo<\/strong><\/p>\n<p>\u00c9tiquettes sans plastique<br \/>Fils fabriqu\u00e9s \u00e0 proximit\u00e9 de l&#8217;usine de production de chaussettes (environ 10 km)<br \/>Pas de production de masse (uniquement ce qui est vendu). <br \/>\u00a0<br \/>Les chaussettes \u00ab\u00a0sweet Panda\u00a0\u00bb sont fabriqu\u00e9es en Europe !<\/p>\n","protected":false},"excerpt":{"rendered":"<p>Many Mornings r\u00e9ussit des chaussettes originales et ce petit Panda est vraiment craquant. Les amateurs vont adorer son confort et son look d\u00e9contract\u00e9 La paire de chaussettes qui va plaire aux amateurs de bambou Avec Many Mornings, vous lui offrez la paire de chaussettes qui va coller \u00e0 son look ! Amateurs de Panda, vous [&hellip;]<\/p>\n","protected":false},"featured_media":672546,"comment_status":"open","ping_status":"closed","template":"","meta":[],"product_brand":[],"product_cat":[1756],"product_tag":[],"acf":[],"_links":{"self":[{"href":"https:\/\/streetmarkets.fr\/app\/wp-json\/wp\/v2\/product\/672545"}],"collection":[{"href":"https:\/\/streetmarkets.fr\/app\/wp-json\/wp\/v2\/product"}],"about":[{"href":"https:\/\/streetmarkets.fr\/app\/wp-json\/wp\/v2\/types\/product"}],"replies":[{"embeddable":true,"href":"https:\/\/streetmarkets.fr\/app\/wp-json\/wp\/v2\/comments?post=672545"}],"wp:featuredmedia":[{"embeddable":true,"href":"https:\/\/streetmarkets.fr\/app\/wp-json\/wp\/v2\/media\/672546"}],"wp:attachment":[{"href":"https:\/\/streetmarkets.fr\/app\/wp-json\/wp\/v2\/media?parent=672545"}],"wp:term":[{"taxonomy":"product_brand","embeddable":true,"href":"https:\/\/streetmarkets.fr\/app\/wp-json\/wp\/v2\/product_brand?post=672545"},{"taxonomy":"product_cat","embeddable":true,"href":"https:\/\/streetmarkets.fr\/app\/wp-json\/wp\/v2\/product_cat?post=672545"},{"taxonomy":"product_tag","embeddable":true,"href":"https:\/\/streetmarkets.fr\/app\/wp-json\/wp\/v2\/product_tag?post=672545"}],"curies":[{"name":"wp","href":"https:\/\/api.w.org\/{rel}","templated":true}]}}