{"id":672541,"date":"2024-10-13T18:46:58","date_gmt":"2024-10-13T16:46:58","guid":{"rendered":"https:\/\/streetmarkets.fr\/app\/produit\/chaussette-flower-power-navy-many-mornings\/"},"modified":"2024-10-14T01:46:01","modified_gmt":"2024-10-13T23:46:01","slug":"chaussette-flower-power-navy-many-mornings","status":"publish","type":"product","link":"https:\/\/streetmarkets.fr\/app\/produit\/chaussette-flower-power-navy-many-mornings\/","title":{"rendered":"Chaussette Flower Power Navy Many Mornings"},"content":{"rendered":"<p>Many Mornings rajeuni votre look avec cette paire de chaussettes compos\u00e9 d\u2019un bouquet de fleur sur fond bleu. Chic et d\u00e9contract\u00e9, elles vont aller \u00e0 vos tenues.<\/p>\n<h3><span style=\"color:#005376\">Les chaussettes qui sont inspir\u00e9es des peintres<\/span><\/h3>\n<p>Avec Many Mornings, vous allez choisir la bonne paire de chaussettes qui vous ressemble ! Des chaussettes d\u00e9pareill\u00e9es sur fond de bouquet de fleurs, voil\u00e0 un tableau sur fond bleu qui va donner un look sympa et tendance \u00e0 vos tenues. Vous allez adorer cette \u00e9dition au design color\u00e9 et l\u00e9ger. Une paire de chaussettes eco-friendly fabriqu\u00e9e en coton bio.<\/p>\n<p><strong>3 paires de chaussettes achet\u00e9es = Frais de port offert<\/strong><\/p>\n<h3>Tout savoir sur les chaussettes Flower Power Navy de Many Mornings<\/h3>\n<p>Motifs : Bouquet de fleurs<br \/>Couleurs\u00a0: jaune, rouge et navy<br \/>Disponible en trois tailles\u00a0; 35-38 \/ 39-42 \/ 43-46<br \/>Norme Oeko-Tex 100<br \/>Disponible chez tous les bons fleuristes ! <br \/>\u00a0<br \/><strong>Une paire de chaussettes \u00e9coresponsable et color\u00e9e<\/strong><\/p>\n<p>\u00c9tiquette sans plastique<br \/>Fils fabriqu\u00e9s \u00e0 proximit\u00e9 de l&#8217;usine de production de chaussettes (environ 10 km)<br \/>Pas de production de masse (uniquement ce qui est vendu).<\/p>\n<p><strong>Des chaussettes Navy fabriqu\u00e9es en Europe !<\/strong><\/p>\n","protected":false},"excerpt":{"rendered":"<p>Many Mornings rajeuni votre look avec cette paire de chaussettes compos\u00e9 d\u2019un bouquet de fleur sur fond bleu. Chic et d\u00e9contract\u00e9, elles vont aller \u00e0 vos tenues. Les chaussettes qui sont inspir\u00e9es des peintres Avec Many Mornings, vous allez choisir la bonne paire de chaussettes qui vous ressemble ! Des chaussettes d\u00e9pareill\u00e9es sur fond de [&hellip;]<\/p>\n","protected":false},"featured_media":672542,"comment_status":"open","ping_status":"closed","template":"","meta":[],"product_brand":[],"product_cat":[1756],"product_tag":[],"acf":[],"_links":{"self":[{"href":"https:\/\/streetmarkets.fr\/app\/wp-json\/wp\/v2\/product\/672541"}],"collection":[{"href":"https:\/\/streetmarkets.fr\/app\/wp-json\/wp\/v2\/product"}],"about":[{"href":"https:\/\/streetmarkets.fr\/app\/wp-json\/wp\/v2\/types\/product"}],"replies":[{"embeddable":true,"href":"https:\/\/streetmarkets.fr\/app\/wp-json\/wp\/v2\/comments?post=672541"}],"wp:featuredmedia":[{"embeddable":true,"href":"https:\/\/streetmarkets.fr\/app\/wp-json\/wp\/v2\/media\/672542"}],"wp:attachment":[{"href":"https:\/\/streetmarkets.fr\/app\/wp-json\/wp\/v2\/media?parent=672541"}],"wp:term":[{"taxonomy":"product_brand","embeddable":true,"href":"https:\/\/streetmarkets.fr\/app\/wp-json\/wp\/v2\/product_brand?post=672541"},{"taxonomy":"product_cat","embeddable":true,"href":"https:\/\/streetmarkets.fr\/app\/wp-json\/wp\/v2\/product_cat?post=672541"},{"taxonomy":"product_tag","embeddable":true,"href":"https:\/\/streetmarkets.fr\/app\/wp-json\/wp\/v2\/product_tag?post=672541"}],"curies":[{"name":"wp","href":"https:\/\/api.w.org\/{rel}","templated":true}]}}