{"id":672534,"date":"2024-10-13T18:46:58","date_gmt":"2024-10-13T16:46:58","guid":{"rendered":"https:\/\/streetmarkets.fr\/app\/produit\/tasse-coco-la-parisienne-chic-signe-polonapolona\/"},"modified":"2024-10-14T01:46:01","modified_gmt":"2024-10-13T23:46:01","slug":"tasse-coco-la-parisienne-chic-signe-polonapolona","status":"publish","type":"product","link":"https:\/\/streetmarkets.fr\/app\/produit\/tasse-coco-la-parisienne-chic-signe-polonapolona\/","title":{"rendered":"Tasse Coco, la parisienne chic sign\u00e9 Polonapolona"},"content":{"rendered":"<p>Prenez une pause avec Coco Chanel gr\u00e2ce \u00e0 Polona. L\u2019artiste rend hommage \u00e0 l\u2019\u00e9g\u00e9rie de la mode \u00e0 Paris pour une pause-th\u00e9 tous les jours \u00e0 5 heures<\/p>\n<h3><span style=\"color:#005376\">Polona Polona rend hommage \u00e0 la plus chic des Parisiennes<\/span><\/h3>\n<p>L\u2019artiste slov\u00e8ne Polona Pacnik rend hommage \u00e0 Coco Chanel, la plus chic des Parisiennes. Prenez le th\u00e9 avec l\u2019\u00e9g\u00e9rie de la mode aux tenues et Rouge \u00e0 l\u00e8vres impeccables. Coupe au carr\u00e9 et v\u00eatements luxueux, Coco est id\u00e9ale pour savourer les meilleurs parfums du Ceylan. Une tasse en porcelaine de Chine, \u00e0 offrir aux fans de \u00ab Mode Chic \u00bb .. Only !<\/p>\n<h3>Zoom sur la tasse Coco Chanel de Polona Polona<\/h3>\n<p>D\u00e9couvrez la nouvelle tasse \u00e0 la mode de Polona pour d\u00e9guster un th\u00e9 avec Coco Chanel. Fabriqu\u00e9e en porcelaine de chine et finie \u00e0 la main, cette tasse est obtenue par un processus de double cuisson \u00e0 1400\u00b0C, puis elle est ensuite d\u00e9cor\u00e9e pour donner le meilleur profil de la c\u00e9l\u00e8bre cr\u00e9atrice. Une tasse made in Europe qui rappelle que m\u00eame dans le th\u00e9, la mode est toujours l\u00e0 gr\u00e2ce au packaging insolite qui habille cette collection.<\/p>\n","protected":false},"excerpt":{"rendered":"<p>Prenez une pause avec Coco Chanel gr\u00e2ce \u00e0 Polona. L\u2019artiste rend hommage \u00e0 l\u2019\u00e9g\u00e9rie de la mode \u00e0 Paris pour une pause-th\u00e9 tous les jours \u00e0 5 heures Polona Polona rend hommage \u00e0 la plus chic des Parisiennes L\u2019artiste slov\u00e8ne Polona Pacnik rend hommage \u00e0 Coco Chanel, la plus chic des Parisiennes. Prenez le th\u00e9 [&hellip;]<\/p>\n","protected":false},"featured_media":672535,"comment_status":"open","ping_status":"closed","template":"","meta":[],"product_brand":[],"product_cat":[1756],"product_tag":[],"acf":[],"_links":{"self":[{"href":"https:\/\/streetmarkets.fr\/app\/wp-json\/wp\/v2\/product\/672534"}],"collection":[{"href":"https:\/\/streetmarkets.fr\/app\/wp-json\/wp\/v2\/product"}],"about":[{"href":"https:\/\/streetmarkets.fr\/app\/wp-json\/wp\/v2\/types\/product"}],"replies":[{"embeddable":true,"href":"https:\/\/streetmarkets.fr\/app\/wp-json\/wp\/v2\/comments?post=672534"}],"wp:featuredmedia":[{"embeddable":true,"href":"https:\/\/streetmarkets.fr\/app\/wp-json\/wp\/v2\/media\/672535"}],"wp:attachment":[{"href":"https:\/\/streetmarkets.fr\/app\/wp-json\/wp\/v2\/media?parent=672534"}],"wp:term":[{"taxonomy":"product_brand","embeddable":true,"href":"https:\/\/streetmarkets.fr\/app\/wp-json\/wp\/v2\/product_brand?post=672534"},{"taxonomy":"product_cat","embeddable":true,"href":"https:\/\/streetmarkets.fr\/app\/wp-json\/wp\/v2\/product_cat?post=672534"},{"taxonomy":"product_tag","embeddable":true,"href":"https:\/\/streetmarkets.fr\/app\/wp-json\/wp\/v2\/product_tag?post=672534"}],"curies":[{"name":"wp","href":"https:\/\/api.w.org\/{rel}","templated":true}]}}