{"id":672492,"date":"2024-10-13T18:46:58","date_gmt":"2024-10-13T16:46:58","guid":{"rendered":"https:\/\/streetmarkets.fr\/app\/produit\/princesse-rebelle-le-parfum-citoyen-30ml\/"},"modified":"2024-10-14T01:46:01","modified_gmt":"2024-10-13T23:46:01","slug":"princesse-rebelle-le-parfum-citoyen-30ml","status":"publish","type":"product","link":"https:\/\/streetmarkets.fr\/app\/produit\/princesse-rebelle-le-parfum-citoyen-30ml\/","title":{"rendered":"Princesse Rebelle | Le Parfum Citoyen | 30ml"},"content":{"rendered":"<p>Le Parfum Citoyen propose des fragrances qui s\u2019accordent \u00e0 votre humeur, R\u00e9veillez LA PRINCESSE REBELLE qui sommeille en vous | cadeaux Femme Made in France<\/p>\n<h2>Parfumerie Artisanale | Maison de Parfumerie Ethique &amp; Citoyenne | Made in France | Fun &amp; Cr\u00e9atif<\/h2>\n<p>Indomptable, PRINCESSE REBELLE est une princesse Rock\u2019n\u2019roll. \u00c9prise de libert\u00e9 et de s\u00e9duction, elle ne r\u00e9pond qu&#8217;\u00e0 ses instincts d&#8217;enfant sauvage.<\/p>\n<p>PRINCESSE REBELLE est une Eau de Parfum spectaculaire aux accords irr\u00e9sistibles floraux et gourmands.<\/p>\n<p>&#8211; Note de T\u00eate : Bergamote, Tub\u00e9reuse, Th\u00e9.<br \/>&#8211; Note de C\u0153ur : Jasmin, Rose, Orchid\u00e9e.<br \/>&#8211; Note de Fond : Musc, Santal, Patchouli, Vanille.<\/p>\n<p>100% Made in France | Vegan &amp; Cruelty Free | Local &amp; Responsable<\/p>\n<p><a href=\"\/brand\/13-le-parfum-citoyen\"> <img decoding=\"async\" src=\"\/img\/cms\/00%20all%20site\/Brand%20Marque\/Pafum%20citoyen\/description\/parfum-citoyen-cadeaux-home-femme.png\" alt=\"parfum-citoyen-cadeaux-home-femme.png\" \/><\/a><\/p>\n<p>PRINCESSE REBELLE est une Eau de Parfum spectaculaire aux accords irr\u00e9sistibles floraux et gourmands.<br \/>Le Parfum Citoyen bouscule tous les codes de la parfumerie traditionnelle en cr\u00e9ant des parfums de luxe manufactur\u00e9s localement, responsables, sans cruaut\u00e9 et \u00e0 un prix juste.<br \/>Chaque Parfum est con\u00e7u sous la forme d\u2019un portrait olfactif moderne, de l\u2019envo\u00fbtante French Fatale au Geek Chic, pour sublimer votre personnalit\u00e9 ou exprimer votre humeur du moment !<br \/>\u00c0 chaque parfum son style, son caract\u00e8re, son d\u00e9sir.<\/p>\n<p><\/p>\n<h2>On a aim\u00e9 :<\/h2>\n<p>Des fragrances 100% audacieuses et originales, 100% Made in France, avec un twist fun &amp; cr\u00e9atif\u00a0: on adore Le Parfum Citoyen\u00a0! La qualit\u00e9 et le savoir-faire des plus grandes Maisons de luxe \u00e0 des prix justes\u00a0: le plus dur est de choisir notre flacon pr\u00e9f\u00e9r\u00e9\u00a0!<\/p>\n<p><img decoding=\"async\" src=\"\/img\/cms\/00%20all%20site\/Logo%20marque\/Made-in-france.png\" alt=\"Made-in-france.png\" \/><\/p>\n<h2>La Note:<\/h2>\n<h2>4,2\/5<\/h2>\n<p><img decoding=\"async\" src=\"\/img\/cms\/00%20all%20site\/Brand%20Marque\/Pafum%20citoyen\/Logo\/label-vegan-france.png\" alt=\"label-vegan-france.png\" \/><\/p>\n","protected":false},"excerpt":{"rendered":"<p>Le Parfum Citoyen propose des fragrances qui s\u2019accordent \u00e0 votre humeur, R\u00e9veillez LA PRINCESSE REBELLE qui sommeille en vous | cadeaux Femme Made in France Parfumerie Artisanale | Maison de Parfumerie Ethique &amp; Citoyenne | Made in France | Fun &amp; Cr\u00e9atif Indomptable, PRINCESSE REBELLE est une princesse Rock\u2019n\u2019roll. \u00c9prise de libert\u00e9 et de s\u00e9duction, [&hellip;]<\/p>\n","protected":false},"featured_media":672493,"comment_status":"open","ping_status":"closed","template":"","meta":[],"product_brand":[],"product_cat":[1756],"product_tag":[],"acf":[],"_links":{"self":[{"href":"https:\/\/streetmarkets.fr\/app\/wp-json\/wp\/v2\/product\/672492"}],"collection":[{"href":"https:\/\/streetmarkets.fr\/app\/wp-json\/wp\/v2\/product"}],"about":[{"href":"https:\/\/streetmarkets.fr\/app\/wp-json\/wp\/v2\/types\/product"}],"replies":[{"embeddable":true,"href":"https:\/\/streetmarkets.fr\/app\/wp-json\/wp\/v2\/comments?post=672492"}],"wp:featuredmedia":[{"embeddable":true,"href":"https:\/\/streetmarkets.fr\/app\/wp-json\/wp\/v2\/media\/672493"}],"wp:attachment":[{"href":"https:\/\/streetmarkets.fr\/app\/wp-json\/wp\/v2\/media?parent=672492"}],"wp:term":[{"taxonomy":"product_brand","embeddable":true,"href":"https:\/\/streetmarkets.fr\/app\/wp-json\/wp\/v2\/product_brand?post=672492"},{"taxonomy":"product_cat","embeddable":true,"href":"https:\/\/streetmarkets.fr\/app\/wp-json\/wp\/v2\/product_cat?post=672492"},{"taxonomy":"product_tag","embeddable":true,"href":"https:\/\/streetmarkets.fr\/app\/wp-json\/wp\/v2\/product_tag?post=672492"}],"curies":[{"name":"wp","href":"https:\/\/api.w.org\/{rel}","templated":true}]}}