{"id":672447,"date":"2024-10-13T18:46:57","date_gmt":"2024-10-13T16:46:57","guid":{"rendered":"https:\/\/streetmarkets.fr\/app\/produit\/le-beret-francais-eco-chic\/"},"modified":"2024-10-14T01:46:01","modified_gmt":"2024-10-13T23:46:01","slug":"le-beret-francais-eco-chic","status":"publish","type":"product","link":"https:\/\/streetmarkets.fr\/app\/produit\/le-beret-francais-eco-chic\/","title":{"rendered":"Le B\u00e9ret Fran\u00e7ais \u00c9co Chic"},"content":{"rendered":"<p>Offrez-lui le fameux B\u00e9ret Fran\u00e7ais en laine m\u00e9rinos et 100% Made In France. Un cadeau homme ou femme pour porter au quotidien pour sortir !<\/p>\n<h3>Un b\u00e9ret Fran\u00e7ais con\u00e7ut \u00e0 partir de Fibres 100% Recycl\u00e9es<\/h3>\n<p>Voil\u00e0 le B\u00e9ret Fran\u00e7ais id\u00e9al \u00e0 porter pour les beaux jours. L\u00e9ger et doux, ce b\u00e9ret &#8220;\u00e9co chic&#8221; est con\u00e7u \u00e0 partir d&#8217;une fibre 100 % recycl\u00e9e de l&#8217;Industrie du Luxe. Sa forme permet d\u2019accompagner toutes les tenues, des plus fashions&#8221; aux plus classiques ! Fabriqu\u00e9 \u00e0 Bayonne, au c\u0153ur de la capitale du b\u00e9ret, il est le fruit d\u2019un savoir-faire pour lequel la marque \u00ab Le B\u00e9ret Fran\u00e7ais \u00bb a re\u00e7u le label Entreprise du Patrimoine Vivant (EPV).<\/p>\n<h3>Tout savoir sur la collection \u00c9CO Chic du B\u00e9ret Fran\u00e7ais<\/h3>\n<p>Ce b\u00e9ret est 100% en fibres recycl\u00e9s. Un nouveau concept qui lui donne une qualit\u00e9 exceptionnelle avec ses couleurs soleil. D\u2019une taille unique, le plateau du b\u00e9ret est de 28 cm et il est l\u00e9g\u00e8rement \u00e9lastique pour convenir \u00e0 toutes les t\u00eates. C\u2019est id\u00e9al pour les beaux jours.<\/p>\n","protected":false},"excerpt":{"rendered":"<p>Offrez-lui le fameux B\u00e9ret Fran\u00e7ais en laine m\u00e9rinos et 100% Made In France. Un cadeau homme ou femme pour porter au quotidien pour sortir ! Un b\u00e9ret Fran\u00e7ais con\u00e7ut \u00e0 partir de Fibres 100% Recycl\u00e9es Voil\u00e0 le B\u00e9ret Fran\u00e7ais id\u00e9al \u00e0 porter pour les beaux jours. L\u00e9ger et doux, ce b\u00e9ret &#8220;\u00e9co chic&#8221; est con\u00e7u [&hellip;]<\/p>\n","protected":false},"featured_media":672448,"comment_status":"open","ping_status":"closed","template":"","meta":[],"product_brand":[],"product_cat":[1756],"product_tag":[],"acf":[],"_links":{"self":[{"href":"https:\/\/streetmarkets.fr\/app\/wp-json\/wp\/v2\/product\/672447"}],"collection":[{"href":"https:\/\/streetmarkets.fr\/app\/wp-json\/wp\/v2\/product"}],"about":[{"href":"https:\/\/streetmarkets.fr\/app\/wp-json\/wp\/v2\/types\/product"}],"replies":[{"embeddable":true,"href":"https:\/\/streetmarkets.fr\/app\/wp-json\/wp\/v2\/comments?post=672447"}],"wp:featuredmedia":[{"embeddable":true,"href":"https:\/\/streetmarkets.fr\/app\/wp-json\/wp\/v2\/media\/672448"}],"wp:attachment":[{"href":"https:\/\/streetmarkets.fr\/app\/wp-json\/wp\/v2\/media?parent=672447"}],"wp:term":[{"taxonomy":"product_brand","embeddable":true,"href":"https:\/\/streetmarkets.fr\/app\/wp-json\/wp\/v2\/product_brand?post=672447"},{"taxonomy":"product_cat","embeddable":true,"href":"https:\/\/streetmarkets.fr\/app\/wp-json\/wp\/v2\/product_cat?post=672447"},{"taxonomy":"product_tag","embeddable":true,"href":"https:\/\/streetmarkets.fr\/app\/wp-json\/wp\/v2\/product_tag?post=672447"}],"curies":[{"name":"wp","href":"https:\/\/api.w.org\/{rel}","templated":true}]}}