{"id":672439,"date":"2024-10-13T18:46:57","date_gmt":"2024-10-13T16:46:57","guid":{"rendered":"https:\/\/streetmarkets.fr\/app\/produit\/geek-chic-le-parfum-citoyen-30ml\/"},"modified":"2024-10-14T01:46:01","modified_gmt":"2024-10-13T23:46:01","slug":"geek-chic-le-parfum-citoyen-30ml","status":"publish","type":"product","link":"https:\/\/streetmarkets.fr\/app\/produit\/geek-chic-le-parfum-citoyen-30ml\/","title":{"rendered":"Geek Chic | Le Parfum Citoyen | 30ml"},"content":{"rendered":"<p>Le Parfum Citoyen propose des fragrances qui s\u2019accordent \u00e0 votre humeur | R\u00e9veillez le GEEK CHIC qui sommeille en vous | Id\u00e9es Cadeaux Homme Made in France<\/p>\n<h2>Geek Chic, un Parfum Fun &amp; Cr\u00e9atif Made in France | By Parfum Citoyen<\/h2>\n<h3>GEEK CHIC est une Eau de Toilette au parfum doux, d\u00e9cal\u00e9 et chic pour Homme<\/h3>\n<p>Geek est le nouveau chic. Sa vision d\u00e9cal\u00e9e le d\u00e9marque et fait de lui un cr\u00e9atif hors pair. Un charmeur doux, un po\u00e9tique \u00ab azerty \u00bb. Le parfum id \u00bbal pour les hommes branch\u00e9s et tendances !\u00a0<\/p>\n<h3>Le Geek Chic \u00e0 la cote | Parfum Homme<\/h3>\n<p>&#8211; Note de T\u00eate : Romarin, Basilic, Estragon, Mandarine.<br \/>&#8211; Note de C\u0153ur : G\u00e9ranium, Muguet, Anis, N\u00e9roli.<br \/>&#8211; Note de Fond : Benjoin, Vanille, C\u00e8dre, F\u00e8ve Tonka.\u2028<\/p>\n<p>100% Made in France | Vegan &amp; Cruelty Free | Local &amp; Responsable<\/p>\n<p><a href=\"\/brand\/13-le-parfum-citoyen\"><br \/>\n        <img decoding=\"async\" src=\"\/img\/cms\/00%20all%20site\/Brand%20Marque\/Pafum%20citoyen\/description\/parfum-citoyen-cadeaux-home-femme.png\" alt=\"\" \/><\/a><br \/>\n                    Parfum Citoyen<\/p>\n<h2>Parfum Citoyen Geek Chic | \u00c0 chaque parfum son style &amp; son d\u00e9sir<\/h2>\n<p>Le Parfum Citoyen bouscule tous les codes de la parfumerie traditionnelle en cr\u00e9ant des parfums de luxe manufactur\u00e9s localement, responsables, sans cruaut\u00e9 et \u00e0 un prix juste.<br \/>Chaque Parfum est con\u00e7u sous la forme d\u2019un portrait olfactif moderne, de l\u2019envo\u00fbtante French Fatale au Geek Chic, pour sublimer votre personnalit\u00e9 ou exprimer votre humeur du moment !<\/p>\n<h2>On adore ce Geek Chic | Parfum Citoyen<\/h2>\n<p>Des fragrances 100% audacieuses et originales, 100% Made in France, avec un twist fun &amp; cr\u00e9atif\u00a0: on adore Le Parfum Citoyen\u00a0! La qualit\u00e9 et le savoir-faire des plus grandes Maisons de luxe \u00e0 des prix justes\u00a0: le plus dur est de choisir notre flacon pr\u00e9f\u00e9r\u00e9\u00a0!<\/p>\n<p>                    <img decoding=\"async\" src=\"\/img\/cms\/00%20all%20site\/Logo%20marque\/Made-in-france.png\" alt=\"\" \/>Parfum Made In france<\/p>\n<p>La Note:<\/p>\n<p>4,2\/5<\/p>\n<p>                    <img decoding=\"async\" src=\"\/img\/cms\/00%20all%20site\/Brand%20Marque\/Pafum%20citoyen\/Logo\/label-vegan-france.png\" alt=\"\" \/>Parfum V\u00e9gan<\/p>\n","protected":false},"excerpt":{"rendered":"<p>Le Parfum Citoyen propose des fragrances qui s\u2019accordent \u00e0 votre humeur | R\u00e9veillez le GEEK CHIC qui sommeille en vous | Id\u00e9es Cadeaux Homme Made in France Geek Chic, un Parfum Fun &amp; Cr\u00e9atif Made in France | By Parfum Citoyen GEEK CHIC est une Eau de Toilette au parfum doux, d\u00e9cal\u00e9 et chic pour [&hellip;]<\/p>\n","protected":false},"featured_media":672440,"comment_status":"open","ping_status":"closed","template":"","meta":[],"product_brand":[],"product_cat":[1756],"product_tag":[],"acf":[],"_links":{"self":[{"href":"https:\/\/streetmarkets.fr\/app\/wp-json\/wp\/v2\/product\/672439"}],"collection":[{"href":"https:\/\/streetmarkets.fr\/app\/wp-json\/wp\/v2\/product"}],"about":[{"href":"https:\/\/streetmarkets.fr\/app\/wp-json\/wp\/v2\/types\/product"}],"replies":[{"embeddable":true,"href":"https:\/\/streetmarkets.fr\/app\/wp-json\/wp\/v2\/comments?post=672439"}],"wp:featuredmedia":[{"embeddable":true,"href":"https:\/\/streetmarkets.fr\/app\/wp-json\/wp\/v2\/media\/672440"}],"wp:attachment":[{"href":"https:\/\/streetmarkets.fr\/app\/wp-json\/wp\/v2\/media?parent=672439"}],"wp:term":[{"taxonomy":"product_brand","embeddable":true,"href":"https:\/\/streetmarkets.fr\/app\/wp-json\/wp\/v2\/product_brand?post=672439"},{"taxonomy":"product_cat","embeddable":true,"href":"https:\/\/streetmarkets.fr\/app\/wp-json\/wp\/v2\/product_cat?post=672439"},{"taxonomy":"product_tag","embeddable":true,"href":"https:\/\/streetmarkets.fr\/app\/wp-json\/wp\/v2\/product_tag?post=672439"}],"curies":[{"name":"wp","href":"https:\/\/api.w.org\/{rel}","templated":true}]}}