{"id":672431,"date":"2024-10-13T18:46:57","date_gmt":"2024-10-13T16:46:57","guid":{"rendered":"https:\/\/streetmarkets.fr\/app\/produit\/la-fille-cool-le-parfum-citoyen-30ml\/"},"modified":"2024-10-14T01:46:01","modified_gmt":"2024-10-13T23:46:01","slug":"la-fille-cool-le-parfum-citoyen-30ml","status":"publish","type":"product","link":"https:\/\/streetmarkets.fr\/app\/produit\/la-fille-cool-le-parfum-citoyen-30ml\/","title":{"rendered":"La Fille Cool | Le Parfum Citoyen | 30ml"},"content":{"rendered":"<p>Le Parfum Citoyen propose des fragrances qui s\u2019accordent \u00e0 votre humeur, R\u00e9veillez LA FILLE COOL qui sommeille en vous | Id\u00e9es cadeaux Femme Made in France<\/p>\n<h2>Parfumerie Artisanale | Maison de Parfumerie Ethique &amp; Citoyenne | Made in France | Fun &amp; Cr\u00e9atif<\/h2>\n<p>Too Cool for School, LA FILLE COOL est la IT-girl que tout le monde adore. Son style myst\u00e9rieux fait tourner les t\u00eates et sa fraicheur illumine notre journ\u00e9e<\/p>\n<p>&#8211; Note de T\u00eate : Citron, Mandarine, Grenade, Kaki.<br \/>&#8211; Note de C\u0153ur : Orchid\u00e9e, Magnolia, Orange Douce.<br \/>&#8211; Note de Fond : Musc, Ambre, Notes Bois\u00e9es, Notes Poudr\u00e9es.<\/p>\n<p>100% Made in France | Vegan &amp; Cruelty Free | Local &amp; Responsable<\/p>\n<p><a href=\"\/brand\/13-le-parfum-citoyen\"> <img decoding=\"async\" src=\"\/img\/cms\/00%20all%20site\/Brand%20Marque\/Pafum%20citoyen\/description\/parfum-citoyen-cadeaux-home-femme.png\" alt=\"parfum-citoyen-cadeaux-home-femme.png\" \/><\/a><\/p>\n<p>LA FILLE COOL est une Eau de Parfum qui \u00e9voque les belles journ\u00e9es ensoleill\u00e9es avec des notes exotiques envoutantes.<br \/>Le Parfum Citoyen bouscule tous les codes de la parfumerie traditionnelle en cr\u00e9ant des parfums de luxe manufactur\u00e9s localement, responsables, sans cruaut\u00e9 et \u00e0 un prix juste.<br \/>Chaque Parfum est con\u00e7u sous la forme d\u2019un portrait olfactif moderne, de l\u2019envo\u00fbtante French Fatale au Geek Chic, pour sublimer votre personnalit\u00e9 ou exprimer votre humeur du moment !<br \/>\u00c0 chaque parfum son style, son caract\u00e8re, son d\u00e9sir.<\/p>\n<p><\/p>\n<h2>On a aim\u00e9 :<\/h2>\n<p>Des fragrances 100% audacieuses et originales, 100% Made in France, avec un twist fun &amp; cr\u00e9atif\u00a0: on adore Le Parfum Citoyen\u00a0! La qualit\u00e9 et le savoir-faire des plus grandes Maisons de luxe \u00e0 des prix justes\u00a0: le plus dur est de choisir notre flacon pr\u00e9f\u00e9r\u00e9\u00a0!<\/p>\n<p><img decoding=\"async\" src=\"\/img\/cms\/00%20all%20site\/Logo%20marque\/Made-in-france.png\" alt=\"Made-in-france.png\" \/><\/p>\n<h2>La Note:<\/h2>\n<h2>4,2\/5<\/h2>\n<p><img decoding=\"async\" src=\"\/img\/cms\/00%20all%20site\/Brand%20Marque\/Pafum%20citoyen\/Logo\/label-vegan-france.png\" alt=\"label-vegan-france.png\" \/><\/p>\n","protected":false},"excerpt":{"rendered":"<p>Le Parfum Citoyen propose des fragrances qui s\u2019accordent \u00e0 votre humeur, R\u00e9veillez LA FILLE COOL qui sommeille en vous | Id\u00e9es cadeaux Femme Made in France Parfumerie Artisanale | Maison de Parfumerie Ethique &amp; Citoyenne | Made in France | Fun &amp; Cr\u00e9atif Too Cool for School, LA FILLE COOL est la IT-girl que tout [&hellip;]<\/p>\n","protected":false},"featured_media":672432,"comment_status":"open","ping_status":"closed","template":"","meta":[],"product_brand":[],"product_cat":[1756],"product_tag":[],"acf":[],"_links":{"self":[{"href":"https:\/\/streetmarkets.fr\/app\/wp-json\/wp\/v2\/product\/672431"}],"collection":[{"href":"https:\/\/streetmarkets.fr\/app\/wp-json\/wp\/v2\/product"}],"about":[{"href":"https:\/\/streetmarkets.fr\/app\/wp-json\/wp\/v2\/types\/product"}],"replies":[{"embeddable":true,"href":"https:\/\/streetmarkets.fr\/app\/wp-json\/wp\/v2\/comments?post=672431"}],"wp:featuredmedia":[{"embeddable":true,"href":"https:\/\/streetmarkets.fr\/app\/wp-json\/wp\/v2\/media\/672432"}],"wp:attachment":[{"href":"https:\/\/streetmarkets.fr\/app\/wp-json\/wp\/v2\/media?parent=672431"}],"wp:term":[{"taxonomy":"product_brand","embeddable":true,"href":"https:\/\/streetmarkets.fr\/app\/wp-json\/wp\/v2\/product_brand?post=672431"},{"taxonomy":"product_cat","embeddable":true,"href":"https:\/\/streetmarkets.fr\/app\/wp-json\/wp\/v2\/product_cat?post=672431"},{"taxonomy":"product_tag","embeddable":true,"href":"https:\/\/streetmarkets.fr\/app\/wp-json\/wp\/v2\/product_tag?post=672431"}],"curies":[{"name":"wp","href":"https:\/\/api.w.org\/{rel}","templated":true}]}}