{"id":672417,"date":"2024-10-13T18:46:56","date_gmt":"2024-10-13T16:46:56","guid":{"rendered":"https:\/\/streetmarkets.fr\/app\/produit\/lhomme-daffaires-parfum-citoyen-lidee-cadeau-homme-chic\/"},"modified":"2024-10-14T01:46:01","modified_gmt":"2024-10-13T23:46:01","slug":"lhomme-daffaires-parfum-citoyen-lidee-cadeau-homme-chic","status":"publish","type":"product","link":"https:\/\/streetmarkets.fr\/app\/produit\/lhomme-daffaires-parfum-citoyen-lidee-cadeau-homme-chic\/","title":{"rendered":"L\u2019Homme d\u2019affaires | Parfum Citoyen | L\u2019id\u00e9e cadeau Homme Chic"},"content":{"rendered":"<p>Un parfum poivr\u00e9, bois\u00e9, pour un cadeau tendance et \u00e9l\u00e9gant. L\u2019Homme d\u2019affaires, c&#8217;est le top cadeau Homme by le Parfum Citoyen ! Offrez-lui, sans h\u00e9siter !<\/p>\n<h2>Parfum Citoyen | L\u2019Homme d\u2019affaires en cadeau mode tendance pour Lui !<\/h2>\n<h3>Le Parfum Citoyen pour un homme original et \u00e9l\u00e9gant !<\/h3>\n<p>Imaginez un homme sexy, charmant et charmeur, au sourire ravageur, en costard cravate\u2026bien s\u00fbr, c\u2019est l\u2019homme id\u00e9al Mesdames ! Il est l\u2019Homme d\u2019affaires \u00e0 la fran\u00e7aise\u2026un homme \u00e9l\u00e9gant qui fait fantasmer le monde entier, rien que \u00e7a ! Mesdames, l\u2019Homme d\u2019affaires est un businessman\u2026il se soucie de son apparence mais ne n\u00e9glige en rien son esprit !<\/p>\n<h3>Le Parfum Citoyen : L\u2019id\u00e9e cadeau pour sublimer la tendance de Monsieur !<\/h3>\n<p>Mesdames, Happy KDO vous propose le cadeau tendance qu\u2019il vous faut pour lui faire plaisir. Si votre amoureux est charismatique, amoureux du chic des parisiens, l\u2019Homme d\u2019affaires est fait pour lui ! Un parfum aux notes envo\u00fbtantes\u2026qui va vous s\u00e9duire ! Le Parfum Citoyen est un incontournable pour un cadeau tendance r\u00e9ussi\u2026Choisissez l\u2019\u00e9l\u00e9gance !<\/p>\n<p><a href=\"\/brand\/13-le-parfum-citoyen\"> <img decoding=\"async\" src=\"\/img\/cms\/00%20all%20site\/Brand%20Marque\/Pafum%20citoyen\/description\/parfum-citoyen-cadeaux-home-femme.png\" alt=\"\" \/><\/a> Parfum Citoyen | Hommes d&#8217;affaires<\/p>\n<h2>Parfum chic &amp; tendance | L\u2019Homme d\u2019affaires qui fait chavirer les c\u0153urs\u2026<\/h2>\n<p>Partez \u00e0 la d\u00e9couverte des notes d\u00e9licatement envo\u00fbtantes de l\u2019Homme d\u2019affaires by le Parfum Citoyen\u00a0! Entre fra\u00eecheur et \u00e9l\u00e9gance, ces notes vont sublimer la personnalit\u00e9\u00a0de l\u2019homme de votre vie ! <br \/>&#8211; Note de T\u00eate : Pamplemousse, Bergamote.<br \/>&#8211; Note de C\u0153ur : Poivre, Baies Roses, Patchouli.<br \/>&#8211; Note de Fond : V\u00e9tiver, C\u00e8dre, Santal.<\/p>\n<h2>Le Parfum Citoyen pour Homme | Top tendance du cadeau masculin !<\/h2>\n<p>Le Parfum Citoyen bouscule les codes de la parfumerie traditionnelle en cr\u00e9ant des parfums de luxe manufactur\u00e9s localement. L\u2019Homme d\u2019affaires est une eau de toilette appr\u00e9ci\u00e9 par nos clients masculins pour ses notes chics et \u00e9l\u00e9gantes venues d\u2019ailleurs\u2026des notes smart et sexy qui vous font voyager ! Happy KDO est heureux de vous proposer Mesdames, Messieurs, une marque qui respecte l\u2019environnement et propose des parfums au juste prix ! Vite le cr\u00e9atif et l\u2019\u00e9thique ! Vive l\u2019originalit\u00e9 !<\/p>\n<h2>Id\u00e9e cadeau pour les Hommes d\u2019affaires s\u00e9ducteurs\u00a0| Parfum Citoyen<\/h2>\n<p>Mesdames, Messieurs, le Parfum Citoyen, c\u2019est une marque \u00e9thique et 100% made in France, avec un esprit cr\u00e9atif et fun ! Le Parfum Citoyen, c\u2019est surtout des fragrances modernes, originales, sensuelles ! Happy KDO vous propose de d\u00e9couvrir sa qualit\u00e9, son savoir-faire\u2026des produits luxueux \u00e0 des prix abordables\u2026voil\u00e0 le secret du Parfum Citoyen ! Testez-les tous, succ\u00e8s garanti !<\/p>\n<p><img decoding=\"async\" src=\"\/img\/cms\/00%20all%20site\/Logo%20marque\/Made-in-france.png\" alt=\"\" \/>Parfum Made In france<\/p>\n<p>La Note:<\/p>\n<p>4,2\/5<\/p>\n<p><img decoding=\"async\" src=\"\/img\/cms\/00%20all%20site\/Brand%20Marque\/Pafum%20citoyen\/Logo\/label-vegan-france.png\" alt=\"\" \/>Parfum V\u00e9gan<\/p>\n","protected":false},"excerpt":{"rendered":"<p>Un parfum poivr\u00e9, bois\u00e9, pour un cadeau tendance et \u00e9l\u00e9gant. L\u2019Homme d\u2019affaires, c&#8217;est le top cadeau Homme by le Parfum Citoyen ! Offrez-lui, sans h\u00e9siter ! Parfum Citoyen | L\u2019Homme d\u2019affaires en cadeau mode tendance pour Lui ! Le Parfum Citoyen pour un homme original et \u00e9l\u00e9gant ! Imaginez un homme sexy, charmant et charmeur, [&hellip;]<\/p>\n","protected":false},"featured_media":672418,"comment_status":"open","ping_status":"closed","template":"","meta":[],"product_brand":[],"product_cat":[1756],"product_tag":[],"acf":[],"_links":{"self":[{"href":"https:\/\/streetmarkets.fr\/app\/wp-json\/wp\/v2\/product\/672417"}],"collection":[{"href":"https:\/\/streetmarkets.fr\/app\/wp-json\/wp\/v2\/product"}],"about":[{"href":"https:\/\/streetmarkets.fr\/app\/wp-json\/wp\/v2\/types\/product"}],"replies":[{"embeddable":true,"href":"https:\/\/streetmarkets.fr\/app\/wp-json\/wp\/v2\/comments?post=672417"}],"wp:featuredmedia":[{"embeddable":true,"href":"https:\/\/streetmarkets.fr\/app\/wp-json\/wp\/v2\/media\/672418"}],"wp:attachment":[{"href":"https:\/\/streetmarkets.fr\/app\/wp-json\/wp\/v2\/media?parent=672417"}],"wp:term":[{"taxonomy":"product_brand","embeddable":true,"href":"https:\/\/streetmarkets.fr\/app\/wp-json\/wp\/v2\/product_brand?post=672417"},{"taxonomy":"product_cat","embeddable":true,"href":"https:\/\/streetmarkets.fr\/app\/wp-json\/wp\/v2\/product_cat?post=672417"},{"taxonomy":"product_tag","embeddable":true,"href":"https:\/\/streetmarkets.fr\/app\/wp-json\/wp\/v2\/product_tag?post=672417"}],"curies":[{"name":"wp","href":"https:\/\/api.w.org\/{rel}","templated":true}]}}