{"id":672291,"date":"2024-10-13T18:46:43","date_gmt":"2024-10-13T16:46:43","guid":{"rendered":"https:\/\/streetmarkets.fr\/app\/produit\/lapollon-le-parfum-citoyen-30ml\/"},"modified":"2024-10-13T18:46:55","modified_gmt":"2024-10-13T16:46:55","slug":"lapollon-le-parfum-citoyen-30ml","status":"publish","type":"product","link":"https:\/\/streetmarkets.fr\/app\/produit\/lapollon-le-parfum-citoyen-30ml\/","title":{"rendered":"L\u2019apollon | Le Parfum Citoyen | 30ml"},"content":{"rendered":"<p>Le Parfum Citoyen propose des fragrances Chics qui s\u2019accordent \u00e0 votre humeur | R\u00e9veillez L\u2019Apollon qui sommeille en vous | id\u00e9es cadeaux Homme Made in France !<\/p>\n<h2>Parfum Citoyen | Parfumerie Artisanale | L\u2019Apollon<\/h2>\n<h3>Maison de Parfumerie Ethique &amp; Citoyenne\u00a0 | Fun &amp; Cr\u00e9atif<\/h3>\n<p>L&#8217;APOLLON \u00e0 la fran\u00e7aise fait fantasmer le monde entier ! Sportif, il sculpte son corps sans n\u00e9gliger son esprit. Sa virilit\u00e9 et son charisme sont sublim\u00e9s par son parfum masculin et envo\u00fbtant. Attention ! Arme de s\u00e9duction massive<\/p>\n<h3>Les notes de l\u2019Apollon | Un parfum Made in France &amp; Citoyen<\/h3>\n<p>&#8211; Note de T\u00eate : Bergamote, Pamplemousse.<br \/>&#8211; Note de C\u0153ur : Piment, Poivre, Baies Roses, Safran.<br \/>&#8211; Note de Fond : Cuir, Labdanum, V\u00e9tiver, Santal<\/p>\n<p><a href=\"\/brand\/13-le-parfum-citoyen\"><br \/>\n        <img decoding=\"async\" src=\"\/img\/cms\/00%20all%20site\/Brand%20Marque\/Pafum%20citoyen\/description\/parfum-citoyen-cadeaux-home-femme.png\" alt=\"\" \/><\/a><br \/>\n                    Parfum Citoyen | Apollon<\/p>\n<h2>D\u00e9couvrez Le Parfum Citoyen pour Homme | Apollon<\/h2>\n<p>L&#8217;APOLLON est une Eau de Toilette \u00e9pic\u00e9e envo\u00fbtante, orientale et \u00e9pic\u00e9e.<br \/>Le Parfum Citoyen bouscule tous les codes de la parfumerie traditionnelle en cr\u00e9ant des parfums de luxe manufactur\u00e9s localement, responsables, sans cruaut\u00e9 et \u00e0 un prix juste.<br \/>Chaque Parfum est con\u00e7u sous la forme d\u2019un portrait olfactif moderne, de l\u2019envo\u00fbtante French Fatale au Geek Chic, pour sublimer votre personnalit\u00e9 ou exprimer votre humeur du moment !<br \/>\u00c0 chaque parfum son style, son caract\u00e8re, son d\u00e9sir.<\/p>\n<h2>On a aim\u00e9 cet Apollon | Sign\u00e9 Parfum Citoyen<\/h2>\n<p>Des fragrances 100% audacieuses et originales, 100% Made in France, avec un twist fun &amp; cr\u00e9atif : on adore Le Parfum Citoyen ! La qualit\u00e9 et le savoir-faire des plus grandes Maisons de luxe \u00e0 des prix justes : le plus dur est de choisir notre flacon pr\u00e9f\u00e9r\u00e9 !<\/p>\n<p>                    <img decoding=\"async\" src=\"\/img\/cms\/00%20all%20site\/Logo%20marque\/Made-in-france.png\" alt=\"\" \/>Parfum Made In france<\/p>\n<p>La Note:<\/p>\n<p>4,2\/5<\/p>\n<p>                    <img decoding=\"async\" src=\"\/img\/cms\/00%20all%20site\/Brand%20Marque\/Pafum%20citoyen\/Logo\/label-vegan-france.png\" alt=\"\" \/>Parfum V\u00e9gan<\/p>\n","protected":false},"excerpt":{"rendered":"<p>Le Parfum Citoyen propose des fragrances Chics qui s\u2019accordent \u00e0 votre humeur | R\u00e9veillez L\u2019Apollon qui sommeille en vous | id\u00e9es cadeaux Homme Made in France ! Parfum Citoyen | Parfumerie Artisanale | L\u2019Apollon Maison de Parfumerie Ethique &amp; Citoyenne\u00a0 | Fun &amp; Cr\u00e9atif L&#8217;APOLLON \u00e0 la fran\u00e7aise fait fantasmer le monde entier ! Sportif, [&hellip;]<\/p>\n","protected":false},"featured_media":672292,"comment_status":"open","ping_status":"closed","template":"","meta":[],"product_brand":[],"product_cat":[1756,1760],"product_tag":[1810],"acf":[],"_links":{"self":[{"href":"https:\/\/streetmarkets.fr\/app\/wp-json\/wp\/v2\/product\/672291"}],"collection":[{"href":"https:\/\/streetmarkets.fr\/app\/wp-json\/wp\/v2\/product"}],"about":[{"href":"https:\/\/streetmarkets.fr\/app\/wp-json\/wp\/v2\/types\/product"}],"replies":[{"embeddable":true,"href":"https:\/\/streetmarkets.fr\/app\/wp-json\/wp\/v2\/comments?post=672291"}],"wp:featuredmedia":[{"embeddable":true,"href":"https:\/\/streetmarkets.fr\/app\/wp-json\/wp\/v2\/media\/672292"}],"wp:attachment":[{"href":"https:\/\/streetmarkets.fr\/app\/wp-json\/wp\/v2\/media?parent=672291"}],"wp:term":[{"taxonomy":"product_brand","embeddable":true,"href":"https:\/\/streetmarkets.fr\/app\/wp-json\/wp\/v2\/product_brand?post=672291"},{"taxonomy":"product_cat","embeddable":true,"href":"https:\/\/streetmarkets.fr\/app\/wp-json\/wp\/v2\/product_cat?post=672291"},{"taxonomy":"product_tag","embeddable":true,"href":"https:\/\/streetmarkets.fr\/app\/wp-json\/wp\/v2\/product_tag?post=672291"}],"curies":[{"name":"wp","href":"https:\/\/api.w.org\/{rel}","templated":true}]}}