{"id":672271,"date":"2024-10-13T18:46:42","date_gmt":"2024-10-13T16:46:42","guid":{"rendered":"https:\/\/streetmarkets.fr\/app\/produit\/t-shirt-montmartre-femme-n1-slim-paname-rouge-cadeau-kapitals\/"},"modified":"2024-10-13T18:46:55","modified_gmt":"2024-10-13T16:46:55","slug":"t-shirt-montmartre-femme-n1-slim-paname-rouge-cadeau-kapitals","status":"publish","type":"product","link":"https:\/\/streetmarkets.fr\/app\/produit\/t-shirt-montmartre-femme-n1-slim-paname-rouge-cadeau-kapitals\/","title":{"rendered":"T-Shirt Montmartre Femme N\u00b01 Slim &#8211; Paname Rouge | Cadeau Kapitals"},"content":{"rendered":"<p>Offrez un T-shirt slim de Montmartre unique avec Paris en rouge. Un cadeau pour les Femmes qui aiment les cols en V !<\/p>\n<h2>Le T-Shirt col V Femme en coton Bio pour un cadeau de Montmartre<\/h2>\n<h3>Offrez le T-Shirt \u00e9dit\u00e9 en 50 exemplaires | Montmartre N\u00b01 Slim Rouge<\/h3>\n<p>You &amp; Me Paris et la marque Kapitals s\u2019associent pour une id\u00e9e folle\u00a0: Lancer une \u00e9dition de T-shirt Femme \u00e9dit\u00e9e \u00e0 seulement 50 exemplaires toutes tailles, tous cols et toutes couleurs confondues. Le concept est simple \u00e0 chaque \u00e9dition, quelque chose change\u00a0: un nom, une couleur du lettrage .. Seul Montmartre reste\u00a0! Ainsi pour sa premi\u00e8re \u00e9dition, retrouvez la ville de paris en rouge pour un t-shirt Femme slim unique\u00a0!\u00a0<\/p>\n<h3>Montmartre N\u00b01 Slim Paname Rouge, T-shirt bio col V pour Femme<\/h3>\n<p>Montmartre N\u00b0 1 Slim est un T-shirt en version col V et coton BIO. Retrouvez Tokyo, New-York, Sydney, Montmartre et Paris en couleurs Rouge. <br \/>\u00a0<br \/>\u00a0\u00a0\u00a0\u00a0\u00a0\u00a0\u00a0\u00a0 \u2022\u00a0\u00a0\u00a0\u00a0\u00a0\u00a0\u00a0 1 Slim 100% coton BIO* (sauf 4XL)<br \/>\u00a0\u00a0\u00a0\u00a0\u00a0\u00a0\u00a0\u00a0 \u2022\u00a0\u00a0\u00a0\u00a0\u00a0\u00a0\u00a0 Gris chin\u00e9 : 70% coton bio \/ 30% viscose<br \/>\u00a0\u00a0\u00a0\u00a0\u00a0\u00a0\u00a0\u00a0 \u2022\u00a0\u00a0\u00a0\u00a0\u00a0\u00a0\u00a0 Col V en bord-c\u00f4te 1 Slim\u00d71 Slim avec \u00e9lasthanne<br \/>\u00a0\u00a0\u00a0\u00a0\u00a0\u00a0\u00a0\u00a0 \u2022\u00a0\u00a0\u00a0\u00a0\u00a0\u00a0\u00a0 Coupe ajust\u00e9e mode<\/p>\n<p><a href=\"\/brand\/69-you-me-paris\"> <img decoding=\"async\" src=\"\/img\/cms\/00%20all%20site\/Brand%20Marque\/you%20&amp;%20Me%20paris\/you_and_me_paris_france.png\" alt=\"\" \/><\/a> You &amp; Me Paris | La s\u00e9l\u00e9ction en 1 clic<\/p>\n<h2>Montmartre N\u00b01 Slim Rouge | Le cadeau Femme des Parisiennes<\/h2>\n<p>Situ\u00e9 dans rue des Martyrs, au c\u0153ur de Montmartre, You &amp; Me Paris c\u2019est le concept store avant-gardiste autour du plaisir de vivre. Une boutique cadeau qui s\u00e9lectionne des id\u00e9es \u00e0 offrir pour Femmes et pour femmes amoureux de mode et de design. Le T-shirt col V Montmartre N\u00b01 Slim en rouge est aujourd\u2019hui un grand succ\u00e8s, car plus qu\u2019une boutique, You &amp; Me Paris est un \u00e9tat d\u2019esprit pour rendre son cadeau unique !<\/p>\n<h2>Montmartre Paname rouge, le T-shirt N\u00b01 Slim \u00e0 offrir aux Femmes !<\/h2>\n<p>Voil\u00e0 une super id\u00e9e cadeau et surtout unique. Avec son col V et paris en rouge, You &amp; Me et Kapitals lancent un super concept car il sera difficile de trouver le m\u00eame dans le monde. 50 exemplaires toutes tailles, tous cols et toutes couleurs confondues, et pas plus !<\/p>\n<p>La Note:<\/p>\n<p><strong>4,5\/5<\/strong><\/p>\n","protected":false},"excerpt":{"rendered":"<p>Offrez un T-shirt slim de Montmartre unique avec Paris en rouge. Un cadeau pour les Femmes qui aiment les cols en V ! Le T-Shirt col V Femme en coton Bio pour un cadeau de Montmartre Offrez le T-Shirt \u00e9dit\u00e9 en 50 exemplaires | Montmartre N\u00b01 Slim Rouge You &amp; Me Paris et la marque [&hellip;]<\/p>\n","protected":false},"featured_media":672272,"comment_status":"open","ping_status":"closed","template":"","meta":[],"product_brand":[],"product_cat":[1756,1758],"product_tag":[],"acf":[],"_links":{"self":[{"href":"https:\/\/streetmarkets.fr\/app\/wp-json\/wp\/v2\/product\/672271"}],"collection":[{"href":"https:\/\/streetmarkets.fr\/app\/wp-json\/wp\/v2\/product"}],"about":[{"href":"https:\/\/streetmarkets.fr\/app\/wp-json\/wp\/v2\/types\/product"}],"replies":[{"embeddable":true,"href":"https:\/\/streetmarkets.fr\/app\/wp-json\/wp\/v2\/comments?post=672271"}],"wp:featuredmedia":[{"embeddable":true,"href":"https:\/\/streetmarkets.fr\/app\/wp-json\/wp\/v2\/media\/672272"}],"wp:attachment":[{"href":"https:\/\/streetmarkets.fr\/app\/wp-json\/wp\/v2\/media?parent=672271"}],"wp:term":[{"taxonomy":"product_brand","embeddable":true,"href":"https:\/\/streetmarkets.fr\/app\/wp-json\/wp\/v2\/product_brand?post=672271"},{"taxonomy":"product_cat","embeddable":true,"href":"https:\/\/streetmarkets.fr\/app\/wp-json\/wp\/v2\/product_cat?post=672271"},{"taxonomy":"product_tag","embeddable":true,"href":"https:\/\/streetmarkets.fr\/app\/wp-json\/wp\/v2\/product_tag?post=672271"}],"curies":[{"name":"wp","href":"https:\/\/api.w.org\/{rel}","templated":true}]}}