{"id":672252,"date":"2024-10-13T18:46:42","date_gmt":"2024-10-13T16:46:42","guid":{"rendered":"https:\/\/streetmarkets.fr\/app\/produit\/sac-a-dos-new-rebels-fan-montgomery\/"},"modified":"2024-10-13T18:46:55","modified_gmt":"2024-10-13T16:46:55","slug":"sac-a-dos-new-rebels-fan-montgomery","status":"publish","type":"product","link":"https:\/\/streetmarkets.fr\/app\/produit\/sac-a-dos-new-rebels-fan-montgomery\/","title":{"rendered":"Sac \u00e0 dos New Rebels Fan Montgomery"},"content":{"rendered":"<p>New Rebels fabrique des sacs \u00e0 dos confortables et r\u00e9sistants \u00e0 la pluie. Le Fan Montgomery est id\u00e9al pour les portables de 15,6 pouces.<\/p>\n<h3>Le style New Rebels pour un sac \u00e0 dos au quotidien<\/h3>\n<p>Le sac \u00e0 dos Fane Montgomery est le compagnon pr\u00e9f\u00e9r\u00e9 des aventuriers urbains. Fabriqu\u00e9 \u00e0 partir de mati\u00e8re hydrofuge, vos affaires resteront en s\u00e9curit\u00e9 quelle que soit la m\u00e9t\u00e9o. La fermeture pratique \u00e0 enroulement avec sangle Velcro permet un acc\u00e8s et un r\u00e9glage rapides du contenu du sac. Les boutons-pression de haute qualit\u00e9 offrent une s\u00e9curit\u00e9 suppl\u00e9mentaire. Ce sac \u00e0 dos est id\u00e9al pour transporter son ordinateur et ses petites affaires car la polyvalence est renforc\u00e9e par la poche avant et la poche arri\u00e8re zipp\u00e9e pour un rangement organis\u00e9. Le dos et les bretelles rembourr\u00e9s donnent \u00e0 tous vos voyages un confort que vous allez appr\u00e9cier.<\/p>\n<h3>Tout savoir sur le sac \u00e0 dos Fan Montgomery de New Rebels<\/h3>\n<h4>Un sac \u00e0 dos urbain con\u00e7u pour la pluie<\/h4>\n<p>Les sacs \u00e0 dos Fan Montgomery sont con\u00e7us et fabriqu\u00e9s en mat\u00e9riau PU\/polyur\u00e9thane perm\u00e9able, ce qui signifie que le sac \u00e0 dos est hydrofuge. Le Rolltop se ferme par velcro et le sac lui-m\u00eame se ferme avec 2 boutons pression de haute qualit\u00e9. New Rebels signe ici un sac \u00e0 dos r\u00e9sistant \u00e0 la pluie, ce qui le rend id\u00e9al pour le quotidien ou les voyages.<\/p>\n<h4>New Rebels, des Fans du rangement<\/h4>\n<p>Gr\u00e2ce au spacieux compartiment principal de 12 litres, qui peut \u00eatre facilement agrandi de 38 cm \u00e0 48 cm et monter ainsi jusqu&#8217;\u00e0 15 litres en d\u00e9roulant la partie enroulable en haut du sac, le Fan Montgomery est id\u00e9al pour aller \u00e0 l&#8217;\u00e9cole, au travail ou en vacances. Il peut contenir un ordinateur de 15,6 pouces, avec pochette, dans son compartiment s\u00e9par\u00e9, ou encore transporter facilement une liseuse ou une petite tablette dans un compartiment d\u00e9di\u00e9. A l&#8217;int\u00e9rieur se trouve un autre compartiment qui se ferme par un zip, pratique pour ranger les . Enfin la poche ext\u00e9rieure zipp\u00e9e est pratique pour un acc\u00e8s facile.<\/p>\n<h4>New rebels, ou le sac \u00e0 dos ultra confortable<\/h4>\n<p>Avec New Rebels, chaque sac \u00e0 dos est pens\u00e9 pour \u00eatre tr\u00e8s confortable gr\u00e2ce \u00e0 sa surface et ses bretelles arri\u00e8re rembourr\u00e9es et r\u00e9glables. Les mat\u00e9riaux rembourr\u00e9s du sac Fan Montgomery sont con\u00e7us pour respirer, donc pas de dos mouill\u00e9 par temps chaud. Son poids ultra l\u00e9ger rend ce sac facile et agr\u00e9able \u00e0 transporter, et toujours fonctionnel.<\/p>\n<h4>Zoom sur le sac \u00e0 dos Fan Montgomery de New Rebels<\/h4>\n<p>\u2022 Dimensions ext\u00e9rieures d\u00e9ploy\u00e9es : H 48 x L 28 x P 11 cm<br \/>\u2022 Dimensions ext\u00e9rieures enroul\u00e9 : H 38 x L 28 x P 11 cm<br \/>\u2022 Taille de l&#8217;ordinateur portable : 7,9 pouces &#8211; 15,6 pouces\u00a0\u00a0 <br \/>\u2022 Volume : 12 litres enroul\u00e9<br \/>\u2022 Volume : 15 litres d\u00e9ploy\u00e9<br \/>\u2022 Poids\u00a0: 700\u00a0grammes<br \/>\u2022 Mat\u00e9riau : 100 % polyur\u00e9thane (hydrofuge)<\/p>\n","protected":false},"excerpt":{"rendered":"<p>New Rebels fabrique des sacs \u00e0 dos confortables et r\u00e9sistants \u00e0 la pluie. Le Fan Montgomery est id\u00e9al pour les portables de 15,6 pouces. Le style New Rebels pour un sac \u00e0 dos au quotidien Le sac \u00e0 dos Fane Montgomery est le compagnon pr\u00e9f\u00e9r\u00e9 des aventuriers urbains. Fabriqu\u00e9 \u00e0 partir de mati\u00e8re hydrofuge, vos [&hellip;]<\/p>\n","protected":false},"featured_media":672253,"comment_status":"open","ping_status":"closed","template":"","meta":[],"product_brand":[],"product_cat":[1756,1764],"product_tag":[],"acf":[],"_links":{"self":[{"href":"https:\/\/streetmarkets.fr\/app\/wp-json\/wp\/v2\/product\/672252"}],"collection":[{"href":"https:\/\/streetmarkets.fr\/app\/wp-json\/wp\/v2\/product"}],"about":[{"href":"https:\/\/streetmarkets.fr\/app\/wp-json\/wp\/v2\/types\/product"}],"replies":[{"embeddable":true,"href":"https:\/\/streetmarkets.fr\/app\/wp-json\/wp\/v2\/comments?post=672252"}],"wp:featuredmedia":[{"embeddable":true,"href":"https:\/\/streetmarkets.fr\/app\/wp-json\/wp\/v2\/media\/672253"}],"wp:attachment":[{"href":"https:\/\/streetmarkets.fr\/app\/wp-json\/wp\/v2\/media?parent=672252"}],"wp:term":[{"taxonomy":"product_brand","embeddable":true,"href":"https:\/\/streetmarkets.fr\/app\/wp-json\/wp\/v2\/product_brand?post=672252"},{"taxonomy":"product_cat","embeddable":true,"href":"https:\/\/streetmarkets.fr\/app\/wp-json\/wp\/v2\/product_cat?post=672252"},{"taxonomy":"product_tag","embeddable":true,"href":"https:\/\/streetmarkets.fr\/app\/wp-json\/wp\/v2\/product_tag?post=672252"}],"curies":[{"name":"wp","href":"https:\/\/api.w.org\/{rel}","templated":true}]}}