{"id":672238,"date":"2024-10-13T18:46:41","date_gmt":"2024-10-13T16:46:41","guid":{"rendered":"https:\/\/streetmarkets.fr\/app\/produit\/banane-hindbag-olivia-2024\/"},"modified":"2024-10-13T18:46:55","modified_gmt":"2024-10-13T16:46:55","slug":"banane-hindbag-olivia-2024","status":"publish","type":"product","link":"https:\/\/streetmarkets.fr\/app\/produit\/banane-hindbag-olivia-2024\/","title":{"rendered":"Banane Hindbag Olivia 2024"},"content":{"rendered":"<p>Pour 2024, Hindbag a fait les choses en grand. D\u00e9couvrez les nouvelles couleurs d\u2019Olivia, le best-seller de la marque<\/p>\n<h3><span style=\"color:#005376\">Les nouvelles couleurs Hindbag pour garder la banane<\/span><\/h3>\n<p>Hindbag passe en mode hiver, et sa banane et Olivia a toujours autant de succ\u00e8s. C\u2019est la marque Fran\u00e7aise \u00e9thique et solidaire d\u2019accessoires qui sont fabriqu\u00e9s par une ONG indienne, SSMI, qui \u0153uvre \u00e0 l\u2019\u00e9mancipation des femmes et l\u2019\u00e9ducation des enfants du quartier de Punjabi Bagh \u00e0 New Delhi. Il n\u2019y a plus qu\u2019\u00e0 choisir votre couleur pr\u00e9f\u00e9r\u00e9e dans la nouvelle collection Automne Hiver 2024.<\/p>\n<h3>Tout savoir la banane Olivia 2024<\/h3>\n<p>Dimensions : L 32 cm &#8211; H 15 cm \u2013 P 9 cmMati\u00e8re : Coton bio \u00e9pais 500g\/m2 labellis\u00e9 GOTS super r\u00e9sistant\u2028<br \/>Ou laine recycl\u00e9e au label GRS (GlobalRecycled Standards)<\/p>\n<p>Une Anse ajustable pour tous les d\u00e9placements\u2028<br \/>1 poche zipp\u00e9e ultra-pratique\u2028<\/p>\n<p>Dessin\u00e9 en France et fabriqu\u00e9 par une ONG indienne, SSMI, qui \u0153uvre \u00e0 l&#8217;\u00e9mancipation des femmes et l&#8217;\u00e9ducation des enfants en Inde.<\/p>\n","protected":false},"excerpt":{"rendered":"<p>Pour 2024, Hindbag a fait les choses en grand. D\u00e9couvrez les nouvelles couleurs d\u2019Olivia, le best-seller de la marque Les nouvelles couleurs Hindbag pour garder la banane Hindbag passe en mode hiver, et sa banane et Olivia a toujours autant de succ\u00e8s. C\u2019est la marque Fran\u00e7aise \u00e9thique et solidaire d\u2019accessoires qui sont fabriqu\u00e9s par une [&hellip;]<\/p>\n","protected":false},"featured_media":672239,"comment_status":"open","ping_status":"closed","template":"","meta":[],"product_brand":[],"product_cat":[1756,1764],"product_tag":[1810],"acf":[],"_links":{"self":[{"href":"https:\/\/streetmarkets.fr\/app\/wp-json\/wp\/v2\/product\/672238"}],"collection":[{"href":"https:\/\/streetmarkets.fr\/app\/wp-json\/wp\/v2\/product"}],"about":[{"href":"https:\/\/streetmarkets.fr\/app\/wp-json\/wp\/v2\/types\/product"}],"replies":[{"embeddable":true,"href":"https:\/\/streetmarkets.fr\/app\/wp-json\/wp\/v2\/comments?post=672238"}],"wp:featuredmedia":[{"embeddable":true,"href":"https:\/\/streetmarkets.fr\/app\/wp-json\/wp\/v2\/media\/672239"}],"wp:attachment":[{"href":"https:\/\/streetmarkets.fr\/app\/wp-json\/wp\/v2\/media?parent=672238"}],"wp:term":[{"taxonomy":"product_brand","embeddable":true,"href":"https:\/\/streetmarkets.fr\/app\/wp-json\/wp\/v2\/product_brand?post=672238"},{"taxonomy":"product_cat","embeddable":true,"href":"https:\/\/streetmarkets.fr\/app\/wp-json\/wp\/v2\/product_cat?post=672238"},{"taxonomy":"product_tag","embeddable":true,"href":"https:\/\/streetmarkets.fr\/app\/wp-json\/wp\/v2\/product_tag?post=672238"}],"curies":[{"name":"wp","href":"https:\/\/api.w.org\/{rel}","templated":true}]}}