{"id":672204,"date":"2024-10-13T18:46:40","date_gmt":"2024-10-13T16:46:40","guid":{"rendered":"https:\/\/streetmarkets.fr\/app\/produit\/sac-banane-hindbag-harry\/"},"modified":"2024-10-14T01:45:57","modified_gmt":"2024-10-13T23:45:57","slug":"sac-banane-hindbag-harry","status":"publish","type":"product","link":"https:\/\/streetmarkets.fr\/app\/produit\/sac-banane-hindbag-harry\/","title":{"rendered":"Sac Banane Hindbag Harry"},"content":{"rendered":"<p>Harry, c\u2019est la banane rectangulaire de Hindbag, la marque \u00e9coresponsable du coton Bio que l\u2019on porte partout en toute libert\u00e9<\/p>\n<h3>Harry, la banane revisit\u00e9e par Hindbag<\/h3>\n<p>Harry, c\u2019est la banane Hindbag rectangulaire avec des poches avant et arri\u00e8re hypers pratiques. La marque Fran\u00e7aise \u00e9thique et solidaire d\u2019accessoires qui sont fabriqu\u00e9s par une ONG indienne, SSMI, qui \u0153uvre \u00e0 l\u2019\u00e9mancipation des femmes et l\u2019\u00e9ducation des enfants. Un super concept pour donner la banane !<\/p>\n<h3>Tout savoir Harry, la banane rectangle de Hindbag<\/h3>\n<p>Poches avant et arri\u00e8re zipp\u00e9s<br \/>Dimensions : L 24 cm &#8211; H 14 cm \u2013 P 2 cm<br \/>Coton bio \u00e9pais 500g \/ m2 labellis\u00e9 GOTS, super r\u00e9sistant<br \/>Une Anse ajustable pour tous les d\u00e9placements<br \/>Dessin\u00e9 en France et fabriqu\u00e9 par une ONG indienne, SSMI, qui \u0153uvre \u00e0 l&#8217;\u00e9mancipation des femmes et l&#8217;\u00e9ducation des enfants en Inde.<\/p>\n","protected":false},"excerpt":{"rendered":"<p>Harry, c\u2019est la banane rectangulaire de Hindbag, la marque \u00e9coresponsable du coton Bio que l\u2019on porte partout en toute libert\u00e9 Harry, la banane revisit\u00e9e par Hindbag Harry, c\u2019est la banane Hindbag rectangulaire avec des poches avant et arri\u00e8re hypers pratiques. La marque Fran\u00e7aise \u00e9thique et solidaire d\u2019accessoires qui sont fabriqu\u00e9s par une ONG indienne, SSMI, [&hellip;]<\/p>\n","protected":false},"featured_media":672205,"comment_status":"open","ping_status":"closed","template":"","meta":[],"product_brand":[],"product_cat":[1756,1764],"product_tag":[1810],"acf":[],"_links":{"self":[{"href":"https:\/\/streetmarkets.fr\/app\/wp-json\/wp\/v2\/product\/672204"}],"collection":[{"href":"https:\/\/streetmarkets.fr\/app\/wp-json\/wp\/v2\/product"}],"about":[{"href":"https:\/\/streetmarkets.fr\/app\/wp-json\/wp\/v2\/types\/product"}],"replies":[{"embeddable":true,"href":"https:\/\/streetmarkets.fr\/app\/wp-json\/wp\/v2\/comments?post=672204"}],"wp:featuredmedia":[{"embeddable":true,"href":"https:\/\/streetmarkets.fr\/app\/wp-json\/wp\/v2\/media\/672205"}],"wp:attachment":[{"href":"https:\/\/streetmarkets.fr\/app\/wp-json\/wp\/v2\/media?parent=672204"}],"wp:term":[{"taxonomy":"product_brand","embeddable":true,"href":"https:\/\/streetmarkets.fr\/app\/wp-json\/wp\/v2\/product_brand?post=672204"},{"taxonomy":"product_cat","embeddable":true,"href":"https:\/\/streetmarkets.fr\/app\/wp-json\/wp\/v2\/product_cat?post=672204"},{"taxonomy":"product_tag","embeddable":true,"href":"https:\/\/streetmarkets.fr\/app\/wp-json\/wp\/v2\/product_tag?post=672204"}],"curies":[{"name":"wp","href":"https:\/\/api.w.org\/{rel}","templated":true}]}}