{"id":672180,"date":"2024-10-13T18:46:40","date_gmt":"2024-10-13T16:46:40","guid":{"rendered":"https:\/\/streetmarkets.fr\/app\/produit\/banane-hindbag-olivia-festival\/"},"modified":"2024-10-14T01:45:57","modified_gmt":"2024-10-13T23:45:57","slug":"banane-hindbag-olivia-festival","status":"publish","type":"product","link":"https:\/\/streetmarkets.fr\/app\/produit\/banane-hindbag-olivia-festival\/","title":{"rendered":"Banane Hindbag Olivia Festival"},"content":{"rendered":"<p>Avec 6 nouvelles couleurs, Olivia comble ses fans pour garder la banane en 2024. Hindbag r\u00e9ussit une collection \u00ab Summer \u00bb tr\u00e8s r\u00e9ussie et color\u00e9e<\/p>\n<h2>En concert ou en soir\u00e9e, on sort toujours avec la banane Olivia<\/h2>\n<p>Festival, dance floor, soir\u00e9e \u00e0 la plage o\u00f9 diner entre amis, l\u2019\u00e9t\u00e9 va \u00eatre chaud avec la banane Olvia. Hindbag a du succ\u00e8s car c\u2019est la marque Fran\u00e7aise \u00e9thique et solidaire d\u2019accessoires qui sont fabriqu\u00e9s par une ONG indienne, SSMI, qui \u0153uvre \u00e0 l\u2019\u00e9mancipation des femmes et l\u2019\u00e9ducation des enfants du quartier de Punjabi Bagh \u00e0 New Delhi.<\/p>\n<h2>Tout savoir sur la banane Olivia des Festivals<\/h2>\n<p>Olivia, c\u2019est la banane de Hindbag pour \u00eatre libre de ses mouvements :<br \/>6 couleurs au choix<br \/>Dimensions : L 32 cm &#8211; H 15 cm \u2013 P 9 cm<br \/>Coton bio \u00e9pais 500g\/m2 labellis\u00e9 GOTS, super r\u00e9sistant<br \/>Une Anse ajustable pour tous les d\u00e9placements<br \/>1 poche zipp\u00e9e ultra-pratique<br \/>Dessin\u00e9 en France et fabriqu\u00e9 par une ONG indienne, SSMI, qui \u0153uvre \u00e0 l&#8217;\u00e9mancipation des femmes et l&#8217;\u00e9ducation des enfants en Inde.<\/p>\n","protected":false},"excerpt":{"rendered":"<p>Avec 6 nouvelles couleurs, Olivia comble ses fans pour garder la banane en 2024. Hindbag r\u00e9ussit une collection \u00ab Summer \u00bb tr\u00e8s r\u00e9ussie et color\u00e9e En concert ou en soir\u00e9e, on sort toujours avec la banane Olivia Festival, dance floor, soir\u00e9e \u00e0 la plage o\u00f9 diner entre amis, l\u2019\u00e9t\u00e9 va \u00eatre chaud avec la banane [&hellip;]<\/p>\n","protected":false},"featured_media":672181,"comment_status":"open","ping_status":"closed","template":"","meta":[],"product_brand":[],"product_cat":[1756,1764],"product_tag":[1810],"acf":[],"_links":{"self":[{"href":"https:\/\/streetmarkets.fr\/app\/wp-json\/wp\/v2\/product\/672180"}],"collection":[{"href":"https:\/\/streetmarkets.fr\/app\/wp-json\/wp\/v2\/product"}],"about":[{"href":"https:\/\/streetmarkets.fr\/app\/wp-json\/wp\/v2\/types\/product"}],"replies":[{"embeddable":true,"href":"https:\/\/streetmarkets.fr\/app\/wp-json\/wp\/v2\/comments?post=672180"}],"wp:featuredmedia":[{"embeddable":true,"href":"https:\/\/streetmarkets.fr\/app\/wp-json\/wp\/v2\/media\/672181"}],"wp:attachment":[{"href":"https:\/\/streetmarkets.fr\/app\/wp-json\/wp\/v2\/media?parent=672180"}],"wp:term":[{"taxonomy":"product_brand","embeddable":true,"href":"https:\/\/streetmarkets.fr\/app\/wp-json\/wp\/v2\/product_brand?post=672180"},{"taxonomy":"product_cat","embeddable":true,"href":"https:\/\/streetmarkets.fr\/app\/wp-json\/wp\/v2\/product_cat?post=672180"},{"taxonomy":"product_tag","embeddable":true,"href":"https:\/\/streetmarkets.fr\/app\/wp-json\/wp\/v2\/product_tag?post=672180"}],"curies":[{"name":"wp","href":"https:\/\/api.w.org\/{rel}","templated":true}]}}