{"id":672156,"date":"2024-10-13T18:46:39","date_gmt":"2024-10-13T16:46:39","guid":{"rendered":"https:\/\/streetmarkets.fr\/app\/produit\/banane-hindbag-sofia\/"},"modified":"2024-10-14T01:45:57","modified_gmt":"2024-10-13T23:45:57","slug":"banane-hindbag-sofia","status":"publish","type":"product","link":"https:\/\/streetmarkets.fr\/app\/produit\/banane-hindbag-sofia\/","title":{"rendered":"Banane Hindbag Sofia"},"content":{"rendered":"<p>Sofia, c\u2019est la plus grande des bananes Hindbag. Avec ses trois poches, elle pour devient le compagnon id\u00e9al le quotidien.<\/p>\n<h3>Une banane hyper pratique avec ses trois poches<\/h3>\n<p><strong>Sofia,<\/strong> c\u2019est le sac banane XL de la marque Hindbag, le compagnon id\u00e9al pour les petits d\u00e9placements et le quotidien. Elle va vous donner un look color\u00e9 en fonction de votre style. Avec elle, vous emmenez partout toutes vos affaires gr\u00e2ce \u00e0 sa grande poche centrale et ses deux petites \u00e0 l\u2019avant et \u00e0 l\u2019arri\u00e8re qui permettent un acc\u00e8s facile. En plus Sophia est \u00e9co-friendly car son cr\u00e9ateur, Hindbag, est la marque Fran\u00e7aise \u00e9thique et solidaire d\u2019accessoires qui sont fabriqu\u00e9s par une ONG indienne, SSMI, et qui \u0153uvre pour l\u2019\u00e9mancipation des femmes et l\u2019\u00e9ducation des enfants. Pensez \u00e9coresponsable !<\/p>\n<h3>Tout savoir Sofia, le sac \u00ab Banane XL \u00bb de Hindbag<\/h3>\n<p>Coton bio \u00e9pais 500g \/ m2 labellis\u00e9 GOTS, super r\u00e9sistant<br \/>Anse &amp; Bandouli\u00e8re ajustable pour tous les d\u00e9placements<br \/>Grande poche zipp\u00e9e avec deux petites poches ext\u00e9rieures<br \/>Dimensions : L 43 cm &#8211; H 19 cm \u2013 P 10 cm<br \/>Dessin\u00e9 en France et fabriqu\u00e9 par une ONG indienne, SSMI, qui \u0153uvre \u00e0 l&#8217;\u00e9mancipation des femmes et l&#8217;\u00e9ducation des enfants en Inde.<\/p>\n","protected":false},"excerpt":{"rendered":"<p>Sofia, c\u2019est la plus grande des bananes Hindbag. Avec ses trois poches, elle pour devient le compagnon id\u00e9al le quotidien. Une banane hyper pratique avec ses trois poches Sofia, c\u2019est le sac banane XL de la marque Hindbag, le compagnon id\u00e9al pour les petits d\u00e9placements et le quotidien. Elle va vous donner un look color\u00e9 [&hellip;]<\/p>\n","protected":false},"featured_media":672157,"comment_status":"open","ping_status":"closed","template":"","meta":[],"product_brand":[],"product_cat":[1756,1764],"product_tag":[1810],"acf":[],"_links":{"self":[{"href":"https:\/\/streetmarkets.fr\/app\/wp-json\/wp\/v2\/product\/672156"}],"collection":[{"href":"https:\/\/streetmarkets.fr\/app\/wp-json\/wp\/v2\/product"}],"about":[{"href":"https:\/\/streetmarkets.fr\/app\/wp-json\/wp\/v2\/types\/product"}],"replies":[{"embeddable":true,"href":"https:\/\/streetmarkets.fr\/app\/wp-json\/wp\/v2\/comments?post=672156"}],"wp:featuredmedia":[{"embeddable":true,"href":"https:\/\/streetmarkets.fr\/app\/wp-json\/wp\/v2\/media\/672157"}],"wp:attachment":[{"href":"https:\/\/streetmarkets.fr\/app\/wp-json\/wp\/v2\/media?parent=672156"}],"wp:term":[{"taxonomy":"product_brand","embeddable":true,"href":"https:\/\/streetmarkets.fr\/app\/wp-json\/wp\/v2\/product_brand?post=672156"},{"taxonomy":"product_cat","embeddable":true,"href":"https:\/\/streetmarkets.fr\/app\/wp-json\/wp\/v2\/product_cat?post=672156"},{"taxonomy":"product_tag","embeddable":true,"href":"https:\/\/streetmarkets.fr\/app\/wp-json\/wp\/v2\/product_tag?post=672156"}],"curies":[{"name":"wp","href":"https:\/\/api.w.org\/{rel}","templated":true}]}}