{"id":672106,"date":"2024-10-13T18:46:38","date_gmt":"2024-10-13T16:46:38","guid":{"rendered":"https:\/\/streetmarkets.fr\/app\/produit\/lund-london-gourde-isotherme-skittle-original-500ml-cadeau-insolite\/"},"modified":"2024-10-14T01:45:56","modified_gmt":"2024-10-13T23:45:56","slug":"lund-london-gourde-isotherme-skittle-original-500ml-cadeau-insolite","status":"publish","type":"product","link":"https:\/\/streetmarkets.fr\/app\/produit\/lund-london-gourde-isotherme-skittle-original-500ml-cadeau-insolite\/","title":{"rendered":"Lund London | Gourde Isotherme Skittle Original 500ml | Cadeau Insolite"},"content":{"rendered":"<p>La bouteille isotherme 500 ml en forme de quille de Lund London est un cadeau original \u00e0 faire \u00e0 vos amis. Un design Insolite, un must-Have !<\/p>\n<h2>Offrez-vous la gourde original Skittle de Lund London\u00a0! Un Cadeau Insolite<\/h2>\n<h3>Une gourde isotherme aux couleurs originales qui va faire plaisir\u00a0!<\/h3>\n<p>Cette bouteille isotherme d\u2019une capacit\u00e9 de 500 ml est fabriqu\u00e9e en acier inoxydable de haute qualit\u00e9. En forme de quille, la Skittle allie fonctionnalit\u00e9 et design contemporain avec ses couleurs d\u2019un arc-en-ciel. Id\u00e9al pour garder \u00e0 bonne temp\u00e9rature vos boissons chaudes et froides, la bouteille de Lund London va vous rendre la vie quotidienne un peu plus lumineuse\u00a0!<\/p>\n<h3>Tout savoir sur la gourde Isotherme Skittler Original de Lund London<\/h3>\n<p>Capacit\u00e9 de 500 ml, id\u00e9al pour tous vos d\u00e9placements <br \/>Dimensions\u00a0: 8.5 \u00d7 8.5 \u00d7 24 cm | Poids\u00a0: 400 g<br \/>Bouteille R\u00e9utilisable pour un monde plus vert <br \/>Fabriqu\u00e9 en acier inoxydable, Sans BPA, PVC et phtalates<br \/>Garde le contenu au frais pendant 24 heures<br \/>Garde le contenu au chaud pendant 12 heures<br \/>Convient aux gla\u00e7ons standards<br \/>Emballages recycl\u00e9s et recyclables<\/p>\n<p><a href=\"\/brand\/49-Lund-London\"><br \/>\n        <img decoding=\"async\" src=\"\/img\/cms\/00%20all%20site\/Brand%20Marque\/Lund%20London\/Lund_london.png\" alt=\"\" \/><\/a><br \/>\n                    Lund London | + de produits en un clic<\/p>\n<h2>Zoom sur la gourde originale Skittle de Lund London<\/h2>\n<p>Les bouteilles d&#8217;eau Skittle de Lund London allient beaut\u00e9 esth\u00e9tique et praticit\u00e9 au quotidien. C\u2019est devenu en quelques ann\u00e9es la Star des bouteilles isothermes gr\u00e2ce \u00e0 un design soign\u00e9 aux couleurs vives avec des motifs originaux. Cette quille de Lund Design est devenue le \u00ab\u00a0Must Have\u00a0\u00bb au quotidien pour les sportifs, les enfants, au bureau et pour tous ceux qui veulent faire un geste \u00e9coresponsable car ces bouteilles isothermes sont parfaites pour les boissons chaudes ou froides. Lund London fait partie du programme &#8220;Climate Positive Workforce&#8221; qui plante des arbres pour compenser son empreinte carbone dans le cadre d\u2019une vraie d\u00e9marche \u00e9co-friendly\u00a0!<\/p>\n<h2>La gourde skittle de Lund Design, on l\u2019adore. Super original !<\/h2>\n<p>C\u2019est certainement la bouteille isotherme la plus design et originale disponible uniquement dans les meilleurs shops. Des couleurs hypers sympas, un design travaill\u00e9, c\u2019est la bouteille qu\u2019on am\u00e8ne partout ! Une belle capacit\u00e9 de 500 ml et des couleurs arc-en-ciel qu\u2019on adore ! <\/p>\n<p>La Note:<\/p>\n<p><strong>4,7\/5<\/strong><\/p>\n","protected":false},"excerpt":{"rendered":"<p>La bouteille isotherme 500 ml en forme de quille de Lund London est un cadeau original \u00e0 faire \u00e0 vos amis. Un design Insolite, un must-Have ! Offrez-vous la gourde original Skittle de Lund London\u00a0! Un Cadeau Insolite Une gourde isotherme aux couleurs originales qui va faire plaisir\u00a0! Cette bouteille isotherme d\u2019une capacit\u00e9 de 500 [&hellip;]<\/p>\n","protected":false},"featured_media":672107,"comment_status":"open","ping_status":"closed","template":"","meta":[],"product_brand":[],"product_cat":[1756,1764],"product_tag":[],"acf":[],"_links":{"self":[{"href":"https:\/\/streetmarkets.fr\/app\/wp-json\/wp\/v2\/product\/672106"}],"collection":[{"href":"https:\/\/streetmarkets.fr\/app\/wp-json\/wp\/v2\/product"}],"about":[{"href":"https:\/\/streetmarkets.fr\/app\/wp-json\/wp\/v2\/types\/product"}],"replies":[{"embeddable":true,"href":"https:\/\/streetmarkets.fr\/app\/wp-json\/wp\/v2\/comments?post=672106"}],"wp:featuredmedia":[{"embeddable":true,"href":"https:\/\/streetmarkets.fr\/app\/wp-json\/wp\/v2\/media\/672107"}],"wp:attachment":[{"href":"https:\/\/streetmarkets.fr\/app\/wp-json\/wp\/v2\/media?parent=672106"}],"wp:term":[{"taxonomy":"product_brand","embeddable":true,"href":"https:\/\/streetmarkets.fr\/app\/wp-json\/wp\/v2\/product_brand?post=672106"},{"taxonomy":"product_cat","embeddable":true,"href":"https:\/\/streetmarkets.fr\/app\/wp-json\/wp\/v2\/product_cat?post=672106"},{"taxonomy":"product_tag","embeddable":true,"href":"https:\/\/streetmarkets.fr\/app\/wp-json\/wp\/v2\/product_tag?post=672106"}],"curies":[{"name":"wp","href":"https:\/\/api.w.org\/{rel}","templated":true}]}}