{"id":672094,"date":"2024-10-13T18:46:38","date_gmt":"2024-10-13T16:46:38","guid":{"rendered":"https:\/\/streetmarkets.fr\/app\/produit\/many-mornings-handyman-la-chaussette-du-bricoleur\/"},"modified":"2024-10-14T01:45:56","modified_gmt":"2024-10-13T23:45:56","slug":"many-mornings-handyman-la-chaussette-du-bricoleur","status":"publish","type":"product","link":"https:\/\/streetmarkets.fr\/app\/produit\/many-mornings-handyman-la-chaussette-du-bricoleur\/","title":{"rendered":"Many Mornings Handyman, la chaussette du bricoleur"},"content":{"rendered":"<p>Many Mornings s\u00e9duit les fans de bricolages, le petit cadeau \u00e0 faire \u00e0 son papa ou son ch\u00e9ri pour qu\u2019il sorte enfin sa trousse \u00e0 outils le dimanche.<\/p>\n<h3><span style=\"color:#005376\">Les chaussettes id\u00e9ales pour les papas qui font du bricolage<\/span><\/h3>\n<p>Avec Many Mornings \u00ab The Handyman \u00bb, vous vous offrez la paire de chaussettes \u00e0 tous ceux qui aiment le bricolage ! Scie, marteau, clef \u00e0 molette, perceuse, et m\u00e8tre pour mesurer, tout y est pour le parfait bricoleur du dimanche. Des chaussettes qui vont captiver l\u2019attention dans tous les magasins brico, et faire des envieux. On offre cette paire de chaussettes \u00e0 ceux qu\u2019on aime \u00e0 no\u00ebl, \u00e0 la f\u00eate des p\u00e8res et m\u00eame au saint valentin. Enfin pour cette derni\u00e8re, c\u2019est un signal !<\/p>\n<p><strong>3 paires de chaussettes achet\u00e9es = Le frais de port offer<\/strong>t<\/p>\n<h3>Tout savoir sur les chaussettes \u00ab The Handyman \u00bb de Many Mornings<\/h3>\n<p>Motif \u00e0 th\u00e8me : Bricolage et perceuse<br \/>Couleurs Noir et orange<br \/>Disponible en trois tailles ; 35-38 \/ 39-42 \/ 43-46<br \/>Norme Oeko-Tex 100<br \/>Disponible dans toutes les bonnes animaleries !<\/p>\n<p><strong>Une paire de chaussettes \u00e9coresponsable<\/strong> pour se balader dans les magasins de bricolage<\/p>\n<p>\u00c9tiquettes sans plastique<br \/>Fils fabriqu\u00e9s \u00e0 proximit\u00e9 de l&#8217;usine de production de chaussettes (environ 10 km)<br \/>Pas de production de masse (uniquement ce qui est vendu).<\/p>\n<p>Les chaussettes \u00ab Handyman \u00bb sont fabriqu\u00e9es en Europe !<\/p>\n","protected":false},"excerpt":{"rendered":"<p>Many Mornings s\u00e9duit les fans de bricolages, le petit cadeau \u00e0 faire \u00e0 son papa ou son ch\u00e9ri pour qu\u2019il sorte enfin sa trousse \u00e0 outils le dimanche. Les chaussettes id\u00e9ales pour les papas qui font du bricolage Avec Many Mornings \u00ab The Handyman \u00bb, vous vous offrez la paire de chaussettes \u00e0 tous ceux [&hellip;]<\/p>\n","protected":false},"featured_media":672095,"comment_status":"open","ping_status":"closed","template":"","meta":[],"product_brand":[],"product_cat":[1756,1764],"product_tag":[1810],"acf":[],"_links":{"self":[{"href":"https:\/\/streetmarkets.fr\/app\/wp-json\/wp\/v2\/product\/672094"}],"collection":[{"href":"https:\/\/streetmarkets.fr\/app\/wp-json\/wp\/v2\/product"}],"about":[{"href":"https:\/\/streetmarkets.fr\/app\/wp-json\/wp\/v2\/types\/product"}],"replies":[{"embeddable":true,"href":"https:\/\/streetmarkets.fr\/app\/wp-json\/wp\/v2\/comments?post=672094"}],"wp:featuredmedia":[{"embeddable":true,"href":"https:\/\/streetmarkets.fr\/app\/wp-json\/wp\/v2\/media\/672095"}],"wp:attachment":[{"href":"https:\/\/streetmarkets.fr\/app\/wp-json\/wp\/v2\/media?parent=672094"}],"wp:term":[{"taxonomy":"product_brand","embeddable":true,"href":"https:\/\/streetmarkets.fr\/app\/wp-json\/wp\/v2\/product_brand?post=672094"},{"taxonomy":"product_cat","embeddable":true,"href":"https:\/\/streetmarkets.fr\/app\/wp-json\/wp\/v2\/product_cat?post=672094"},{"taxonomy":"product_tag","embeddable":true,"href":"https:\/\/streetmarkets.fr\/app\/wp-json\/wp\/v2\/product_tag?post=672094"}],"curies":[{"name":"wp","href":"https:\/\/api.w.org\/{rel}","templated":true}]}}