{"id":672082,"date":"2024-10-13T18:46:38","date_gmt":"2024-10-13T16:46:38","guid":{"rendered":"https:\/\/streetmarkets.fr\/app\/produit\/porte-cartes-paul-en-cuir-nubuck-larmorie-cadeau-accessoires-homme\/"},"modified":"2024-10-14T01:45:56","modified_gmt":"2024-10-13T23:45:56","slug":"porte-cartes-paul-en-cuir-nubuck-larmorie-cadeau-accessoires-homme","status":"publish","type":"product","link":"https:\/\/streetmarkets.fr\/app\/produit\/porte-cartes-paul-en-cuir-nubuck-larmorie-cadeau-accessoires-homme\/","title":{"rendered":"Porte-Cartes Paul en Cuir Nubuck | Larmorie | Cadeau accessoires Homme"},"content":{"rendered":"<p>Un porte-cartes en cuir nubuck, tr\u00e8s pratique pour donner un acc\u00e8s rapide \u00e0 ses cartes et ses billets. Paul, c\u2019est la bonne id\u00e9e cadeau pour les hommes libres !<\/p>\n<h2>Porte-cartes Paul, Accessoire Larmorie, le Cuir Nubuck c\u2019est Chic !<\/h2>\n<h3>Porte-cartes Paul, l\u2019accessoire cadeau Homme pour \u00eatre libre !<\/h3>\n<p>Ce porte-cartes Paul est enti\u00e8rement con\u00e7u en cuir vachette pleine fleur en finition Nubuck. La marque Larmorie vous garantit une qualit\u00e9 irr\u00e9prochable avec ce cuir doux et d\u2019une grande souplesse. Chic et \u00e9l\u00e9gant avec sa surpiq\u00fbre tr\u00e8s soign\u00e9e, cet accessoire homme est 100% Made In France !<\/p>\n<h3>Tout savoir sur le porte-cartes Paul en Nubuck<\/h3>\n<p>Avec ses 6 compliments pour accueillir les cartes, Paul en version nubuck, poss\u00e8de de chaque c\u00f4t\u00e9, une poche plate o\u00f9 peuvent \u00eatre gliss\u00e9es billets, tickets de m\u00e9tro\u2026 Une grande poche plate centrale vient compl\u00e9ter les rangements afin d\u2019accueillir des papiers tels que les cartes d\u2019identit\u00e9. (H 12.5 et L 9 cm dimensions internes).<\/p>\n<p><a href=\"\/brand\/63-larmorie\"> <img decoding=\"async\" src=\"\/img\/cms\/00%20all%20site\/Brand%20Marque\/Larmorie\/Larmorie%20france.png\" alt=\"\" \/><\/a> Porte-Cartes Larmorie<\/p>\n<h2>Paul Nubuck, un porte-cartes Larmorie Made In France !<\/h2>\n<p>Le porte-cartes Paul de la marque Larmorie est le mod\u00e8le jeune cette marque fran\u00e7aise qui s\u2019inscrit enti\u00e8rement dans le principe du made in France (fabrication et assemblage). Ainsi depuis 1968, la marque travaille sur la qualit\u00e9 de ses cuirs et au renouvellement de ses mod\u00e8les. Cela donne des accessoires hommes originaux, tr\u00e8s design et chic. La maroquinerie de Larmorie conna\u00eet aujourd\u2019hui un grand succ\u00e8s aupr\u00e8s des hommes, et en quelques ann\u00e9es, elle est devenue l\u2019un des portes drapeaux du savoir-faire Made In France !<\/p>\n<h2>Paul, le porte-cartes en nubuck id\u00e9al pour un cadeau Homme !<\/h2>\n<p>C\u2019est le porte-cartes id\u00e9al pour les hommes qui aiment voyager l\u00e9ger. On adore la qualit\u00e9 de ce nubuck qui confirme que la maison Larmorie fait partie des experts dans le domaine de la maroquinerie et du Made in France avec Paul.\u00a0<\/p>\n<p>La Note:<\/p>\n<p>4,75\/5<\/p>\n<p><a href=\"\/brand\/62-marcel-travel-posters\"> <img decoding=\"async\" src=\"\/img\/cms\/00%20all%20site\/Logo%20marque\/Made-in-france.png\" alt=\"\" \/><\/a> Larmorie Made In France<\/p>\n","protected":false},"excerpt":{"rendered":"<p>Un porte-cartes en cuir nubuck, tr\u00e8s pratique pour donner un acc\u00e8s rapide \u00e0 ses cartes et ses billets. Paul, c\u2019est la bonne id\u00e9e cadeau pour les hommes libres ! Porte-cartes Paul, Accessoire Larmorie, le Cuir Nubuck c\u2019est Chic ! Porte-cartes Paul, l\u2019accessoire cadeau Homme pour \u00eatre libre ! Ce porte-cartes Paul est enti\u00e8rement con\u00e7u en [&hellip;]<\/p>\n","protected":false},"featured_media":672083,"comment_status":"open","ping_status":"closed","template":"","meta":[],"product_brand":[],"product_cat":[1756,1760],"product_tag":[],"acf":[],"_links":{"self":[{"href":"https:\/\/streetmarkets.fr\/app\/wp-json\/wp\/v2\/product\/672082"}],"collection":[{"href":"https:\/\/streetmarkets.fr\/app\/wp-json\/wp\/v2\/product"}],"about":[{"href":"https:\/\/streetmarkets.fr\/app\/wp-json\/wp\/v2\/types\/product"}],"replies":[{"embeddable":true,"href":"https:\/\/streetmarkets.fr\/app\/wp-json\/wp\/v2\/comments?post=672082"}],"wp:featuredmedia":[{"embeddable":true,"href":"https:\/\/streetmarkets.fr\/app\/wp-json\/wp\/v2\/media\/672083"}],"wp:attachment":[{"href":"https:\/\/streetmarkets.fr\/app\/wp-json\/wp\/v2\/media?parent=672082"}],"wp:term":[{"taxonomy":"product_brand","embeddable":true,"href":"https:\/\/streetmarkets.fr\/app\/wp-json\/wp\/v2\/product_brand?post=672082"},{"taxonomy":"product_cat","embeddable":true,"href":"https:\/\/streetmarkets.fr\/app\/wp-json\/wp\/v2\/product_cat?post=672082"},{"taxonomy":"product_tag","embeddable":true,"href":"https:\/\/streetmarkets.fr\/app\/wp-json\/wp\/v2\/product_tag?post=672082"}],"curies":[{"name":"wp","href":"https:\/\/api.w.org\/{rel}","templated":true}]}}