{"id":672066,"date":"2024-10-13T18:46:37","date_gmt":"2024-10-13T16:46:37","guid":{"rendered":"https:\/\/streetmarkets.fr\/app\/produit\/portefeuille-larmorie-arthur-cuir-graine-cadeau-accessoire-homme\/"},"modified":"2024-10-14T01:45:56","modified_gmt":"2024-10-13T23:45:56","slug":"portefeuille-larmorie-arthur-cuir-graine-cadeau-accessoire-homme","status":"publish","type":"product","link":"https:\/\/streetmarkets.fr\/app\/produit\/portefeuille-larmorie-arthur-cuir-graine-cadeau-accessoire-homme\/","title":{"rendered":"Portefeuille Larmorie | Arthur Cuir Grain\u00e9 | Cadeau accessoire Homme"},"content":{"rendered":"<p>Arthur, c\u2019est le portefeuille en cuir Grain\u00e9 id\u00e9al pour l\u2019essentiel de ses papiers. Une bonne id\u00e9e cadeau homme au style italien sign\u00e9 Larmorie !<\/p>\n<h2>Offrez-lui Arthur en cadeau, le portefeuille de Larmorie en cuir grain\u00e9<\/h2>\n<h3>Arthur, l\u2019accessoire homme en cuir Grain\u00e9 au style italien\u00a0!<\/h3>\n<p>Ce portefeuille Arthur en cuir grain\u00e9 est tr\u00e8s pratique. Con\u00e7u en cuir de vachette pleine fleur, il devient tr\u00e8s chic avec cette finition. La maison Larmorie garantit\u00a0une qualit\u00e9 irr\u00e9prochable de ses ces cuirs et de cette fabrication 100% Made In France. Le c\u00f4t\u00e9 \u00e9l\u00e9gant d\u2019Arthur vient de son style italien, un secret de cette fabrication de cette maison !<\/p>\n<h3>Tout savoir sur le portefeuille Arthur en Cuir Grain\u00e9<\/h3>\n<p>\u00c0 l\u2019ouverture de votre portefeuille Arthur Grain\u00e9, vous trouverez 3 emplacements pour accueillir vos cartes, puis deux poches plates pour les papiers. Sur la face de droite, une nouvelle poche plate est accessible, avec une seconde poche zipp\u00e9e pour sa petite monnaie. Enfin un logement dorsal pour les billets s\u2019ouvre sur toute la longueur avec \u00e0 l\u2019arri\u00e8re du portefeuille se trouve une poche pour le permis de conduire.<\/p>\n<p><a href=\"\/brand\/63-larmorie\"><br \/>\n        <img decoding=\"async\" src=\"\/img\/cms\/00%20all%20site\/Brand%20Marque\/Larmorie\/Larmorie%20france.png\" alt=\"\" \/><\/a><br \/>\n                    Larmorie Athur<\/p>\n<h2>Larmorie et Arthur en cuir Grain\u00e9, c\u2019est tout une histoire !<\/h2>\n<p>Le portefeuille Arthur de la marque Larmorie est le plus Italien des mod\u00e8les de cette marque fran\u00e7aise qui s\u2019inscrit enti\u00e8rement dans le principe du made in France (fabrication et assemblage). Ainsi depuis 1968, la marque travaille sur la qualit\u00e9 de ses cuirs Grain\u00e9s et le renouvellement de ses mod\u00e8les. Cela donne des accessoires hommes originaux, tr\u00e8s design et chic. La maroquinerie de Larmorie conna\u00eet aujourd\u2019hui un grand succ\u00e8s aupr\u00e8s des hommes, et en quelques ann\u00e9es, elle est devenue l\u2019un des portes drapeaux du savoir-faire Made In France !<\/p>\n<h2>Portefeuille en cuir Grain\u00e9 Arthur, un beau cadeau Homme ! <\/h2>\n<p>Arthur en cuir grain\u00e9, c\u2019est le portefeuille au style italien id\u00e9al pour accompagner les hommes dans tous leurs d\u00e9placements. Une qualit\u00e9 de cuir et de nombreux rangements font de cet accassoire un tr\u00e8s beau cadeau homme !<\/p>\n<p>La Note:<\/p>\n<p>4,75\/5<\/p>\n<p>                    <a href=\"\/brand\/62-marcel-travel-posters\"><br \/>\n        <img decoding=\"async\" src=\"\/img\/cms\/00%20all%20site\/Logo%20marque\/Made-in-france.png\" alt=\"\" \/><\/a><br \/>\n                    Larmorie Portefeuille made In France<\/p>\n","protected":false},"excerpt":{"rendered":"<p>Arthur, c\u2019est le portefeuille en cuir Grain\u00e9 id\u00e9al pour l\u2019essentiel de ses papiers. Une bonne id\u00e9e cadeau homme au style italien sign\u00e9 Larmorie ! Offrez-lui Arthur en cadeau, le portefeuille de Larmorie en cuir grain\u00e9 Arthur, l\u2019accessoire homme en cuir Grain\u00e9 au style italien\u00a0! Ce portefeuille Arthur en cuir grain\u00e9 est tr\u00e8s pratique. Con\u00e7u en [&hellip;]<\/p>\n","protected":false},"featured_media":672067,"comment_status":"open","ping_status":"closed","template":"","meta":[],"product_brand":[],"product_cat":[1756,1760],"product_tag":[],"acf":[],"_links":{"self":[{"href":"https:\/\/streetmarkets.fr\/app\/wp-json\/wp\/v2\/product\/672066"}],"collection":[{"href":"https:\/\/streetmarkets.fr\/app\/wp-json\/wp\/v2\/product"}],"about":[{"href":"https:\/\/streetmarkets.fr\/app\/wp-json\/wp\/v2\/types\/product"}],"replies":[{"embeddable":true,"href":"https:\/\/streetmarkets.fr\/app\/wp-json\/wp\/v2\/comments?post=672066"}],"wp:featuredmedia":[{"embeddable":true,"href":"https:\/\/streetmarkets.fr\/app\/wp-json\/wp\/v2\/media\/672067"}],"wp:attachment":[{"href":"https:\/\/streetmarkets.fr\/app\/wp-json\/wp\/v2\/media?parent=672066"}],"wp:term":[{"taxonomy":"product_brand","embeddable":true,"href":"https:\/\/streetmarkets.fr\/app\/wp-json\/wp\/v2\/product_brand?post=672066"},{"taxonomy":"product_cat","embeddable":true,"href":"https:\/\/streetmarkets.fr\/app\/wp-json\/wp\/v2\/product_cat?post=672066"},{"taxonomy":"product_tag","embeddable":true,"href":"https:\/\/streetmarkets.fr\/app\/wp-json\/wp\/v2\/product_tag?post=672066"}],"curies":[{"name":"wp","href":"https:\/\/api.w.org\/{rel}","templated":true}]}}