{"id":672061,"date":"2024-10-13T18:46:37","date_gmt":"2024-10-13T16:46:37","guid":{"rendered":"https:\/\/streetmarkets.fr\/app\/produit\/t-shirt-montmartre-homme-n1-paname-rouge\/"},"modified":"2024-10-14T01:45:56","modified_gmt":"2024-10-13T23:45:56","slug":"t-shirt-montmartre-homme-n1-paname-rouge","status":"publish","type":"product","link":"https:\/\/streetmarkets.fr\/app\/produit\/t-shirt-montmartre-homme-n1-paname-rouge\/","title":{"rendered":"T-Shirt Montmartre Homme N\u00b01 &#8211; Paname Rouge"},"content":{"rendered":"<p>Offrez un T-shirt de Montmartre unique avec Paris en rouge. Un cadeau pour les hommes qui aiment les cols ronds !<\/p>\n<h2>Le T-Shirt homme en coton Bio pour un cadeau de Montmartre Paris<\/h2>\n<h3>Offrez-lui un T-Shirt \u00e9dit\u00e9 en 50 exemplaires | Montmartre N\u00b01 Rouge<\/h3>\n<p>You &amp; Me Paris et la marque Kapitals s\u2019associent pour une id\u00e9e folle : Lancer une \u00e9dition de T-shirt homme \u00e9dit\u00e9e \u00e0 seulement 50 exemplaires toutes tailles, tous cols et toutes couleurs confondues. Le concept est simple \u00e0 chaque \u00e9dition, quelque chose change : un nom, une couleur du lettrage .. Seul Montmartre reste ! Ainsi pour sa premi\u00e8re \u00e9dition, retrouvez la ville de paris en rouge pour un t-shirt homme unique !\u00a0<\/p>\n<h3>Montmartre N\u00b01 Paname Rouge, T-shirt bio col rond pour Homme<\/h3>\n<p>Montmartre N\u00b0 1 est un T-shirt en version col rond et coton BIO. Retrouvez Tokyo, New-York, Sydney, Montmartre et Paris en couleurs Rouge. <\/p>\n<p>\u00a0\u00a0 \u00a0\u2022\u00a0\u00a0\u00a0 100% coton BIO* (sauf 4XL)<br \/>\u00a0\u00a0 \u00a0\u2022\u00a0\u00a0\u00a0 Gris chin\u00e9 : 70% coton bio \/ 30% viscose<br \/>\u00a0\u00a0 \u00a0\u2022\u00a0\u00a0\u00a0 Col en bord-c\u00f4te 1\u00d71 avec \u00e9lasthanne<br \/>\u00a0\u00a0 \u00a0\u2022\u00a0\u00a0\u00a0 Coupe ajust\u00e9e mode<br \/>\u00a0\u00a0 \u00a0\u2022\u00a0\u00a0\u00a0 Bande de propret\u00e9 ton sur ton \u00e0 l\u2019encolure<\/p>\n<p><a href=\"\/brand\/69-you-me-paris\"> <img decoding=\"async\" src=\"\/img\/cms\/00%20all%20site\/Brand%20Marque\/you%20&amp;%20Me%20paris\/you_and_me_paris_france.png\" alt=\"\" \/><\/a> You &amp; Me Paris | La s\u00e9l\u00e9ction en 1 clic<\/p>\n<h2>Montmartre N\u00b01 Rouge | Le cadeau Homme Parisien de You &amp; Me<\/h2>\n<p style=\"margin:0px;font-size:12px;line-height:normal;font-family:Helvetica\">Situ\u00e9 dans rue des Martyrs, au c\u0153ur de Montmartre, You &amp; Me Paris c\u2019est le concept store avant-gardiste autour du plaisir de vivre. Une boutique cadeau qui s\u00e9lectionne des id\u00e9es \u00e0 offrir pour hommes et pour femmes amoureux de mode et de design. Le T-shirt col rond Montmartre N\u00b01 en rouge est aujourd\u2019hui un grand succ\u00e8s, car plus qu\u2019une boutique, You &amp; Me Paris est un \u00e9tat d\u2019esprit pour rendre son cadeau unique\u00a0!<\/p>\n<h2>Montmartre Paname rouge, le T-shirt N\u00b01 \u00e0 offrir aux hommes !<\/h2>\n<p>Voil\u00e0 une super id\u00e9e cadeau et surtout unique. Avec son col rond et paris en rouge, You &amp; Me et Kapitals lancent un super concept car il sera difficile de trouver le m\u00eame dans le monde. 50 exemplaires toutes tailles, tous cols et toutes couleurs confondues, et pas plus !<\/p>\n<p>La Note:<\/p>\n<p><strong>4,5\/5<\/strong><\/p>\n","protected":false},"excerpt":{"rendered":"<p>Offrez un T-shirt de Montmartre unique avec Paris en rouge. Un cadeau pour les hommes qui aiment les cols ronds ! Le T-Shirt homme en coton Bio pour un cadeau de Montmartre Paris Offrez-lui un T-Shirt \u00e9dit\u00e9 en 50 exemplaires | Montmartre N\u00b01 Rouge You &amp; Me Paris et la marque Kapitals s\u2019associent pour une [&hellip;]<\/p>\n","protected":false},"featured_media":672062,"comment_status":"open","ping_status":"closed","template":"","meta":[],"product_brand":[],"product_cat":[1756,1760],"product_tag":[],"acf":[],"_links":{"self":[{"href":"https:\/\/streetmarkets.fr\/app\/wp-json\/wp\/v2\/product\/672061"}],"collection":[{"href":"https:\/\/streetmarkets.fr\/app\/wp-json\/wp\/v2\/product"}],"about":[{"href":"https:\/\/streetmarkets.fr\/app\/wp-json\/wp\/v2\/types\/product"}],"replies":[{"embeddable":true,"href":"https:\/\/streetmarkets.fr\/app\/wp-json\/wp\/v2\/comments?post=672061"}],"wp:featuredmedia":[{"embeddable":true,"href":"https:\/\/streetmarkets.fr\/app\/wp-json\/wp\/v2\/media\/672062"}],"wp:attachment":[{"href":"https:\/\/streetmarkets.fr\/app\/wp-json\/wp\/v2\/media?parent=672061"}],"wp:term":[{"taxonomy":"product_brand","embeddable":true,"href":"https:\/\/streetmarkets.fr\/app\/wp-json\/wp\/v2\/product_brand?post=672061"},{"taxonomy":"product_cat","embeddable":true,"href":"https:\/\/streetmarkets.fr\/app\/wp-json\/wp\/v2\/product_cat?post=672061"},{"taxonomy":"product_tag","embeddable":true,"href":"https:\/\/streetmarkets.fr\/app\/wp-json\/wp\/v2\/product_tag?post=672061"}],"curies":[{"name":"wp","href":"https:\/\/api.w.org\/{rel}","templated":true}]}}