{"id":672027,"date":"2024-10-13T18:46:36","date_gmt":"2024-10-13T16:46:36","guid":{"rendered":"https:\/\/streetmarkets.fr\/app\/produit\/hindbag-olivia-banane-matelasse\/"},"modified":"2024-10-14T01:45:56","modified_gmt":"2024-10-13T23:45:56","slug":"hindbag-olivia-banane-matelasse","status":"publish","type":"product","link":"https:\/\/streetmarkets.fr\/app\/produit\/hindbag-olivia-banane-matelasse\/","title":{"rendered":"Hindbag Olivia &#8211; Banane Matelass\u00e9"},"content":{"rendered":"<p>Olivia Matelass\u00e9, c\u2019est le sac banane original et pratique en coton Bio qui soutient une d\u00e9marche pour am\u00e9liorer le travail des femmes en indes sign\u00e9 Hindbag<\/p>\n<h3>La version chic de la banane Olivia sign\u00e9 Hindbag<\/h3>\n<p>Hindbag se met sur son 31 avec cette nouvelle version matelass\u00e9e de sa c\u00e9l\u00e8bre banane Olivia. Une la marque Fran\u00e7aise \u00e9thique et solidaire d\u2019accessoires qui sont fabriqu\u00e9s par une ONG indienne, SSMI, qui \u0153uvre \u00e0 l\u2019\u00e9mancipation des femmes et l\u2019\u00e9ducation des enfants. On adore le concept et on garde la banane !<\/p>\n<h3>Tout savoir sur le sac banane Olivia Matelass\u00e9<\/h3>\n<p>Version Matelass\u00e9e de la banane Olivia<br \/>Dimensions : L 32 cm &#8211; H 15 cm \u2013 P 9 cm<br \/>Coton bio \u00e9pais 500g \/ m2 labellis\u00e9 GOTS, super r\u00e9sistant<br \/>Une Anse ajustable pour tous les d\u00e9placements<br \/>1 poche zipp\u00e9e ultra-pratique<br \/>Dessin\u00e9 en France et fabriqu\u00e9 par une ONG indienne, SSMI, qui \u0153uvre \u00e0 l&#8217;\u00e9mancipation des femmes et l&#8217;\u00e9ducation des enfants en Inde.<\/p>\n","protected":false},"excerpt":{"rendered":"<p>Olivia Matelass\u00e9, c\u2019est le sac banane original et pratique en coton Bio qui soutient une d\u00e9marche pour am\u00e9liorer le travail des femmes en indes sign\u00e9 Hindbag La version chic de la banane Olivia sign\u00e9 Hindbag Hindbag se met sur son 31 avec cette nouvelle version matelass\u00e9e de sa c\u00e9l\u00e8bre banane Olivia. Une la marque Fran\u00e7aise [&hellip;]<\/p>\n","protected":false},"featured_media":672028,"comment_status":"open","ping_status":"closed","template":"","meta":[],"product_brand":[],"product_cat":[1756,1764],"product_tag":[1810],"acf":[],"_links":{"self":[{"href":"https:\/\/streetmarkets.fr\/app\/wp-json\/wp\/v2\/product\/672027"}],"collection":[{"href":"https:\/\/streetmarkets.fr\/app\/wp-json\/wp\/v2\/product"}],"about":[{"href":"https:\/\/streetmarkets.fr\/app\/wp-json\/wp\/v2\/types\/product"}],"replies":[{"embeddable":true,"href":"https:\/\/streetmarkets.fr\/app\/wp-json\/wp\/v2\/comments?post=672027"}],"wp:featuredmedia":[{"embeddable":true,"href":"https:\/\/streetmarkets.fr\/app\/wp-json\/wp\/v2\/media\/672028"}],"wp:attachment":[{"href":"https:\/\/streetmarkets.fr\/app\/wp-json\/wp\/v2\/media?parent=672027"}],"wp:term":[{"taxonomy":"product_brand","embeddable":true,"href":"https:\/\/streetmarkets.fr\/app\/wp-json\/wp\/v2\/product_brand?post=672027"},{"taxonomy":"product_cat","embeddable":true,"href":"https:\/\/streetmarkets.fr\/app\/wp-json\/wp\/v2\/product_cat?post=672027"},{"taxonomy":"product_tag","embeddable":true,"href":"https:\/\/streetmarkets.fr\/app\/wp-json\/wp\/v2\/product_tag?post=672027"}],"curies":[{"name":"wp","href":"https:\/\/api.w.org\/{rel}","templated":true}]}}