{"id":671996,"date":"2024-10-13T18:46:36","date_gmt":"2024-10-13T16:46:36","guid":{"rendered":"https:\/\/streetmarkets.fr\/app\/produit\/hindbag-mini-simon-sac-polochon\/"},"modified":"2024-10-14T01:45:56","modified_gmt":"2024-10-13T23:45:56","slug":"hindbag-mini-simon-sac-polochon","status":"publish","type":"product","link":"https:\/\/streetmarkets.fr\/app\/produit\/hindbag-mini-simon-sac-polochon\/","title":{"rendered":"Hindbag Mini Simon, Sac Polochon"},"content":{"rendered":"<p>Ce mini sac Polochon est super pratique et en l\u2019offrant permet de soutenir une d\u00e9marche de commerce \u00e9quitable .. \u00c0 d\u00e9couvrir !<\/p>\n<h3>Petit et pratique, on am\u00e8ne le min Simon partout !<\/h3>\n<p>Hindbag Mini-Simon c&#8217;est le sac cosy qu&#8217;on adore au quotidien. La marque Fran\u00e7aise \u00e9thique et solidaire produit des accessoires qui sont fabriqu\u00e9s par une ONG indienne, SSMI, qui \u0153uvre \u00e0 l\u2019\u00e9mancipation des femmes et l\u2019\u00e9ducation des enfants du quartier de Punjabi Bagh \u00e0 New Delhi.<\/p>\n<h3>Simon, le mini sac Pratique de Hindbag<\/h3>\n<p>Dimensions : H 18 x L 35 x 18 cm<br \/>Coton bio \u00e9pais 500g\/m2 labellis\u00e9 GOTS, super r\u00e9sistant<br \/>Anses 56 cm et sangle amovible et ajustable pour port\u00e9 bandouli\u00e8re<br \/>Fermeture zipp\u00e9e<br \/>Dessin\u00e9 en France et fabriqu\u00e9 par une ONG indienne, SSMI, qui \u0153uvre \u00e0 l&#8217;\u00e9mancipation des femmes et l&#8217;\u00e9ducation des enfants en Inde.<\/p>\n<\/p>\n<p><img decoding=\"async\" loading=\"lazy\" src=\"\/img\/cms\/00%20all%20site\/Logo%20marque\/Design%20in%20france.png\" alt=\"Hindbag France\" width=\"299\" height=\"102\" \/><\/p>\n","protected":false},"excerpt":{"rendered":"<p>Ce mini sac Polochon est super pratique et en l\u2019offrant permet de soutenir une d\u00e9marche de commerce \u00e9quitable .. \u00c0 d\u00e9couvrir ! Petit et pratique, on am\u00e8ne le min Simon partout ! Hindbag Mini-Simon c&#8217;est le sac cosy qu&#8217;on adore au quotidien. La marque Fran\u00e7aise \u00e9thique et solidaire produit des accessoires qui sont fabriqu\u00e9s par [&hellip;]<\/p>\n","protected":false},"featured_media":671997,"comment_status":"open","ping_status":"closed","template":"","meta":[],"product_brand":[],"product_cat":[1756,1764],"product_tag":[],"acf":[],"_links":{"self":[{"href":"https:\/\/streetmarkets.fr\/app\/wp-json\/wp\/v2\/product\/671996"}],"collection":[{"href":"https:\/\/streetmarkets.fr\/app\/wp-json\/wp\/v2\/product"}],"about":[{"href":"https:\/\/streetmarkets.fr\/app\/wp-json\/wp\/v2\/types\/product"}],"replies":[{"embeddable":true,"href":"https:\/\/streetmarkets.fr\/app\/wp-json\/wp\/v2\/comments?post=671996"}],"wp:featuredmedia":[{"embeddable":true,"href":"https:\/\/streetmarkets.fr\/app\/wp-json\/wp\/v2\/media\/671997"}],"wp:attachment":[{"href":"https:\/\/streetmarkets.fr\/app\/wp-json\/wp\/v2\/media?parent=671996"}],"wp:term":[{"taxonomy":"product_brand","embeddable":true,"href":"https:\/\/streetmarkets.fr\/app\/wp-json\/wp\/v2\/product_brand?post=671996"},{"taxonomy":"product_cat","embeddable":true,"href":"https:\/\/streetmarkets.fr\/app\/wp-json\/wp\/v2\/product_cat?post=671996"},{"taxonomy":"product_tag","embeddable":true,"href":"https:\/\/streetmarkets.fr\/app\/wp-json\/wp\/v2\/product_tag?post=671996"}],"curies":[{"name":"wp","href":"https:\/\/api.w.org\/{rel}","templated":true}]}}