{"id":671975,"date":"2024-10-13T18:46:35","date_gmt":"2024-10-13T16:46:35","guid":{"rendered":"https:\/\/streetmarkets.fr\/app\/produit\/hindbag-simon-le-sac-polochon\/"},"modified":"2024-10-14T01:45:56","modified_gmt":"2024-10-13T23:45:56","slug":"hindbag-simon-le-sac-polochon","status":"publish","type":"product","link":"https:\/\/streetmarkets.fr\/app\/produit\/hindbag-simon-le-sac-polochon\/","title":{"rendered":"Hindbag Simon, le Sac Polochon"},"content":{"rendered":"<p>Ce sac Polochon est super pratique et en l\u2019offrant permet de soutenir une d\u00e9marche de commerce \u00e9quitable .. \u00c0 d\u00e9couvrir !<\/p>\n<h3>Hindbag Simon soutient le Commerce \u00c9quitable<\/h3>\n<p>A offrant le le polochon Simon, vous soutenez ne marque Fran\u00e7aise \u00e9thique et solidaire d\u2019accessoires qui sont fabriqu\u00e9s par une ONG indienne, SSMI, qui \u0153uvre \u00e0 l\u2019\u00e9mancipation des femmes et l\u2019\u00e9ducation des enfants du quartier de Punjabi Bagh \u00e0 New Delhi.<\/p>\n<h3>Choisissez Simon, Un Cadeau Homme &#8211; Femme | Hindbag<\/h3>\n<p>&#8211; Dimensions : H 25 x L 48 x 25 cm, <br \/>&#8211; Capacit\u00e9 33 L\u2028\u2028<br \/>&#8211; Coton bio \u00e9pais 500g\/m2 labellis\u00e9 GOTS, super r\u00e9sistant\u2028\u2028<br \/>&#8211; Anses 68 cm et sangle amovible et ajustable pour port\u00e9 bandouli\u00e8re\u2028\u2028<br \/>&#8211; Poche int\u00e9rieure 24 x 22 cm\u2028\u2028<br \/>&#8211; Fermeture zipp\u00e9e\u2028\u2028<br \/>&#8211; Dessin\u00e9 en France et fabriqu\u00e9 par une ONG indienne, SSMI, qui oeuvre \u00e0 l&#8217;\u00e9mancipation des femmes et l&#8217;\u00e9ducation des enfants en Inde.\u2028<\/p>\n<p><img decoding=\"async\" loading=\"lazy\" src=\"\/img\/cms\/00%20all%20site\/Logo%20marque\/Design%20in%20france.png\" alt=\"Hindbag France\" width=\"299\" height=\"102\" \/><\/p>\n","protected":false},"excerpt":{"rendered":"<p>Ce sac Polochon est super pratique et en l\u2019offrant permet de soutenir une d\u00e9marche de commerce \u00e9quitable .. \u00c0 d\u00e9couvrir ! Hindbag Simon soutient le Commerce \u00c9quitable A offrant le le polochon Simon, vous soutenez ne marque Fran\u00e7aise \u00e9thique et solidaire d\u2019accessoires qui sont fabriqu\u00e9s par une ONG indienne, SSMI, qui \u0153uvre \u00e0 l\u2019\u00e9mancipation des [&hellip;]<\/p>\n","protected":false},"featured_media":671976,"comment_status":"open","ping_status":"closed","template":"","meta":[],"product_brand":[],"product_cat":[1756,1764],"product_tag":[],"acf":[],"_links":{"self":[{"href":"https:\/\/streetmarkets.fr\/app\/wp-json\/wp\/v2\/product\/671975"}],"collection":[{"href":"https:\/\/streetmarkets.fr\/app\/wp-json\/wp\/v2\/product"}],"about":[{"href":"https:\/\/streetmarkets.fr\/app\/wp-json\/wp\/v2\/types\/product"}],"replies":[{"embeddable":true,"href":"https:\/\/streetmarkets.fr\/app\/wp-json\/wp\/v2\/comments?post=671975"}],"wp:featuredmedia":[{"embeddable":true,"href":"https:\/\/streetmarkets.fr\/app\/wp-json\/wp\/v2\/media\/671976"}],"wp:attachment":[{"href":"https:\/\/streetmarkets.fr\/app\/wp-json\/wp\/v2\/media?parent=671975"}],"wp:term":[{"taxonomy":"product_brand","embeddable":true,"href":"https:\/\/streetmarkets.fr\/app\/wp-json\/wp\/v2\/product_brand?post=671975"},{"taxonomy":"product_cat","embeddable":true,"href":"https:\/\/streetmarkets.fr\/app\/wp-json\/wp\/v2\/product_cat?post=671975"},{"taxonomy":"product_tag","embeddable":true,"href":"https:\/\/streetmarkets.fr\/app\/wp-json\/wp\/v2\/product_tag?post=671975"}],"curies":[{"name":"wp","href":"https:\/\/api.w.org\/{rel}","templated":true}]}}