{"id":671935,"date":"2024-10-13T18:46:35","date_gmt":"2024-10-13T16:46:35","guid":{"rendered":"https:\/\/streetmarkets.fr\/app\/produit\/banane-hindbag-olivia\/"},"modified":"2024-10-14T01:45:56","modified_gmt":"2024-10-13T23:45:56","slug":"banane-hindbag-olivia","status":"publish","type":"product","link":"https:\/\/streetmarkets.fr\/app\/produit\/banane-hindbag-olivia\/","title":{"rendered":"Banane Hindbag Olivia"},"content":{"rendered":"<p>Olivia, c\u2019est la banane originale et chic en coton Bio qui soutient une d\u00e9marche pour am\u00e9liorer le travail des femmes en indes. Le cadeau pour les voyages !<\/p>\n<h3>Offrez-Lui une banane Olivia pour changer son quotidien<\/h3>\n<p>Hindbag \u00e0 du succ\u00e8s avec la banane Olivia, car c\u2019est la marque Fran\u00e7aise \u00e9thique et solidaire d\u2019accessoires qui sont fabriqu\u00e9s par une ONG indienne, SSMI, qui \u0153uvre \u00e0 l\u2019\u00e9mancipation des femmes et l\u2019\u00e9ducation des enfants du quartier de Punjabi Bagh \u00e0 New Delhi. Il n\u2019y a plus qu\u2019\u00e0 choisir votre couleur pr\u00e9f\u00e9r\u00e9e.<\/p>\n<h3>Tout savoir la banane super pratique Olivia<\/h3>\n<p>Dimensions : L 32 cm &#8211; H 15 cm \u2013 P 9 cm<br \/>Coton bio \u00e9pais 500g\/m2 labellis\u00e9 GOTS, super r\u00e9sistant<br \/>Une Anse ajustable pour tous les d\u00e9placements<br \/>1 poche zipp\u00e9e ultra-pratique<br \/>Dessin\u00e9 en France et fabriqu\u00e9 par une ONG indienne, SSMI, qui \u0153uvre \u00e0 l&#8217;\u00e9mancipation des femmes et l&#8217;\u00e9ducation des enfants en Inde.<\/p>\n<p><img decoding=\"async\" loading=\"lazy\" src=\"\/img\/cms\/00%20all%20site\/Logo%20marque\/Design%20in%20france.png\" alt=\"Hindbag Olivia France\" width=\"299\" height=\"102\" \/><strong><\/strong><\/p>\n","protected":false},"excerpt":{"rendered":"<p>Olivia, c\u2019est la banane originale et chic en coton Bio qui soutient une d\u00e9marche pour am\u00e9liorer le travail des femmes en indes. Le cadeau pour les voyages ! Offrez-Lui une banane Olivia pour changer son quotidien Hindbag \u00e0 du succ\u00e8s avec la banane Olivia, car c\u2019est la marque Fran\u00e7aise \u00e9thique et solidaire d\u2019accessoires qui sont [&hellip;]<\/p>\n","protected":false},"featured_media":671936,"comment_status":"open","ping_status":"closed","template":"","meta":[],"product_brand":[],"product_cat":[1756,1764],"product_tag":[1810],"acf":[],"_links":{"self":[{"href":"https:\/\/streetmarkets.fr\/app\/wp-json\/wp\/v2\/product\/671935"}],"collection":[{"href":"https:\/\/streetmarkets.fr\/app\/wp-json\/wp\/v2\/product"}],"about":[{"href":"https:\/\/streetmarkets.fr\/app\/wp-json\/wp\/v2\/types\/product"}],"replies":[{"embeddable":true,"href":"https:\/\/streetmarkets.fr\/app\/wp-json\/wp\/v2\/comments?post=671935"}],"wp:featuredmedia":[{"embeddable":true,"href":"https:\/\/streetmarkets.fr\/app\/wp-json\/wp\/v2\/media\/671936"}],"wp:attachment":[{"href":"https:\/\/streetmarkets.fr\/app\/wp-json\/wp\/v2\/media?parent=671935"}],"wp:term":[{"taxonomy":"product_brand","embeddable":true,"href":"https:\/\/streetmarkets.fr\/app\/wp-json\/wp\/v2\/product_brand?post=671935"},{"taxonomy":"product_cat","embeddable":true,"href":"https:\/\/streetmarkets.fr\/app\/wp-json\/wp\/v2\/product_cat?post=671935"},{"taxonomy":"product_tag","embeddable":true,"href":"https:\/\/streetmarkets.fr\/app\/wp-json\/wp\/v2\/product_tag?post=671935"}],"curies":[{"name":"wp","href":"https:\/\/api.w.org\/{rel}","templated":true}]}}