{"id":671901,"date":"2024-10-13T18:46:34","date_gmt":"2024-10-13T16:46:34","guid":{"rendered":"https:\/\/streetmarkets.fr\/app\/produit\/sac-a-dos-lefrik-handy\/"},"modified":"2024-10-14T01:45:56","modified_gmt":"2024-10-13T23:45:56","slug":"sac-a-dos-lefrik-handy","status":"publish","type":"product","link":"https:\/\/streetmarkets.fr\/app\/produit\/sac-a-dos-lefrik-handy\/","title":{"rendered":"Sac \u00e0 dos Lefrik Handy"},"content":{"rendered":"<p>Un sac \u00e0 dos chic et \u00e9coresponsable pour le quotidien. Faites un geste pour la plan\u00e8te avec Handy, le best-sellers de Lefrik<\/p>\n<h2>Un sac \u00e0 dos \u00e9quilibr\u00e9 entre fonctionnalit\u00e9 et mode<\/h2>\n<p>Avec sa silhouette \u00e9pur\u00e9e et \u00e9l\u00e9gante, le sac \u00e0 dos Handy est un des \u00ab best-sellers \u00bb de la marque \u00e9coresponsable.\u00a0 Avec son profil fin et sa grande capacit\u00e9, c&#8217;est le choix id\u00e9al pour les d\u00e9placements quotidiens. La capacit\u00e9 de son compartiment rembourr\u00e9 permet d\u2019accueillir un ordinateur portable jusqu&#8217;\u00e0 15,6 pouces. Le sac \u00e0 dos Daily est le partenaire id\u00e9al pour les trajets quotidiens.<\/p>\n<h2>Tout savoir sur Handy, le sac \u00e0 dos Lefrik du quotidien<\/h2>\n<p>Handy se compose d\u2019une poche \u00e0 acc\u00e8s rapide sur le rabat et une poche de s\u00e9curit\u00e9 \u00e0 l&#8217;arri\u00e8re. Les poign\u00e9es rembourr\u00e9es sont toutes r\u00e9glables. Le double compartiment interne comporte plusieurs poches de rangement. La poche principale est livr\u00e9e avec une pochette rembourr\u00e9e s\u00e9par\u00e9e pour les tablettes et un ordinateur portable jusqu&#8217;\u00e0 15 pouces. Le compartiment avant est livr\u00e9 avec un organiseur intelligent o\u00f9 l\u2019on retrouve ici plusieurs petites cases, pour faciliter le rangement de tous vos petits accessoires.<\/p>\n<p>\u2601 4,2 kg de dioxyde de carbone*<br \/>\ud83d\udca7 6,2 L d\u2019eau*<br \/>\u267b Car il est Compos\u00e9 de 30 bouteilles PET.<br \/>*par rapport \u00e0 un sac \u00e0 dos en polyester vierge.<\/p>\n<p>Sac \u00e0 dos Eco-Friendly | 100% Recycl\u00e9 et \u00c9coresponsable<br \/>Label VEGAN | UPCYCLING\u2028Polyester recycl\u00e9 \u00e0 partir de bouteilles en PET avec rev\u00eatement durable, imperm\u00e9able et TPE<\/p>\n","protected":false},"excerpt":{"rendered":"<p>Un sac \u00e0 dos chic et \u00e9coresponsable pour le quotidien. Faites un geste pour la plan\u00e8te avec Handy, le best-sellers de Lefrik Un sac \u00e0 dos \u00e9quilibr\u00e9 entre fonctionnalit\u00e9 et mode Avec sa silhouette \u00e9pur\u00e9e et \u00e9l\u00e9gante, le sac \u00e0 dos Handy est un des \u00ab best-sellers \u00bb de la marque \u00e9coresponsable.\u00a0 Avec son profil [&hellip;]<\/p>\n","protected":false},"featured_media":671902,"comment_status":"open","ping_status":"closed","template":"","meta":[],"product_brand":[],"product_cat":[1756,1764],"product_tag":[1810],"acf":[],"_links":{"self":[{"href":"https:\/\/streetmarkets.fr\/app\/wp-json\/wp\/v2\/product\/671901"}],"collection":[{"href":"https:\/\/streetmarkets.fr\/app\/wp-json\/wp\/v2\/product"}],"about":[{"href":"https:\/\/streetmarkets.fr\/app\/wp-json\/wp\/v2\/types\/product"}],"replies":[{"embeddable":true,"href":"https:\/\/streetmarkets.fr\/app\/wp-json\/wp\/v2\/comments?post=671901"}],"wp:featuredmedia":[{"embeddable":true,"href":"https:\/\/streetmarkets.fr\/app\/wp-json\/wp\/v2\/media\/671902"}],"wp:attachment":[{"href":"https:\/\/streetmarkets.fr\/app\/wp-json\/wp\/v2\/media?parent=671901"}],"wp:term":[{"taxonomy":"product_brand","embeddable":true,"href":"https:\/\/streetmarkets.fr\/app\/wp-json\/wp\/v2\/product_brand?post=671901"},{"taxonomy":"product_cat","embeddable":true,"href":"https:\/\/streetmarkets.fr\/app\/wp-json\/wp\/v2\/product_cat?post=671901"},{"taxonomy":"product_tag","embeddable":true,"href":"https:\/\/streetmarkets.fr\/app\/wp-json\/wp\/v2\/product_tag?post=671901"}],"curies":[{"name":"wp","href":"https:\/\/api.w.org\/{rel}","templated":true}]}}