{"id":671884,"date":"2024-10-13T18:46:34","date_gmt":"2024-10-13T16:46:34","guid":{"rendered":"https:\/\/streetmarkets.fr\/app\/produit\/sac-a-dos-lefrik-mini-roll\/"},"modified":"2024-10-14T01:45:56","modified_gmt":"2024-10-13T23:45:56","slug":"sac-a-dos-lefrik-mini-roll","status":"publish","type":"product","link":"https:\/\/streetmarkets.fr\/app\/produit\/sac-a-dos-lefrik-mini-roll\/","title":{"rendered":"Sac \u00e0 dos Lefrik Mini Roll"},"content":{"rendered":"<p>Lefrik est la marque des petits sacs \u00e0 dos urbains. Le Mini Roll est en fabriqu\u00e9 plastique recycl\u00e9, alors faites un grand geste pour la plan\u00e8te.<\/p>\n<h3>Mini Roll, le petit sac \u00e0 dos de Lefrik au quotidien<\/h3>\n<p>Mini Roll, c\u2019est le sac \u00e0 dos \u00e9coresponsable qui vous accompagne en mode libert\u00e9. Design et tendance, ce sac \u00e0 dos poss\u00e8de de nombreux rangements qui facilitent votre vie. Ainsi, le Roll Mini dispose de deux positions avec un syst\u00e8me de fermeture roll-top avec des aimants puissants et une fermeture \u00e0 glissi\u00e8re. Son large compartiment principal est livr\u00e9 avec une pochette rembourr\u00e9e pour accueillir une petite tablette, une poche zipp\u00e9e et un organiseur en filet. Le design ext\u00e9rieur offre une poche d&#8217;acc\u00e8s rapide \u00e0 l&#8217;arri\u00e8re, ce qui rend le sac \u00e0 dos Roll Mini tr\u00e8s pratique pour vos activit\u00e9s quotidiennes.<\/p>\n<h3>Tout savoir sur le petit sac \u00e0 dos Mini Roll de Lefrik<\/h3>\n<p>Le sac \u00e0 dos Daily est id\u00e9al pour tous vos petits d\u00e9placements. <br \/>&#8211; Fermeture \u00e9clair sur le dessus.<br \/>&#8211; Rouler les 2 positions sup\u00e9rieures.<br \/>&#8211; Poche arri\u00e8re \u00e0 acc\u00e8s rapide<br \/>&#8211; Poches d&#8217;organisation internes<br \/>&#8211; Sac \u00e0 dos Mini Roll Eco-Friendly | 100% Recycl\u00e9 et \u00c9coresponsable<\/p>\n","protected":false},"excerpt":{"rendered":"<p>Lefrik est la marque des petits sacs \u00e0 dos urbains. Le Mini Roll est en fabriqu\u00e9 plastique recycl\u00e9, alors faites un grand geste pour la plan\u00e8te. Mini Roll, le petit sac \u00e0 dos de Lefrik au quotidien Mini Roll, c\u2019est le sac \u00e0 dos \u00e9coresponsable qui vous accompagne en mode libert\u00e9. Design et tendance, ce [&hellip;]<\/p>\n","protected":false},"featured_media":671885,"comment_status":"open","ping_status":"closed","template":"","meta":[],"product_brand":[],"product_cat":[1756,1764],"product_tag":[1810],"acf":[],"_links":{"self":[{"href":"https:\/\/streetmarkets.fr\/app\/wp-json\/wp\/v2\/product\/671884"}],"collection":[{"href":"https:\/\/streetmarkets.fr\/app\/wp-json\/wp\/v2\/product"}],"about":[{"href":"https:\/\/streetmarkets.fr\/app\/wp-json\/wp\/v2\/types\/product"}],"replies":[{"embeddable":true,"href":"https:\/\/streetmarkets.fr\/app\/wp-json\/wp\/v2\/comments?post=671884"}],"wp:featuredmedia":[{"embeddable":true,"href":"https:\/\/streetmarkets.fr\/app\/wp-json\/wp\/v2\/media\/671885"}],"wp:attachment":[{"href":"https:\/\/streetmarkets.fr\/app\/wp-json\/wp\/v2\/media?parent=671884"}],"wp:term":[{"taxonomy":"product_brand","embeddable":true,"href":"https:\/\/streetmarkets.fr\/app\/wp-json\/wp\/v2\/product_brand?post=671884"},{"taxonomy":"product_cat","embeddable":true,"href":"https:\/\/streetmarkets.fr\/app\/wp-json\/wp\/v2\/product_cat?post=671884"},{"taxonomy":"product_tag","embeddable":true,"href":"https:\/\/streetmarkets.fr\/app\/wp-json\/wp\/v2\/product_tag?post=671884"}],"curies":[{"name":"wp","href":"https:\/\/api.w.org\/{rel}","templated":true}]}}