{"id":671865,"date":"2024-10-13T18:46:34","date_gmt":"2024-10-13T16:46:34","guid":{"rendered":"https:\/\/streetmarkets.fr\/app\/produit\/sac-a-dos-lefrik-handy-mini\/"},"modified":"2024-10-14T01:45:56","modified_gmt":"2024-10-13T23:45:56","slug":"sac-a-dos-lefrik-handy-mini","status":"publish","type":"product","link":"https:\/\/streetmarkets.fr\/app\/produit\/sac-a-dos-lefrik-handy-mini\/","title":{"rendered":"Sac \u00e0 dos Lefrik Handy Mini"},"content":{"rendered":"<p>D\u00e9couvrez Lefrik Mini Handy, un petit sac \u00e0 dos chic et \u00e9coresponsable, adapt\u00e9 au quotidien, qui peut accueillir votre portable jusqu&#8217;\u00e0 13 pouces.<\/p>\n<h3>Un petit sac \u00e0 dos pratique sign\u00e9 Lefrik<\/h3>\n<p>Avec sa silhouette \u00e9l\u00e9gante, ce sac \u00e0 dos Handy est tr\u00e8s pratique car il permet d\u2019amener avec soi le n\u00e9cessaire pour la journ\u00e9e. Comme son grand fr\u00e8re, Handy Mini est marque \u00e9coresponsable et sa capacit\u00e9 de 9 litres lui permet d\u2019accueillir votre portable jusqu&#8217;\u00e0 13 pouces. Cette petite taille est parfaite pour un sac \u00e0 dos au quotidien, il vous restera toujours un peu de place pour vos besoins occasionnels.<\/p>\n<h3>Zoom sur le Handy Mini Lefrik<\/h3>\n<p>Version mini du Handy classique, ce petit fr\u00e8re est tout aussi fonctionnel. Avec son profil mince, s&#8217;adapte confortablement \u00e0 un ordinateur portable jusqu&#8217;\u00e0 13,6&#8243;, vous pourrez toujours trouver de la place pour d&#8217;autres objets et accessoires. Il comporte une poche int\u00e9rieure pour bouteille et une poche de s\u00e9curit\u00e9 \u00e0 l&#8217;arri\u00e8re. Bretelles rembourr\u00e9es r\u00e9glables. Sa taille le rend parfait comme sac \u00e0 dos au quotidien.<br \/>\u00a0<br \/>\u2601 4,2 kg de dioxyde de carbone*<br \/>\ud83d\udca7 6,2 L d\u2019eau*<br \/>\u267b Car il est Compos\u00e9 de 30 bouteilles PET.<br \/>*par rapport \u00e0 un sac \u00e0 dos en polyester vierge.<br \/>\u00a0<br \/>Sac \u00e0 dos Eco-Friendly | 100% Recycl\u00e9 et \u00c9coresponsable<br \/>Label VEGAN | UPCYCLING\u2028Polyester recycl\u00e9 \u00e0 partir de bouteilles en PET avec rev\u00eatement durable, imperm\u00e9able et TPE<br \/>\u00a0<br \/>Dimension : 35x30x9 cm \u2028| Poids : 380gr \u2028| Volume : 9 L<\/p>\n","protected":false},"excerpt":{"rendered":"<p>D\u00e9couvrez Lefrik Mini Handy, un petit sac \u00e0 dos chic et \u00e9coresponsable, adapt\u00e9 au quotidien, qui peut accueillir votre portable jusqu&#8217;\u00e0 13 pouces. Un petit sac \u00e0 dos pratique sign\u00e9 Lefrik Avec sa silhouette \u00e9l\u00e9gante, ce sac \u00e0 dos Handy est tr\u00e8s pratique car il permet d\u2019amener avec soi le n\u00e9cessaire pour la journ\u00e9e. Comme [&hellip;]<\/p>\n","protected":false},"featured_media":671866,"comment_status":"open","ping_status":"closed","template":"","meta":[],"product_brand":[],"product_cat":[1756,1764],"product_tag":[1810],"acf":[],"_links":{"self":[{"href":"https:\/\/streetmarkets.fr\/app\/wp-json\/wp\/v2\/product\/671865"}],"collection":[{"href":"https:\/\/streetmarkets.fr\/app\/wp-json\/wp\/v2\/product"}],"about":[{"href":"https:\/\/streetmarkets.fr\/app\/wp-json\/wp\/v2\/types\/product"}],"replies":[{"embeddable":true,"href":"https:\/\/streetmarkets.fr\/app\/wp-json\/wp\/v2\/comments?post=671865"}],"wp:featuredmedia":[{"embeddable":true,"href":"https:\/\/streetmarkets.fr\/app\/wp-json\/wp\/v2\/media\/671866"}],"wp:attachment":[{"href":"https:\/\/streetmarkets.fr\/app\/wp-json\/wp\/v2\/media?parent=671865"}],"wp:term":[{"taxonomy":"product_brand","embeddable":true,"href":"https:\/\/streetmarkets.fr\/app\/wp-json\/wp\/v2\/product_brand?post=671865"},{"taxonomy":"product_cat","embeddable":true,"href":"https:\/\/streetmarkets.fr\/app\/wp-json\/wp\/v2\/product_cat?post=671865"},{"taxonomy":"product_tag","embeddable":true,"href":"https:\/\/streetmarkets.fr\/app\/wp-json\/wp\/v2\/product_tag?post=671865"}],"curies":[{"name":"wp","href":"https:\/\/api.w.org\/{rel}","templated":true}]}}