{"id":671855,"date":"2024-10-13T18:46:33","date_gmt":"2024-10-13T16:46:33","guid":{"rendered":"https:\/\/streetmarkets.fr\/app\/produit\/sac-a-dos-lefrik-scout\/"},"modified":"2024-10-14T01:45:55","modified_gmt":"2024-10-13T23:45:55","slug":"sac-a-dos-lefrik-scout","status":"publish","type":"product","link":"https:\/\/streetmarkets.fr\/app\/produit\/sac-a-dos-lefrik-scout\/","title":{"rendered":"Sac \u00e0 dos Lefrik Scout"},"content":{"rendered":"<p>Lefrik c\u2019est la marque des sacs aventuriers et responsables. Scout est fabriqu\u00e9 en plastique recycl\u00e9, un mod\u00e8le pour la plan\u00e8te.<\/p>\n<h3>Lefrik Scout, le sac \u00e0 dos toujours pr\u00eat \u00e0 partir<\/h3>\n<p>Scout c\u2019est le sac \u00e0 dos \u00e9coresponsable qui vous accompagne au quotidien ou en voyage. Le Scout dispose d&#8217;un acc\u00e8s facile au large compartiment principal et d&#8217;une pochette rembourr\u00e9e pour ordinateur portable de 13,6 \u201d\u00e0 l&#8217;int\u00e9rieur. La poche arri\u00e8re zipp\u00e9e et la poche pratique dans le rabat vous aident \u00e0 organiser vos affaires. Sa fermeture \u00e0 cordon et son rabat prot\u00e8gent vos affaires des jours de pluie, ce qui rend le sac \u00e0 dos tr\u00e8s pratique pour les d\u00e9placements \u00e0 v\u00e9lo toute l&#8217;ann\u00e9e.<\/p>\n<h2>Tout savoir sur le sac Scout de Lefrik<\/h2>\n<p>Le sac dos Scout est toujours pr\u00eat \u00e0 vous suivre au quotidien. Un look classique qui s\u00e9duit toujours par sa capacit\u00e9 de rangements pour s vos aventures :<br \/>\u00a0<br \/>&#8211; Large compartiment principal avec rabat et fermeture par cordon.<br \/>&#8211; Poche arri\u00e8re zipp\u00e9e.<br \/>&#8211; Poche int\u00e9rieure rembourr\u00e9e pour ordinateur portable jusqu&#8217;\u00e0 13,6 &#8220;.<br \/>&#8211; Poche zipp\u00e9e facile d&#8217;acc\u00e8s dans le rabat.<br \/>&#8211; Bretelles r\u00e9glables.<br \/>\u00a0<br \/>Sac \u00e0 dos Eco-Friendly | 100% Recycl\u00e9 et \u00c9coresponsable<br \/>Label VEGAN | UPCYCLING\u2028Polyester recycl\u00e9 \u00e0 partir de bouteilles en PET avec rev\u00eatement durable, imperm\u00e9able et TPE<br \/>\u00a0<br \/>Volume 19L | Dimension\u00a0: 40x30x16 cm | Poids 500 gr<\/p>\n","protected":false},"excerpt":{"rendered":"<p>Lefrik c\u2019est la marque des sacs aventuriers et responsables. Scout est fabriqu\u00e9 en plastique recycl\u00e9, un mod\u00e8le pour la plan\u00e8te. Lefrik Scout, le sac \u00e0 dos toujours pr\u00eat \u00e0 partir Scout c\u2019est le sac \u00e0 dos \u00e9coresponsable qui vous accompagne au quotidien ou en voyage. Le Scout dispose d&#8217;un acc\u00e8s facile au large compartiment principal [&hellip;]<\/p>\n","protected":false},"featured_media":671856,"comment_status":"open","ping_status":"closed","template":"","meta":[],"product_brand":[],"product_cat":[1756,1764],"product_tag":[1810],"acf":[],"_links":{"self":[{"href":"https:\/\/streetmarkets.fr\/app\/wp-json\/wp\/v2\/product\/671855"}],"collection":[{"href":"https:\/\/streetmarkets.fr\/app\/wp-json\/wp\/v2\/product"}],"about":[{"href":"https:\/\/streetmarkets.fr\/app\/wp-json\/wp\/v2\/types\/product"}],"replies":[{"embeddable":true,"href":"https:\/\/streetmarkets.fr\/app\/wp-json\/wp\/v2\/comments?post=671855"}],"wp:featuredmedia":[{"embeddable":true,"href":"https:\/\/streetmarkets.fr\/app\/wp-json\/wp\/v2\/media\/671856"}],"wp:attachment":[{"href":"https:\/\/streetmarkets.fr\/app\/wp-json\/wp\/v2\/media?parent=671855"}],"wp:term":[{"taxonomy":"product_brand","embeddable":true,"href":"https:\/\/streetmarkets.fr\/app\/wp-json\/wp\/v2\/product_brand?post=671855"},{"taxonomy":"product_cat","embeddable":true,"href":"https:\/\/streetmarkets.fr\/app\/wp-json\/wp\/v2\/product_cat?post=671855"},{"taxonomy":"product_tag","embeddable":true,"href":"https:\/\/streetmarkets.fr\/app\/wp-json\/wp\/v2\/product_tag?post=671855"}],"curies":[{"name":"wp","href":"https:\/\/api.w.org\/{rel}","templated":true}]}}