{"id":671717,"date":"2024-10-13T18:46:32","date_gmt":"2024-10-13T16:46:32","guid":{"rendered":"https:\/\/streetmarkets.fr\/app\/produit\/sac-a-dos-new-rebels-mart-new-york\/"},"modified":"2024-10-14T01:45:55","modified_gmt":"2024-10-13T23:45:55","slug":"sac-a-dos-new-rebels-mart-new-york","status":"publish","type":"product","link":"https:\/\/streetmarkets.fr\/app\/produit\/sac-a-dos-new-rebels-mart-new-york\/","title":{"rendered":"Sac \u00e0 dos New Rebels Mart New-York"},"content":{"rendered":"<p>New Rebels arrive en France avec son sac \u00e0 dos Mart New-York, le nouveau best Sellers pour aller sous la pluie et \u00e0 l\u2019aventure<\/p>\n<h3>Devenez un New Rebels avec le sac Mart New-York<\/h3>\n<p>Le sac \u00e0 dos Mart New-York peut contenir jusqu&#8217;\u00e0 21 litres, et 15 Litres en position ferm\u00e9E. Il est hydrofuge et id\u00e9al pour les pour les ordinateurs portables de 15,6 pouces. Avec son look cool et tendance, ce sac \u00e0 dos con\u00e7u pour la pluie dispose \u00e9galement de beaucoup d&#8217;espace de rangement, que ce soit dans votre quotidien ou pour vos voyages. Un sac l\u00e9ger, qui s\u2019adapte \u00e0 votre dos, et qui poss\u00e8de aussi une bande r\u00e9fl\u00e9chissante sur l\u2019avant. New Rebels arrive dans votre vie et d\u00e9barque chez You &amp; Me Paris, pour soigner votre Life-Style.<\/p>\n<h3>Tout savoir sur le sac Mart New-York de New Rebels<\/h3>\n<h4>Id\u00e9al pour la pluie, ce sac Mart New-York<\/h4>\n<p>Les sacs \u00e0 dos Mart New York sont fabriqu\u00e9s en mat\u00e9riau PU\/polyur\u00e9thane perm\u00e9able, ce qui signifie que le sac \u00e0 dos est hydrofuge. New Rebels signe ici un sac \u00e0 dos id\u00e9al pour le quotidien ou les voyages, pour que vos affaires soient toujours en s\u00e9curit\u00e9 quand il pleut.<\/p>\n<h4>Un top sac pour le rangement So Mart<\/h4>\n<p>Ce sac \u00e0 dos dispose de beaucoup d&#8217;espace de rangement gr\u00e2ce au compartiment principal spacieux de 17 L, qui peut \u00eatre facilement agrandi de 43 cm \u00e0 53 cm et monter ainsi jusqu\u2019\u00e0 21 L en d\u00e9roulant la partie enroulable en haut du sac. Id\u00e9al pour aller \u00e0 l&#8217;\u00e9cole, au travail ou pour vos prochaines vacances, il poss\u00e8de plusieurs compartiments zipp\u00e9s \u00e0 l&#8217;int\u00e9rieur et \u00e0 l&#8217;ext\u00e9rieur.<\/p>\n<h4>Le sac \u00e0 dos que les portables adorent<\/h4>\n<p>Le compartiment principal du sac \u00e0 dos Mart New-York contient un compartiment rembourr\u00e9 pour ordinateur portable (35&#215;26 cm), correspondant \u00e0 un ordinateur portable de 15,6 pouces. Ce compartiment est verrouillable et tous vos accessoires peuvent \u00eatre facilement gliss\u00e9s dans les petites poches situ\u00e9es \u00e0 l&#8217;int\u00e9rieur et \u00e0 l&#8217;ext\u00e9rieur du sac \u00e0 dos, qui se ferment toutes par un zip.<\/p>\n<h4>New rebels, ou le sac \u00e0 dos ultra confortable<\/h4>\n<p>Avec New Rebels, chaque sac \u00e0 dos est pens\u00e9 pour \u00eatre tr\u00e8s confortable gr\u00e2ce \u00e0 sa surface et ses bretelles arri\u00e8re rembourr\u00e9es et r\u00e9glables. Un mat\u00e9riau rembourr\u00e9 con\u00e7u pour respirer, donc pas de dos mouill\u00e9 par temps chaud. Son poids ultra l\u00e9ger, rend ce sac facile et agr\u00e9able \u00e0 transporter, et toujours fonctionnel.<\/p>\n<h3>Zoom sur le sac \u00e0 dos Mart New-York de New Rebels<\/h3>\n<p>\u2022 Dimensions ext\u00e9rieures d\u00e9ploy\u00e9es : H 53 x L 30 x P 13 cm<br \/>\u2022 Dimensions ext\u00e9rieures enroul\u00e9 : H 43 x L 30 x P 13 cm<br \/>\u2022 Taille de l&#8217;ordinateur portable : 7,9 pouces &#8211; 15,6 pouces\u00a0\u00a0 <br \/>\u2022 Volume : 17 litres enroul\u00e9<br \/>\u2022 Volume : 21 litres d\u00e9ploy\u00e9<br \/>\u2022 Poids\u00a0: 750\u00a0grammes<br \/>\u2022 Mat\u00e9riau : 100 % polyur\u00e9thane (hydrofuge)<\/p>\n","protected":false},"excerpt":{"rendered":"<p>New Rebels arrive en France avec son sac \u00e0 dos Mart New-York, le nouveau best Sellers pour aller sous la pluie et \u00e0 l\u2019aventure Devenez un New Rebels avec le sac Mart New-York Le sac \u00e0 dos Mart New-York peut contenir jusqu&#8217;\u00e0 21 litres, et 15 Litres en position ferm\u00e9E. Il est hydrofuge et id\u00e9al [&hellip;]<\/p>\n","protected":false},"featured_media":671718,"comment_status":"open","ping_status":"closed","template":"","meta":[],"product_brand":[],"product_cat":[1756,1764],"product_tag":[],"acf":[],"_links":{"self":[{"href":"https:\/\/streetmarkets.fr\/app\/wp-json\/wp\/v2\/product\/671717"}],"collection":[{"href":"https:\/\/streetmarkets.fr\/app\/wp-json\/wp\/v2\/product"}],"about":[{"href":"https:\/\/streetmarkets.fr\/app\/wp-json\/wp\/v2\/types\/product"}],"replies":[{"embeddable":true,"href":"https:\/\/streetmarkets.fr\/app\/wp-json\/wp\/v2\/comments?post=671717"}],"wp:featuredmedia":[{"embeddable":true,"href":"https:\/\/streetmarkets.fr\/app\/wp-json\/wp\/v2\/media\/671718"}],"wp:attachment":[{"href":"https:\/\/streetmarkets.fr\/app\/wp-json\/wp\/v2\/media?parent=671717"}],"wp:term":[{"taxonomy":"product_brand","embeddable":true,"href":"https:\/\/streetmarkets.fr\/app\/wp-json\/wp\/v2\/product_brand?post=671717"},{"taxonomy":"product_cat","embeddable":true,"href":"https:\/\/streetmarkets.fr\/app\/wp-json\/wp\/v2\/product_cat?post=671717"},{"taxonomy":"product_tag","embeddable":true,"href":"https:\/\/streetmarkets.fr\/app\/wp-json\/wp\/v2\/product_tag?post=671717"}],"curies":[{"name":"wp","href":"https:\/\/api.w.org\/{rel}","templated":true}]}}