{"id":671641,"date":"2024-10-13T18:46:18","date_gmt":"2024-10-13T16:46:18","guid":{"rendered":"https:\/\/streetmarkets.fr\/app\/produit\/sac-a-dos-new-rebels-lincoln-fan-rains\/"},"modified":"2024-10-14T01:45:45","modified_gmt":"2024-10-13T23:45:45","slug":"sac-a-dos-new-rebels-lincoln-fan-rains","status":"publish","type":"product","link":"https:\/\/streetmarkets.fr\/app\/produit\/sac-a-dos-new-rebels-lincoln-fan-rains\/","title":{"rendered":"Sac \u00e0 dos New Rebels Lincoln Fan Rains"},"content":{"rendered":"<p>Avec Fan Lincoln, New Rebels pr\u00e9sente son sac \u00e0 dos compact et design pour milieu urbain, id\u00e9al pour tout transporter sous la pluie.<\/p>\n<h2>Optez pour le style New Rebels avec le sac Rains Lincoln<\/h2>\n<p>Fan Lincoln, c\u2019est le compagnon id\u00e9al pour les aventuriers et les personnes soucieuses de leur style. Ce sac \u00e0 dos imagin\u00e9 par New Rebels, d\u2019une capacit\u00e9 de 17 litres, allie fonctionnalit\u00e9 et design contemporain, le rendant \u00e0 la fois pratique et tendance. Enti\u00e8rement hydrofuge, le sac \u00e0 dos Fane Lincoln est id\u00e9al pour les parcours urbains ou sportifs sous la pluie. Que vous parcouriez la ville ou exploriez la nature, ce sac \u00e0 dos est con\u00e7u pour r\u00e9pondre \u00e0 tous vos besoins. Avec lui, New Rebels arrive dans votre vie et d\u00e9barque chez You &amp; Me Paris, pour soigner votre look.<\/p>\n<h3>Tout savoir sur le sac Fan Lincoln de New Rebels<\/h3>\n<h4>New Rebels, le compagnon id\u00e9al par temps de pluie<\/h4>\n<p>Les sacs \u00e0 dos Fan Lincoln sont fabriqu\u00e9s en mat\u00e9riau PU\/polyur\u00e9thane perm\u00e9able, ce qui signifie que le sac \u00e0 dos est enti\u00e8rement hydrofuge. New Rebels signe ici un sac \u00e0 dos urbain pour que vos affaires soient toujours en s\u00e9curit\u00e9 quand il pleut.<\/p>\n<h4>Fan Lincoln, le sac \u00e0 dos compact et pratique<\/h4>\n<p>Le sac \u00e0 dos Fan Lincoln dispose de beaucoup d&#8217;espace de rangement gr\u00e2ce \u00e0 son compartiment principal d\u2019une capacit\u00e9 spacieuse de 17 litres. Avec ses cinq compartiments pratiques, dont 3 poches avant, ce sac \u00e0 dos est compact, mais suffisamment spacieux pour ranger toutes vos affaires, notamment les portables jusqu&#8217;\u00e0 15 pouces.<\/p>\n<h4>Le sac \u00e0 dos que les portables adorent<\/h4>\n<p>Le compartiment principal du sac \u00e0 dos Mart New-York contient un compartiment rembourr\u00e9 pour ordinateur portable (35&#215;26 cm), correspondant \u00e0 un ordinateur portable de 15,6 pouces. Ce compartiment est verrouillable et tous vos accessoires peuvent \u00eatre facilement gliss\u00e9s dans les petites poches situ\u00e9es \u00e0 l&#8217;int\u00e9rieur et \u00e0 l&#8217;ext\u00e9rieur du sac \u00e0 dos, qui se ferment toutes par un zip.<\/p>\n<h4>Fan Lincoln, un sac \u00e0 dos urbain tr\u00e8s confortable<\/h4>\n<p>New Rebels pense \u00e0 ce que chaque sac \u00e0 dos soit confortable. Le Fan Lincoln r\u00e9ussit son pari gr\u00e2ce \u00e0 sa surface et ses bretelles arri\u00e8re rembourr\u00e9es et r\u00e9glables. Un mat\u00e9riau rembourr\u00e9 con\u00e7u pour respirer, donc pas de dos mouill\u00e9 par temps chaud. Son poids ultra l\u00e9ger, rend ce sac facile et agr\u00e9able \u00e0 transporter tant dans le cadre d\u2019une balade en plein nature qu\u2019en milieu urbain.<\/p>\n<h4>Zoom sur le sac \u00e0 dos Fan Lincoln de New Rebels<\/h4>\n<p>\u2022 Dimensions : H 40 x L 31 x P 14 cm<br \/>Taille de l&#8217;ordinateur portable : 7,9 pouces &#8211; 15,6 pouces\u00a0\u00a0 <br \/>\u2022 Volume : 17 litres enroul\u00e9<br \/>\u2022 Poids\u00a0: 600\u00a0grammes<br \/>\u2022 Mat\u00e9riau : 100 % polyur\u00e9thane (hydrofuge)<\/p>\n","protected":false},"excerpt":{"rendered":"<p>Avec Fan Lincoln, New Rebels pr\u00e9sente son sac \u00e0 dos compact et design pour milieu urbain, id\u00e9al pour tout transporter sous la pluie. Optez pour le style New Rebels avec le sac Rains Lincoln Fan Lincoln, c\u2019est le compagnon id\u00e9al pour les aventuriers et les personnes soucieuses de leur style. Ce sac \u00e0 dos imagin\u00e9 [&hellip;]<\/p>\n","protected":false},"featured_media":671642,"comment_status":"open","ping_status":"closed","template":"","meta":[],"product_brand":[],"product_cat":[1756,1764],"product_tag":[],"acf":[],"_links":{"self":[{"href":"https:\/\/streetmarkets.fr\/app\/wp-json\/wp\/v2\/product\/671641"}],"collection":[{"href":"https:\/\/streetmarkets.fr\/app\/wp-json\/wp\/v2\/product"}],"about":[{"href":"https:\/\/streetmarkets.fr\/app\/wp-json\/wp\/v2\/types\/product"}],"replies":[{"embeddable":true,"href":"https:\/\/streetmarkets.fr\/app\/wp-json\/wp\/v2\/comments?post=671641"}],"wp:featuredmedia":[{"embeddable":true,"href":"https:\/\/streetmarkets.fr\/app\/wp-json\/wp\/v2\/media\/671642"}],"wp:attachment":[{"href":"https:\/\/streetmarkets.fr\/app\/wp-json\/wp\/v2\/media?parent=671641"}],"wp:term":[{"taxonomy":"product_brand","embeddable":true,"href":"https:\/\/streetmarkets.fr\/app\/wp-json\/wp\/v2\/product_brand?post=671641"},{"taxonomy":"product_cat","embeddable":true,"href":"https:\/\/streetmarkets.fr\/app\/wp-json\/wp\/v2\/product_cat?post=671641"},{"taxonomy":"product_tag","embeddable":true,"href":"https:\/\/streetmarkets.fr\/app\/wp-json\/wp\/v2\/product_tag?post=671641"}],"curies":[{"name":"wp","href":"https:\/\/api.w.org\/{rel}","templated":true}]}}